{"id":1378,"date":"2020-02-19T10:53:24","date_gmt":"2020-02-19T09:53:24","guid":{"rendered":"https:\/\/wordpress.nibis.de\/rsgebhardshagen\/?page_id=1378"},"modified":"2024-09-06T10:55:32","modified_gmt":"2024-09-06T08:55:32","slug":"die-sekretaerin-stellt-sich-vor","status":"publish","type":"page","link":"https:\/\/wordpress.nibis.de\/rsgebhardshagen\/die-sekretaerin-stellt-sich-vor\/","title":{"rendered":"Die Sekret\u00e4rin stellt sich vor"},"content":{"rendered":"\n\n\n<div class=\"wp-block-image\"><figure class=\"alignleft is-resized\"><img loading=\"lazy\" decoding=\"async\" src=\"https:\/\/wordpress.nibis.de\/rsgebhardshagen\/files\/2020\/02\/Frau-Lauenstein.jpg\" alt=\"\" class=\"wp-image-1380\" width=\"133\" height=\"194\" srcset=\"https:\/\/wordpress.nibis.de\/rsgebhardshagen\/files\/2020\/02\/Frau-Lauenstein.jpg 529w, https:\/\/wordpress.nibis.de\/rsgebhardshagen\/files\/2020\/02\/Frau-Lauenstein-205x300.jpg 205w\" sizes=\"auto, (max-width: 133px) 100vw, 133px\" \/><figcaption>Frau Lauenstein<\/figcaption><\/figure><\/div>\n\n\n<p><span style=\"font-size: medium\">Mein Name ist <strong><span style=\"color: #ff0777\">Vanessa Lauenstein<\/span><\/strong>. <\/span><\/p>\n<p><span style=\"font-size: medium\">Mittlerweile arbeite ich schon mehrere Jahre an der Realschule Gebhardshagen. Als Kind wollte ich <strong><span style=\"color: #ff0777\">Grundschullehrerin<\/span><\/strong> oder <strong><span style=\"color: #ff0777\">Kinderkrankenschwester<\/span><\/strong> werden. Dies hat sich allerdings im Laufe der Jahre ge\u00e4ndert. Nachdem ich mein Fachabitur abgeschlossen habe, habe ich eine Ausbildung als Kauffrau in der Grundst\u00fccks- und Wohnungswirtschaft abgeschlossen. Nach der zweiten Elternzeit habe ich mich als Sekret\u00e4rin beworben. <\/span><\/p>\n<p><span style=\"font-size: medium\">Nach einigen Komplikationen hat es dann endlich funktioniert und ich konnte am 01.08.2017 anfangen, an der Realschule Gebhardshagen zu arbeiten. Ich mag meinen Beruf sehr gerne, mir macht dieser viel <strong><span style=\"color: #ff0777\">Spa\u00df<\/span><\/strong> und es gibt immer etwas <strong><span style=\"color: #ff0777\">Neues<\/span><\/strong>. Meine Aufgaben sind sehr vielf\u00e4ltig, unter anderem geh\u00f6rt dazu, Ansprechpartner f\u00fcr Eltern und Sch\u00fcler zu sein, Events wie z.B. den Tag der offenen T\u00fcr mit zu organisieren, Einladungen f\u00fcr Konferenzen anzufertigen, mich um Anmeldungen sowie Abmeldungen zu k\u00fcmmern und so ziemlich alles im Schrift- und Zahlenverkehr. Das sind aber bei weitem nicht alle Aufgaben, die einen als Sekret\u00e4r\/in erwarten.<\/span><\/p>\n<p><span style=\"font-size: medium\">Was ich an der Schule besonders mag ist, dass sie sehr \u00fcberschaubar ist und alle Kollegen <span style=\"color: #ff0777\"><strong>sehr<\/strong> <strong>nett<\/strong><\/span> sind. Jeder versteht sich so gut wie mit jedem und es macht Spa\u00df mit den anderen zu arbeiten, auch wenn man mit dem einen oder anderen nicht so viel zu tun hat. Au\u00dferdem finde ich es auch sehr gut, dass der Dienstweg mit den Kollegen kurz ist, sprich: Keine E-Mails, die hin und her geschrieben werden, sondern man nimmt sich die n\u00f6tige Zeit um es pers\u00f6nlich zu kl\u00e4ren. <\/span><\/p>\n<p><span style=\"font-size: medium\">F\u00fcr die <strong><span style=\"color: #ff0777\">Zukunft<\/span><\/strong> w\u00fcnsche ich mir, dass die Schule eine modernere Ausstattung bekommt und dass diese so bleibt, wie sie jetzt ist.<\/span><\/p>","protected":false},"excerpt":{"rendered":"<p>Mein Name ist Vanessa Lauenstein. Mittlerweile arbeite ich schon mehrere Jahre an der Realschule Gebhardshagen. Als Kind wollte ich Grundschullehrerin oder Kinderkrankenschwester werden. Dies hat sich allerdings im Laufe der Jahre ge\u00e4ndert. Nachdem ich mein Fachabitur abgeschlossen habe, habe ich eine Ausbildung als Kauffrau in der Grundst\u00fccks- und Wohnungswirtschaft abgeschlossen. Nach der zweiten Elternzeit habe [&hellip;]<\/p>\n","protected":false},"author":9193026,"featured_media":0,"parent":0,"menu_order":0,"comment_status":"closed","ping_status":"closed","template":"","meta":{"footnotes":""},"class_list":["post-1378","page","type-page","status-publish","hentry"],"_links":{"self":[{"href":"https:\/\/wordpress.nibis.de\/rsgebhardshagen\/wp-json\/wp\/v2\/pages\/1378","targetHints":{"allow":["GET"]}}],"collection":[{"href":"https:\/\/wordpress.nibis.de\/rsgebhardshagen\/wp-json\/wp\/v2\/pages"}],"about":[{"href":"https:\/\/wordpress.nibis.de\/rsgebhardshagen\/wp-json\/wp\/v2\/types\/page"}],"author":[{"embeddable":true,"href":"https:\/\/wordpress.nibis.de\/rsgebhardshagen\/wp-json\/wp\/v2\/users\/9193026"}],"replies":[{"embeddable":true,"href":"https:\/\/wordpress.nibis.de\/rsgebhardshagen\/wp-json\/wp\/v2\/comments?post=1378"}],"version-history":[{"count":5,"href":"https:\/\/wordpress.nibis.de\/rsgebhardshagen\/wp-json\/wp\/v2\/pages\/1378\/revisions"}],"predecessor-version":[{"id":2429,"href":"https:\/\/wordpress.nibis.de\/rsgebhardshagen\/wp-json\/wp\/v2\/pages\/1378\/revisions\/2429"}],"wp:attachment":[{"href":"https:\/\/wordpress.nibis.de\/rsgebhardshagen\/wp-json\/wp\/v2\/media?parent=1378"}],"curies":[{"name":"wp","href":"https:\/\/api.w.org\/{rel}","templated":true}]}}