{"id":1399,"date":"2020-02-20T12:16:09","date_gmt":"2020-02-20T11:16:09","guid":{"rendered":"https:\/\/wordpress.nibis.de\/rsgebhardshagen\/?page_id=1399"},"modified":"2020-09-14T22:05:40","modified_gmt":"2020-09-14T20:05:40","slug":"oeffnungszeiten-des-sekretariats","status":"publish","type":"page","link":"https:\/\/wordpress.nibis.de\/rsgebhardshagen\/oeffnungszeiten-des-sekretariats\/","title":{"rendered":"\u00d6ffnungszeiten des Sekretariats"},"content":{"rendered":"\n<div class=\"wp-block-image\"><figure class=\"alignright is-resized\"><img loading=\"lazy\" decoding=\"async\" src=\"https:\/\/wordpress.nibis.de\/rsgebhardshagen\/files\/2020\/09\/hotline-2523266__340.png\" alt=\"\" class=\"wp-image-1537\" width=\"176\" height=\"318\" \/><\/figure><\/div>\n\n\n<p>Das <span style=\"color: #007777\"><strong>\u21d2<a style=\"color: #007777\" href=\"https:\/\/wordpress.nibis.de\/rsgebhardshagen\/die-sekretaerin-stellt-sich-vor\/\">Sekretariat<\/a> <\/strong><\/span>ist von<\/p>\n<p><span style=\"color: #ff0777\"><strong>Montag &#8211; Donnerstag von 7.30 Uhr &#8211; 12.30 Uhr<\/strong><\/span><\/p>\n<p>f\u00fcr Sie ge\u00f6ffnet.<\/p>\n<p>Falls Sie ein wichtiges Anliegen haben, freuen wir uns \u00fcber eine Terminabsprache.<\/p>","protected":false},"excerpt":{"rendered":"<p>Das \u21d2Sekretariat ist von Montag &#8211; Donnerstag von 7.30 Uhr &#8211; 12.30 Uhr f\u00fcr Sie ge\u00f6ffnet. Falls Sie ein wichtiges Anliegen haben, freuen wir uns \u00fcber eine Terminabsprache.<\/p>\n","protected":false},"author":9193026,"featured_media":0,"parent":0,"menu_order":0,"comment_status":"closed","ping_status":"closed","template":"","meta":{"footnotes":""},"class_list":["post-1399","page","type-page","status-publish","hentry"],"_links":{"self":[{"href":"https:\/\/wordpress.nibis.de\/rsgebhardshagen\/wp-json\/wp\/v2\/pages\/1399","targetHints":{"allow":["GET"]}}],"collection":[{"href":"https:\/\/wordpress.nibis.de\/rsgebhardshagen\/wp-json\/wp\/v2\/pages"}],"about":[{"href":"https:\/\/wordpress.nibis.de\/rsgebhardshagen\/wp-json\/wp\/v2\/types\/page"}],"author":[{"embeddable":true,"href":"https:\/\/wordpress.nibis.de\/rsgebhardshagen\/wp-json\/wp\/v2\/users\/9193026"}],"replies":[{"embeddable":true,"href":"https:\/\/wordpress.nibis.de\/rsgebhardshagen\/wp-json\/wp\/v2\/comments?post=1399"}],"version-history":[{"count":11,"href":"https:\/\/wordpress.nibis.de\/rsgebhardshagen\/wp-json\/wp\/v2\/pages\/1399\/revisions"}],"predecessor-version":[{"id":1548,"href":"https:\/\/wordpress.nibis.de\/rsgebhardshagen\/wp-json\/wp\/v2\/pages\/1399\/revisions\/1548"}],"wp:attachment":[{"href":"https:\/\/wordpress.nibis.de\/rsgebhardshagen\/wp-json\/wp\/v2\/media?parent=1399"}],"curies":[{"name":"wp","href":"https:\/\/api.w.org\/{rel}","templated":true}]}}