{"id":141,"date":"2019-03-05T20:56:29","date_gmt":"2019-03-05T19:56:29","guid":{"rendered":"https:\/\/wordpress.nibis.de\/rsgebhardshagen\/?page_id=141"},"modified":"2019-03-05T20:56:30","modified_gmt":"2019-03-05T19:56:30","slug":"physik-experimentiertage-2014","status":"publish","type":"page","link":"https:\/\/wordpress.nibis.de\/rsgebhardshagen\/physik-experimentiertage-2014\/","title":{"rendered":"Physik-Experimentiertage 2014"},"content":{"rendered":"\n<p>Am Ende des Schuljahres findet f\u00fcr die Sch\u00fcler der 8. Klassen ein <span style=\"color: #007777\">\u201ePhysik-Experimentiertag\u201c<\/span> statt.<\/p>\n<p>Im Physikraum, auf dem Flur und auf dem Schulhof sind insgesamt ca. 20 verschiedene Stationen aufgebaut. Sie haben Namen wie \u201eDie schwere Zeitung\u201c, Die Streichholzschachtel und der Schl\u00fcsselbund\u201c, \u201eEin Flaschenzug mit Besenstielen\u201c, \u201eDas folgsame Klebeband\u201c, \u201eDie Magnetkanone\u201c, \u201eDas gehorsame Ei\u201c oder \u201eDie Backpulverrakete\u201c.<\/p>\n<p>Die Sch\u00fclerinnen und Sch\u00fcler haben einen ganzen Vormittag Zeit in Partnerarbeit die Versuchsanleitungen zu studieren und die Versuche in aller Ruhe auszuprobieren.<\/p>\n<p>Ein Quiz mit Fragen zu den Stationen unterst\u00fctzt didaktisch. Ausgelobt werden jeweils das erfolgreichste M\u00e4dchen und der erfolgreichste Junge des kompletten Jahrgangs. Herzlichen Gl\u00fcckwunsch unseren stolzen Gewinnern!<\/p>\n<p>\u00a0<\/p>\n","protected":false},"excerpt":{"rendered":"<p>Am Ende des Schuljahres findet f\u00fcr die Sch\u00fcler der 8. Klassen ein \u201ePhysik-Experimentiertag\u201c statt. Im Physikraum, auf dem Flur und auf dem Schulhof sind insgesamt ca. 20 verschiedene Stationen aufgebaut. Sie haben Namen wie \u201eDie schwere Zeitung\u201c, Die Streichholzschachtel und der Schl\u00fcsselbund\u201c, \u201eEin Flaschenzug mit Besenstielen\u201c, \u201eDas folgsame Klebeband\u201c, \u201eDie Magnetkanone\u201c, \u201eDas gehorsame Ei\u201c oder [&hellip;]<\/p>\n","protected":false},"author":9193020,"featured_media":0,"parent":0,"menu_order":0,"comment_status":"closed","ping_status":"closed","template":"","meta":{"footnotes":""},"class_list":["post-141","page","type-page","status-publish","hentry"],"_links":{"self":[{"href":"https:\/\/wordpress.nibis.de\/rsgebhardshagen\/wp-json\/wp\/v2\/pages\/141","targetHints":{"allow":["GET"]}}],"collection":[{"href":"https:\/\/wordpress.nibis.de\/rsgebhardshagen\/wp-json\/wp\/v2\/pages"}],"about":[{"href":"https:\/\/wordpress.nibis.de\/rsgebhardshagen\/wp-json\/wp\/v2\/types\/page"}],"author":[{"embeddable":true,"href":"https:\/\/wordpress.nibis.de\/rsgebhardshagen\/wp-json\/wp\/v2\/users\/9193020"}],"replies":[{"embeddable":true,"href":"https:\/\/wordpress.nibis.de\/rsgebhardshagen\/wp-json\/wp\/v2\/comments?post=141"}],"version-history":[{"count":1,"href":"https:\/\/wordpress.nibis.de\/rsgebhardshagen\/wp-json\/wp\/v2\/pages\/141\/revisions"}],"predecessor-version":[{"id":142,"href":"https:\/\/wordpress.nibis.de\/rsgebhardshagen\/wp-json\/wp\/v2\/pages\/141\/revisions\/142"}],"wp:attachment":[{"href":"https:\/\/wordpress.nibis.de\/rsgebhardshagen\/wp-json\/wp\/v2\/media?parent=141"}],"curies":[{"name":"wp","href":"https:\/\/api.w.org\/{rel}","templated":true}]}}