{"id":144,"date":"2019-03-05T21:03:41","date_gmt":"2019-03-05T20:03:41","guid":{"rendered":"https:\/\/wordpress.nibis.de\/rsgebhardshagen\/?page_id=144"},"modified":"2020-09-21T20:50:39","modified_gmt":"2020-09-21T18:50:39","slug":"drachenbootrennen-2015","status":"publish","type":"page","link":"https:\/\/wordpress.nibis.de\/rsgebhardshagen\/drachenbootrennen-2015\/","title":{"rendered":"Drachenbootrennen 2015"},"content":{"rendered":"\n<p class=\"has-text-align-left\">Die Klasse 8b hat als j\u00fcngste Mannschaft das erste Mal am Drachenbootrennen f\u00fcr Schulklassen am Salzgitter-See f\u00fcr teilgenommen.<\/p>\n\n\n\n<p>Zuerst gab es eine Einweisung in die Kunst des Drachenbootfahrens sowie einen Trainingslauf.<\/p>\n\n\n\n<p>Im Anschluss folgten mehrere Qualifikationsl\u00e4ufe.<\/p>\n\n\n\n<p>Am Ende holten die 8b zwar nicht den Sieg, aber Spa\u00df gemacht hat es dennoch allen Beteiligten.<\/p>\n\n\n\n\n\n<div class=\"wp-block-image\"><figure class=\"aligncenter size-large\"><img loading=\"lazy\" decoding=\"async\" width=\"745\" height=\"340\" src=\"https:\/\/wordpress.nibis.de\/rsgebhardshagen\/files\/2020\/09\/dragon-boat-2151568__340.jpg\" alt=\"\" class=\"wp-image-1744\" srcset=\"https:\/\/wordpress.nibis.de\/rsgebhardshagen\/files\/2020\/09\/dragon-boat-2151568__340.jpg 745w, https:\/\/wordpress.nibis.de\/rsgebhardshagen\/files\/2020\/09\/dragon-boat-2151568__340-300x137.jpg 300w\" sizes=\"auto, (max-width: 745px) 100vw, 745px\" \/><\/figure><\/div>\n","protected":false},"excerpt":{"rendered":"<p>Die Klasse 8b hat als j\u00fcngste Mannschaft das erste Mal am Drachenbootrennen f\u00fcr Schulklassen am Salzgitter-See f\u00fcr teilgenommen. Zuerst gab es eine Einweisung in die Kunst des Drachenbootfahrens sowie einen Trainingslauf. Im Anschluss folgten mehrere Qualifikationsl\u00e4ufe. Am Ende holten die 8b zwar nicht den Sieg, aber Spa\u00df gemacht hat es dennoch allen Beteiligten.<\/p>\n","protected":false},"author":9193020,"featured_media":0,"parent":0,"menu_order":0,"comment_status":"closed","ping_status":"closed","template":"","meta":{"footnotes":""},"class_list":["post-144","page","type-page","status-publish","hentry"],"_links":{"self":[{"href":"https:\/\/wordpress.nibis.de\/rsgebhardshagen\/wp-json\/wp\/v2\/pages\/144","targetHints":{"allow":["GET"]}}],"collection":[{"href":"https:\/\/wordpress.nibis.de\/rsgebhardshagen\/wp-json\/wp\/v2\/pages"}],"about":[{"href":"https:\/\/wordpress.nibis.de\/rsgebhardshagen\/wp-json\/wp\/v2\/types\/page"}],"author":[{"embeddable":true,"href":"https:\/\/wordpress.nibis.de\/rsgebhardshagen\/wp-json\/wp\/v2\/users\/9193020"}],"replies":[{"embeddable":true,"href":"https:\/\/wordpress.nibis.de\/rsgebhardshagen\/wp-json\/wp\/v2\/comments?post=144"}],"version-history":[{"count":3,"href":"https:\/\/wordpress.nibis.de\/rsgebhardshagen\/wp-json\/wp\/v2\/pages\/144\/revisions"}],"predecessor-version":[{"id":1745,"href":"https:\/\/wordpress.nibis.de\/rsgebhardshagen\/wp-json\/wp\/v2\/pages\/144\/revisions\/1745"}],"wp:attachment":[{"href":"https:\/\/wordpress.nibis.de\/rsgebhardshagen\/wp-json\/wp\/v2\/media?parent=144"}],"curies":[{"name":"wp","href":"https:\/\/api.w.org\/{rel}","templated":true}]}}