{"id":153,"date":"2019-03-05T21:10:31","date_gmt":"2019-03-05T20:10:31","guid":{"rendered":"https:\/\/wordpress.nibis.de\/rsgebhardshagen\/?page_id=153"},"modified":"2019-03-14T19:08:54","modified_gmt":"2019-03-14T18:08:54","slug":"bei-der-feuerwehr-der-salzgitter-ag","status":"publish","type":"page","link":"https:\/\/wordpress.nibis.de\/rsgebhardshagen\/bei-der-feuerwehr-der-salzgitter-ag\/","title":{"rendered":"Bei der Feuerwehr der Salzgitter-AG"},"content":{"rendered":"\n<p>Im September besuchte die 10b, auf Grund eines Praktikumsvortrages eines Sch\u00fclers, die Feuerwache der Werkfeuerwehr der <strong>Salzgitter AG<\/strong>.<\/p>\n<p>Nach der Ankunft am TOR 3 wurde die gesamte Klasse abgeholt und zur Wache begleitet.<\/p>\n<p>Zuerst wurden wir von einem Feuerwehrmann und einem Sanit\u00e4ter freundlich begr\u00fc\u00dft und erfuhren eine Menge \u00fcber das <strong>richtige Verhalten<\/strong> im Falle eines Brandes.<\/p>\n<p>Anschlie\u00dfend erkl\u00e4rte uns der <strong>Sch\u00fclerpraktikant<\/strong> den Alltag bei der Werkfeuerwehr.<\/p>\n<p>Danach wurde die Klasse in zwei Gruppen geteilt. Die eine H\u00e4lfte machte eine Wachf\u00fchrung und die andere eine Brandschutzunterweisung mit <strong>Feuerl\u00f6sch\u00fcbung<\/strong> und einer simulierten <strong>Fettexplosion<\/strong>.\u00a0<\/p>\n<p>Nun\u00a0wurden die Gruppen getauscht. Zum Abschluss konnte die Klasse noch Fragen stellen und dann wurden vor dem Hilfeleistungsl\u00f6schfahrzeug 1 (HLF 1) noch ein paar Klassenfotos geschossen.<\/p>\n<p>Leider war unsere spannende\u00a0Exkursion dann schon\u00a0zu Ende.<\/p>\n<p>Wir m\u00f6chten uns aber ganz herzlich bei der Salzgitter-AG, insbesondere den Mitarbeitern der Werkfeuerwehr, f\u00fcr diesen tollen Vormittag bedanken<\/p>\n\n\n\n<div class=\"wp-block-image\"><figure class=\"aligncenter is-resized\"><img loading=\"lazy\" decoding=\"async\" src=\"https:\/\/wordpress.nibis.de\/rsgebhardshagen\/files\/2019\/03\/IMG_3280-285x300.jpg\" alt=\"\" class=\"wp-image-616\" width=\"214\" height=\"225\" srcset=\"https:\/\/wordpress.nibis.de\/rsgebhardshagen\/files\/2019\/03\/IMG_3280-285x300.jpg 285w, https:\/\/wordpress.nibis.de\/rsgebhardshagen\/files\/2019\/03\/IMG_3280-768x808.jpg 768w, https:\/\/wordpress.nibis.de\/rsgebhardshagen\/files\/2019\/03\/IMG_3280.jpg 888w\" sizes=\"auto, (max-width: 214px) 100vw, 214px\" \/><\/figure><\/div>\n","protected":false},"excerpt":{"rendered":"<p>Im September besuchte die 10b, auf Grund eines Praktikumsvortrages eines Sch\u00fclers, die Feuerwache der Werkfeuerwehr der Salzgitter AG. Nach der Ankunft am TOR 3 wurde die gesamte Klasse abgeholt und zur Wache begleitet. Zuerst wurden wir von einem Feuerwehrmann und einem Sanit\u00e4ter freundlich begr\u00fc\u00dft und erfuhren eine Menge \u00fcber das richtige Verhalten im Falle eines [&hellip;]<\/p>\n","protected":false},"author":9193020,"featured_media":0,"parent":0,"menu_order":0,"comment_status":"closed","ping_status":"closed","template":"","meta":{"footnotes":""},"class_list":["post-153","page","type-page","status-publish","hentry"],"_links":{"self":[{"href":"https:\/\/wordpress.nibis.de\/rsgebhardshagen\/wp-json\/wp\/v2\/pages\/153","targetHints":{"allow":["GET"]}}],"collection":[{"href":"https:\/\/wordpress.nibis.de\/rsgebhardshagen\/wp-json\/wp\/v2\/pages"}],"about":[{"href":"https:\/\/wordpress.nibis.de\/rsgebhardshagen\/wp-json\/wp\/v2\/types\/page"}],"author":[{"embeddable":true,"href":"https:\/\/wordpress.nibis.de\/rsgebhardshagen\/wp-json\/wp\/v2\/users\/9193020"}],"replies":[{"embeddable":true,"href":"https:\/\/wordpress.nibis.de\/rsgebhardshagen\/wp-json\/wp\/v2\/comments?post=153"}],"version-history":[{"count":5,"href":"https:\/\/wordpress.nibis.de\/rsgebhardshagen\/wp-json\/wp\/v2\/pages\/153\/revisions"}],"predecessor-version":[{"id":618,"href":"https:\/\/wordpress.nibis.de\/rsgebhardshagen\/wp-json\/wp\/v2\/pages\/153\/revisions\/618"}],"wp:attachment":[{"href":"https:\/\/wordpress.nibis.de\/rsgebhardshagen\/wp-json\/wp\/v2\/media?parent=153"}],"curies":[{"name":"wp","href":"https:\/\/api.w.org\/{rel}","templated":true}]}}