{"id":157,"date":"2019-03-05T21:14:05","date_gmt":"2019-03-05T20:14:05","guid":{"rendered":"https:\/\/wordpress.nibis.de\/rsgebhardshagen\/?page_id=157"},"modified":"2019-03-06T20:11:33","modified_gmt":"2019-03-06T19:11:33","slug":"im-zoo-hannover-2014","status":"publish","type":"page","link":"https:\/\/wordpress.nibis.de\/rsgebhardshagen\/im-zoo-hannover-2014\/","title":{"rendered":"Im Zoo Hannover 2014"},"content":{"rendered":"\n<p>Es war einfach sch\u00f6n! Wir haben viele Tiere gesehen und hatten sehr viel Spa\u00df dabei!<\/p>\n<p>Bei der <span style=\"color: #ff7400\">Bootsfahrt<\/span> gab es viel zu sehen, z.B. Nash\u00f6rner, Esel, Flamingos und Nilpferde, wof\u00fcr wir in mehreren Gruppen aufgeteilt waren.<\/p>\n<p>Im <span style=\"color: #ff7400\">Tropenhaus<\/span> war es sehr warm, da die Papageien, Kolibris und andere tropische Tiere es sehr warm brauchen.<\/p>\n<p>Au\u00dferdem gab es verschiedene Vorstellungen, die wir besuchen konnten, wie z.B. die Robben- oder Schafshow. Die <span style=\"color: #ff7400\">F\u00fctterung<\/span> der Tiere war au\u00dferdem spannend zu beobachten.<\/p>\n<p>Zum Schluss waren wir noch auf dem riesigen <span style=\"color: #ff7400\">Spielplatz<\/span>, wo jeder nach Lust und Laune toben konnte und schlie\u00dflich ein toller Tag zu Ende ging.<\/p>\n<p>Sch\u00fcler, 5. Klasse<\/p>\n<p>\u00a0<\/p>\n\n\n\n<ul class=\"wp-block-gallery columns-3 is-cropped wp-block-gallery-1 is-layout-flex wp-block-gallery-is-layout-flex\"><li class=\"blocks-gallery-item\"><figure><img loading=\"lazy\" decoding=\"async\" width=\"1024\" height=\"768\" src=\"https:\/\/wordpress.nibis.de\/rsgebhardshagen\/files\/2019\/03\/IMG_2560-1024x768-1024x768.jpg\" alt=\"\" data-id=\"163\" data-link=\"https:\/\/wordpress.nibis.de\/rsgebhardshagen\/im-zoo-hannover-2014\/img_2560-1024x768\/\" class=\"wp-image-163\" srcset=\"https:\/\/wordpress.nibis.de\/rsgebhardshagen\/files\/2019\/03\/IMG_2560-1024x768.jpg 1024w, https:\/\/wordpress.nibis.de\/rsgebhardshagen\/files\/2019\/03\/IMG_2560-1024x768-300x225.jpg 300w, https:\/\/wordpress.nibis.de\/rsgebhardshagen\/files\/2019\/03\/IMG_2560-1024x768-768x576.jpg 768w\" sizes=\"auto, (max-width: 1024px) 100vw, 1024px\" \/><\/figure><\/li><li class=\"blocks-gallery-item\"><figure><img loading=\"lazy\" decoding=\"async\" width=\"768\" height=\"1024\" src=\"https:\/\/wordpress.nibis.de\/rsgebhardshagen\/files\/2019\/03\/IMG_2551-768x1024-768x1024.jpg\" alt=\"\" data-id=\"162\" data-link=\"https:\/\/wordpress.nibis.de\/rsgebhardshagen\/im-zoo-hannover-2014\/img_2551-768x1024\/\" class=\"wp-image-162\" srcset=\"https:\/\/wordpress.nibis.de\/rsgebhardshagen\/files\/2019\/03\/IMG_2551-768x1024.jpg 768w, https:\/\/wordpress.nibis.de\/rsgebhardshagen\/files\/2019\/03\/IMG_2551-768x1024-225x300.jpg 225w\" sizes=\"auto, (max-width: 768px) 100vw, 768px\" \/><\/figure><\/li><li class=\"blocks-gallery-item\"><figure><img loading=\"lazy\" decoding=\"async\" width=\"1024\" height=\"768\" src=\"https:\/\/wordpress.nibis.de\/rsgebhardshagen\/files\/2019\/03\/IMG_2555-1024x768-1024x768.jpg\" alt=\"\" data-id=\"161\" data-link=\"https:\/\/wordpress.nibis.de\/rsgebhardshagen\/im-zoo-hannover-2014\/img_2555-1024x768\/\" class=\"wp-image-161\" srcset=\"https:\/\/wordpress.nibis.de\/rsgebhardshagen\/files\/2019\/03\/IMG_2555-1024x768.jpg 1024w, https:\/\/wordpress.nibis.de\/rsgebhardshagen\/files\/2019\/03\/IMG_2555-1024x768-300x225.jpg 300w, https:\/\/wordpress.nibis.de\/rsgebhardshagen\/files\/2019\/03\/IMG_2555-1024x768-768x576.jpg 768w\" sizes=\"auto, (max-width: 1024px) 100vw, 1024px\" \/><\/figure><\/li><\/ul>\n\n\n","protected":false},"excerpt":{"rendered":"<p>Es war einfach sch\u00f6n! Wir haben viele Tiere gesehen und hatten sehr viel Spa\u00df dabei! Bei der Bootsfahrt gab es viel zu sehen, z.B. Nash\u00f6rner, Esel, Flamingos und Nilpferde, wof\u00fcr wir in mehreren Gruppen aufgeteilt waren. Im Tropenhaus war es sehr warm, da die Papageien, Kolibris und andere tropische Tiere es sehr warm brauchen. Au\u00dferdem [&hellip;]<\/p>\n","protected":false},"author":9193020,"featured_media":0,"parent":0,"menu_order":0,"comment_status":"closed","ping_status":"closed","template":"","meta":{"footnotes":""},"class_list":["post-157","page","type-page","status-publish","hentry"],"_links":{"self":[{"href":"https:\/\/wordpress.nibis.de\/rsgebhardshagen\/wp-json\/wp\/v2\/pages\/157","targetHints":{"allow":["GET"]}}],"collection":[{"href":"https:\/\/wordpress.nibis.de\/rsgebhardshagen\/wp-json\/wp\/v2\/pages"}],"about":[{"href":"https:\/\/wordpress.nibis.de\/rsgebhardshagen\/wp-json\/wp\/v2\/types\/page"}],"author":[{"embeddable":true,"href":"https:\/\/wordpress.nibis.de\/rsgebhardshagen\/wp-json\/wp\/v2\/users\/9193020"}],"replies":[{"embeddable":true,"href":"https:\/\/wordpress.nibis.de\/rsgebhardshagen\/wp-json\/wp\/v2\/comments?post=157"}],"version-history":[{"count":11,"href":"https:\/\/wordpress.nibis.de\/rsgebhardshagen\/wp-json\/wp\/v2\/pages\/157\/revisions"}],"predecessor-version":[{"id":247,"href":"https:\/\/wordpress.nibis.de\/rsgebhardshagen\/wp-json\/wp\/v2\/pages\/157\/revisions\/247"}],"wp:attachment":[{"href":"https:\/\/wordpress.nibis.de\/rsgebhardshagen\/wp-json\/wp\/v2\/media?parent=157"}],"curies":[{"name":"wp","href":"https:\/\/api.w.org\/{rel}","templated":true}]}}