{"id":1694,"date":"2020-09-15T20:30:17","date_gmt":"2020-09-15T18:30:17","guid":{"rendered":"https:\/\/wordpress.nibis.de\/rsgebhardshagen\/?page_id=1694"},"modified":"2020-09-15T20:33:39","modified_gmt":"2020-09-15T18:33:39","slug":"wir-machen-musik","status":"publish","type":"page","link":"https:\/\/wordpress.nibis.de\/rsgebhardshagen\/wir-machen-musik\/","title":{"rendered":"Musik"},"content":{"rendered":"\n<p>An unserer Schule hat die <strong><span style=\"color: #ff0777\">musisch-kulturelle Bildung<\/span><\/strong> und Entwicklung der Kinder und Jugendlichen durch den planm\u00e4\u00dfigen <span style=\"color: #ff0777\"><strong>Musikunterricht<\/strong><\/span> im Klassenverband sowie in Wahlpflichtkursen einen hohen Stellenwert. Zus\u00e4tzlich bietet die Schule Sch\u00fclerinnen und Sch\u00fclern die M\u00f6glichkeit, sich in Schulbands (Nachmittags-Arbeitsgemeinschaften) auszuprobieren. Die\u00a0<span style=\"color: #007777\">\u21d2 <strong><a style=\"color: #007777\" href=\"https:\/\/wordpress.nibis.de\/rsgebhardshagen\/schulbands\/\">Bands<\/a><\/strong> <\/span>treten auch bei Schulfeiern o. \u00c4. auf. Wenn m\u00f6glich, wird auch eine j\u00e4hrliche <strong><span style=\"color: #ff0777\">Musikfahrt<\/span><\/strong> organisiert, auf der die Sch\u00fclerinnen und Sch\u00fcler ihre <strong><span style=\"color: #ff0777\">F\u00e4hig- und Fertigkeiten<\/span><\/strong> anwenden und ausbauen k\u00f6nnen.<\/p>\n\n\n\n<div class=\"wp-block-media-text alignwide is-stacked-on-mobile\"><figure class=\"wp-block-media-text__media\"><img loading=\"lazy\" decoding=\"async\" width=\"1024\" height=\"768\" src=\"https:\/\/wordpress.nibis.de\/rsgebhardshagen\/files\/2019\/11\/7FFA573A-6E3E-485D-A499-9A1D85D875D5-1024x768.jpeg\" alt=\"\" class=\"wp-image-1191\" srcset=\"https:\/\/wordpress.nibis.de\/rsgebhardshagen\/files\/2019\/11\/7FFA573A-6E3E-485D-A499-9A1D85D875D5.jpeg 1024w, https:\/\/wordpress.nibis.de\/rsgebhardshagen\/files\/2019\/11\/7FFA573A-6E3E-485D-A499-9A1D85D875D5-300x225.jpeg 300w, https:\/\/wordpress.nibis.de\/rsgebhardshagen\/files\/2019\/11\/7FFA573A-6E3E-485D-A499-9A1D85D875D5-768x576.jpeg 768w\" sizes=\"auto, (max-width: 1024px) 100vw, 1024px\" \/><\/figure><div class=\"wp-block-media-text__content\">\n<p>Das ist unser <span style=\"color: #ff0777\"><strong>Musik-Praxisraum<\/strong><\/span>. Dieser wird meistens von den Schulbands genutzt und dient zum Ein\u00fcben verschiedener <strong><span style=\"color: #ff0777\">Songs<\/span><\/strong> f\u00fcr unsere <strong><span style=\"color: #ff0777\">Schulveranstaltungen<\/span><\/strong>, <strong><span style=\"color: #ff0777\">Weihnachtsm\u00e4rkte<\/span><\/strong>, &#8230; \u00a0<\/p>\n<\/div><\/div>\n\n\n\n<div class=\"wp-block-media-text alignwide has-media-on-the-right is-stacked-on-mobile\"><figure class=\"wp-block-media-text__media\"><img loading=\"lazy\" decoding=\"async\" width=\"1024\" height=\"768\" src=\"https:\/\/wordpress.nibis.de\/rsgebhardshagen\/files\/2019\/11\/Musik-Theorieraum-1024x768.jpg\" alt=\"\" class=\"wp-image-1190\" srcset=\"https:\/\/wordpress.nibis.de\/rsgebhardshagen\/files\/2019\/11\/Musik-Theorieraum.jpg 1024w, https:\/\/wordpress.nibis.de\/rsgebhardshagen\/files\/2019\/11\/Musik-Theorieraum-300x225.jpg 300w, https:\/\/wordpress.nibis.de\/rsgebhardshagen\/files\/2019\/11\/Musik-Theorieraum-768x576.jpg 768w\" sizes=\"auto, (max-width: 1024px) 100vw, 1024px\" \/><\/figure><div class=\"wp-block-media-text__content\">\n<p>Dies ist unser <span style=\"color: #ff0777\"><strong>Musik- Theorieraum<\/strong><\/span>. Er wird von den Jahrg\u00e4ngen 5-10 f\u00fcr den theoretischen Musikunterricht genutzt. Ausgestattet mit verstellbaren Tischen und St\u00fchlen f\u00fcr den bequemen Unterricht f\u00fcr alle Jahrg\u00e4nge, bietet er alle Vorraussetzungen f\u00fcr einen <span style=\"color: #ff0777\"><strong>spannenden<\/strong><\/span> und <strong><span style=\"color: #ff0777\">entspannten<\/span> <span style=\"color: #007777\">\u21d2 <\/span><a href=\"https:\/\/wordpress.nibis.de\/rsgebhardshagen\/fachbereich-musik\/\"><span style=\"color: #007777\">Musikunterricht<\/span>.<\/a><\/strong><\/p>\n<\/div><\/div>\n","protected":false},"excerpt":{"rendered":"<p>An unserer Schule hat die musisch-kulturelle Bildung und Entwicklung der Kinder und Jugendlichen durch den planm\u00e4\u00dfigen Musikunterricht im Klassenverband sowie in Wahlpflichtkursen einen hohen Stellenwert. Zus\u00e4tzlich bietet die Schule Sch\u00fclerinnen und Sch\u00fclern die M\u00f6glichkeit, sich in Schulbands (Nachmittags-Arbeitsgemeinschaften) auszuprobieren. Die\u00a0\u21d2 Bands treten auch bei Schulfeiern o. \u00c4. auf. Wenn m\u00f6glich, wird auch eine j\u00e4hrliche Musikfahrt [&hellip;]<\/p>\n","protected":false},"author":9193020,"featured_media":0,"parent":0,"menu_order":0,"comment_status":"closed","ping_status":"closed","template":"","meta":{"footnotes":""},"class_list":["post-1694","page","type-page","status-publish","hentry"],"_links":{"self":[{"href":"https:\/\/wordpress.nibis.de\/rsgebhardshagen\/wp-json\/wp\/v2\/pages\/1694","targetHints":{"allow":["GET"]}}],"collection":[{"href":"https:\/\/wordpress.nibis.de\/rsgebhardshagen\/wp-json\/wp\/v2\/pages"}],"about":[{"href":"https:\/\/wordpress.nibis.de\/rsgebhardshagen\/wp-json\/wp\/v2\/types\/page"}],"author":[{"embeddable":true,"href":"https:\/\/wordpress.nibis.de\/rsgebhardshagen\/wp-json\/wp\/v2\/users\/9193020"}],"replies":[{"embeddable":true,"href":"https:\/\/wordpress.nibis.de\/rsgebhardshagen\/wp-json\/wp\/v2\/comments?post=1694"}],"version-history":[{"count":4,"href":"https:\/\/wordpress.nibis.de\/rsgebhardshagen\/wp-json\/wp\/v2\/pages\/1694\/revisions"}],"predecessor-version":[{"id":1702,"href":"https:\/\/wordpress.nibis.de\/rsgebhardshagen\/wp-json\/wp\/v2\/pages\/1694\/revisions\/1702"}],"wp:attachment":[{"href":"https:\/\/wordpress.nibis.de\/rsgebhardshagen\/wp-json\/wp\/v2\/media?parent=1694"}],"curies":[{"name":"wp","href":"https:\/\/api.w.org\/{rel}","templated":true}]}}