{"id":17,"date":"2019-03-03T20:00:03","date_gmt":"2019-03-03T19:00:03","guid":{"rendered":"https:\/\/wordpress.nibis.de\/rsgebhardshagen\/?page_id=17"},"modified":"2020-09-16T11:01:04","modified_gmt":"2020-09-16T09:01:04","slug":"das-verzeichnis-von-verarbeitungstaetigkeiten","status":"publish","type":"page","link":"https:\/\/wordpress.nibis.de\/rsgebhardshagen\/das-verzeichnis-von-verarbeitungstaetigkeiten\/","title":{"rendered":"Datenschutz an der RSG"},"content":{"rendered":"\n<div class=\"wp-block-image\"><figure class=\"aligncenter size-large\"><img loading=\"lazy\" decoding=\"async\" width=\"510\" height=\"340\" src=\"https:\/\/wordpress.nibis.de\/rsgebhardshagen\/files\/2020\/09\/private-1647769__340.jpg\" alt=\"\" class=\"wp-image-1711\" srcset=\"https:\/\/wordpress.nibis.de\/rsgebhardshagen\/files\/2020\/09\/private-1647769__340.jpg 510w, https:\/\/wordpress.nibis.de\/rsgebhardshagen\/files\/2020\/09\/private-1647769__340-300x200.jpg 300w\" sizes=\"auto, (max-width: 510px) 100vw, 510px\" \/><\/figure><\/div>\n\n\n<p><span style=\"color: #ff7400\"><strong>Sehr geehrte Eltern, liebe Sch\u00fclerinnen und Sch\u00fcler,<\/strong><\/span><\/p>\n<p>das Thema Datenschutz betrifft auch uns als Schule und wir nehmen das Thema sehr ernst.<\/p>\n<p>Wir sind selbstverst\u00e4ndlich verpflichtet, alle personenbezogenen Daten, die wir analog und\/ oder digital verarbeiten, entsprechend zu sch\u00fctzen.<\/p>\n<p>Alle personenbezogenen Daten, die wir nicht zwingend zur Aus\u00fcbung unserer Arbeit ben\u00f6tigen, erfordern im <span style=\"color: #ff0777\"><strong>Vorfeld<\/strong><\/span> Ihr <span style=\"color: #ff0777\"><strong>schriftliches Einverst\u00e4ndnis<\/strong><\/span> und auch das Einverst\u00e4ndnis Ihres Kindes und werden entsprechend von uns erfragt. Sie k\u00f6nne jederzeit Ihr Einverst\u00e4ndnis schriftlich widerrufen und auch die L\u00f6schung der personenbezogenen Daten verlangen.<\/p>\n<p>Ihr Einverst\u00e4ndnis gilt immer bis auf schriftlichen Wiederruf.<\/p>\n<p>Gem\u00e4\u00df der g\u00fcltigen Datenschutzgrundverordnung haben Sie hier die M\u00f6glichkeit, sich \u00fcber die von uns verwendeten personenbezogenen Daten zu informieren.<\/p>\n<p><strong><a href=\"https:\/\/wordpress.nibis.de\/rsgebhardshagen\/files\/2019\/03\/Informationspflicht-DSGVO.pdf\">\u21d2 Informationspflicht DSGVO <\/a><\/strong><\/p>\n<p>Bei Fragen oder Anregungen rund um das Thema Datenschutz an der &nbsp; &nbsp; Realschule Gebhardshagen wenden Sie sich bitten an unsere Datenschutzbeauftragte <strong><span style=\"color: #ff0777\">Frau Bollmeier<\/span><\/strong>.<\/p>\n<p><strong><span style=\"color: #ff7400\">&#100;&#x61;&#116;&#x65;&#110;&#x73;&#99;&#x68;&#117;&#x74;&#122;&#x62;a&#x75;f&#x74;r&#x61;g&#x74;e&#x40;r&#115;&#x67;&#45;&#x73;&#122;&#x2e;&#100;&#x65;<\/span><\/strong><\/p>\n\n","protected":false},"excerpt":{"rendered":"<p>Sehr geehrte Eltern, liebe Sch\u00fclerinnen und Sch\u00fcler, das Thema Datenschutz betrifft auch uns als Schule und wir nehmen das Thema sehr ernst. Wir sind selbstverst\u00e4ndlich verpflichtet, alle personenbezogenen Daten, die wir analog und\/ oder digital verarbeiten, entsprechend zu sch\u00fctzen. Alle personenbezogenen Daten, die wir nicht zwingend zur Aus\u00fcbung unserer Arbeit ben\u00f6tigen, erfordern im Vorfeld Ihr [&hellip;]<\/p>\n","protected":false},"author":9193020,"featured_media":0,"parent":0,"menu_order":0,"comment_status":"closed","ping_status":"closed","template":"page-templates\/child-menu.php","meta":{"footnotes":""},"class_list":["post-17","page","type-page","status-publish","hentry"],"_links":{"self":[{"href":"https:\/\/wordpress.nibis.de\/rsgebhardshagen\/wp-json\/wp\/v2\/pages\/17","targetHints":{"allow":["GET"]}}],"collection":[{"href":"https:\/\/wordpress.nibis.de\/rsgebhardshagen\/wp-json\/wp\/v2\/pages"}],"about":[{"href":"https:\/\/wordpress.nibis.de\/rsgebhardshagen\/wp-json\/wp\/v2\/types\/page"}],"author":[{"embeddable":true,"href":"https:\/\/wordpress.nibis.de\/rsgebhardshagen\/wp-json\/wp\/v2\/users\/9193020"}],"replies":[{"embeddable":true,"href":"https:\/\/wordpress.nibis.de\/rsgebhardshagen\/wp-json\/wp\/v2\/comments?post=17"}],"version-history":[{"count":12,"href":"https:\/\/wordpress.nibis.de\/rsgebhardshagen\/wp-json\/wp\/v2\/pages\/17\/revisions"}],"predecessor-version":[{"id":1712,"href":"https:\/\/wordpress.nibis.de\/rsgebhardshagen\/wp-json\/wp\/v2\/pages\/17\/revisions\/1712"}],"wp:attachment":[{"href":"https:\/\/wordpress.nibis.de\/rsgebhardshagen\/wp-json\/wp\/v2\/media?parent=17"}],"curies":[{"name":"wp","href":"https:\/\/api.w.org\/{rel}","templated":true}]}}