{"id":180,"date":"2019-03-05T21:38:22","date_gmt":"2019-03-05T20:38:22","guid":{"rendered":"https:\/\/wordpress.nibis.de\/rsgebhardshagen\/?page_id=180"},"modified":"2023-03-16T11:24:33","modified_gmt":"2023-03-16T10:24:33","slug":"nutzungsvertrag-i-serv","status":"publish","type":"page","link":"https:\/\/wordpress.nibis.de\/rsgebhardshagen\/nutzungsvertrag-i-serv\/","title":{"rendered":"Nutzungsvertrag I-Serv Sch\u00fcler"},"content":{"rendered":"<p>Den Nutzungsvertrag<span style=\"color: #ff0777\"><strong> I-Serv f\u00fcr Sch\u00fcler<\/strong> <\/span>k\u00f6nnt ihr Euch <span style=\"color: #007777\"><strong>\u21d2<a style=\"color: #007777\" href=\"https:\/\/wordpress.nibis.de\/rsgebhardshagen\/files\/2021\/05\/I-Serv-Sch\u00fcler.pdf\">hier<\/a><\/strong><\/span> herunterladen.<\/p>\n<p>\u00a0<\/p>\n\n","protected":false},"excerpt":{"rendered":"<p>Den Nutzungsvertrag I-Serv f\u00fcr Sch\u00fcler k\u00f6nnt ihr Euch \u21d2hier herunterladen. \u00a0<\/p>\n","protected":false},"author":9193020,"featured_media":0,"parent":0,"menu_order":0,"comment_status":"closed","ping_status":"closed","template":"","meta":{"footnotes":""},"class_list":["post-180","page","type-page","status-publish","hentry"],"_links":{"self":[{"href":"https:\/\/wordpress.nibis.de\/rsgebhardshagen\/wp-json\/wp\/v2\/pages\/180","targetHints":{"allow":["GET"]}}],"collection":[{"href":"https:\/\/wordpress.nibis.de\/rsgebhardshagen\/wp-json\/wp\/v2\/pages"}],"about":[{"href":"https:\/\/wordpress.nibis.de\/rsgebhardshagen\/wp-json\/wp\/v2\/types\/page"}],"author":[{"embeddable":true,"href":"https:\/\/wordpress.nibis.de\/rsgebhardshagen\/wp-json\/wp\/v2\/users\/9193020"}],"replies":[{"embeddable":true,"href":"https:\/\/wordpress.nibis.de\/rsgebhardshagen\/wp-json\/wp\/v2\/comments?post=180"}],"version-history":[{"count":10,"href":"https:\/\/wordpress.nibis.de\/rsgebhardshagen\/wp-json\/wp\/v2\/pages\/180\/revisions"}],"predecessor-version":[{"id":2284,"href":"https:\/\/wordpress.nibis.de\/rsgebhardshagen\/wp-json\/wp\/v2\/pages\/180\/revisions\/2284"}],"wp:attachment":[{"href":"https:\/\/wordpress.nibis.de\/rsgebhardshagen\/wp-json\/wp\/v2\/media?parent=180"}],"curies":[{"name":"wp","href":"https:\/\/api.w.org\/{rel}","templated":true}]}}