{"id":1816,"date":"2021-02-08T18:13:50","date_gmt":"2021-02-08T17:13:50","guid":{"rendered":"https:\/\/wordpress.nibis.de\/rsgebhardshagen\/?page_id=1816"},"modified":"2021-02-28T16:47:06","modified_gmt":"2021-02-28T15:47:06","slug":"das-ist-unsere-rsg-2","status":"publish","type":"page","link":"https:\/\/wordpress.nibis.de\/rsgebhardshagen\/das-ist-unsere-rsg-2\/","title":{"rendered":"Das ist unsere RSG"},"content":{"rendered":"<p><span style=\"color: #ff7400\"><strong>Liebe interessierte Eltern und Erziehungsberechtigte,<\/strong><\/span><\/p>\n<p>wir sind sehr stolz, Ihnen unsere RSG vorzustellen und hoffen, Sie und Ihre Kinder bald bei uns begr\u00fc\u00dfen zu d\u00fcrfen.<\/p>\n<p>Viel Spa\u00df beim Ansehen der<strong><span style=\"color: #007777\">\u21d2\u00a0<a style=\"color: #007777\" href=\"https:\/\/wordpress.nibis.de\/rsgebhardshagen\/files\/2021\/02\/Realschule-Gebhardshagen-Kennenlernen-Homepage-28.02.2021-1.pdf\">Powerpoint-Pr\u00e4sentation<\/a><\/span><\/strong> unserer <span style=\"color: #007777\"><strong>\u21d2 <a style=\"color: #007777\" href=\"https:\/\/wordpress.nibis.de\/rsgebhardshagen\/herzlich-willkommen\/\">Konrektorin Frau Priebe<\/a><span style=\"color: #333333\">.<\/span><\/strong><\/span><\/p>\n\n\n\n\n<div class=\"wp-block-image\"><figure class=\"aligncenter size-large\"><img loading=\"lazy\" decoding=\"async\" width=\"516\" height=\"340\" src=\"https:\/\/wordpress.nibis.de\/rsgebhardshagen\/files\/2021\/02\/board-752051__340.jpg\" alt=\"\" class=\"wp-image-1818\" srcset=\"https:\/\/wordpress.nibis.de\/rsgebhardshagen\/files\/2021\/02\/board-752051__340.jpg 516w, https:\/\/wordpress.nibis.de\/rsgebhardshagen\/files\/2021\/02\/board-752051__340-300x198.jpg 300w\" sizes=\"auto, (max-width: 516px) 100vw, 516px\" \/><\/figure><\/div>\n","protected":false},"excerpt":{"rendered":"<p>Liebe interessierte Eltern und Erziehungsberechtigte, wir sind sehr stolz, Ihnen unsere RSG vorzustellen und hoffen, Sie und Ihre Kinder bald bei uns begr\u00fc\u00dfen zu d\u00fcrfen. Viel Spa\u00df beim Ansehen der\u21d2\u00a0Powerpoint-Pr\u00e4sentation unserer \u21d2 Konrektorin Frau Priebe.<\/p>\n","protected":false},"author":9193020,"featured_media":1818,"parent":0,"menu_order":0,"comment_status":"closed","ping_status":"closed","template":"","meta":{"footnotes":""},"class_list":["post-1816","page","type-page","status-publish","has-post-thumbnail","hentry"],"_links":{"self":[{"href":"https:\/\/wordpress.nibis.de\/rsgebhardshagen\/wp-json\/wp\/v2\/pages\/1816","targetHints":{"allow":["GET"]}}],"collection":[{"href":"https:\/\/wordpress.nibis.de\/rsgebhardshagen\/wp-json\/wp\/v2\/pages"}],"about":[{"href":"https:\/\/wordpress.nibis.de\/rsgebhardshagen\/wp-json\/wp\/v2\/types\/page"}],"author":[{"embeddable":true,"href":"https:\/\/wordpress.nibis.de\/rsgebhardshagen\/wp-json\/wp\/v2\/users\/9193020"}],"replies":[{"embeddable":true,"href":"https:\/\/wordpress.nibis.de\/rsgebhardshagen\/wp-json\/wp\/v2\/comments?post=1816"}],"version-history":[{"count":5,"href":"https:\/\/wordpress.nibis.de\/rsgebhardshagen\/wp-json\/wp\/v2\/pages\/1816\/revisions"}],"predecessor-version":[{"id":1865,"href":"https:\/\/wordpress.nibis.de\/rsgebhardshagen\/wp-json\/wp\/v2\/pages\/1816\/revisions\/1865"}],"wp:featuredmedia":[{"embeddable":true,"href":"https:\/\/wordpress.nibis.de\/rsgebhardshagen\/wp-json\/wp\/v2\/media\/1818"}],"wp:attachment":[{"href":"https:\/\/wordpress.nibis.de\/rsgebhardshagen\/wp-json\/wp\/v2\/media?parent=1816"}],"curies":[{"name":"wp","href":"https:\/\/api.w.org\/{rel}","templated":true}]}}