{"id":1973,"date":"2021-07-08T10:16:06","date_gmt":"2021-07-08T08:16:06","guid":{"rendered":"https:\/\/wordpress.nibis.de\/rsgebhardshagen\/?page_id=1973"},"modified":"2021-07-08T11:07:58","modified_gmt":"2021-07-08T09:07:58","slug":"unser-schuljahr-2020-2021","status":"publish","type":"page","link":"https:\/\/wordpress.nibis.de\/rsgebhardshagen\/unser-schuljahr-2020-2021\/","title":{"rendered":"Unser Schuljahr 2020\/2021"},"content":{"rendered":"\n<div class=\"wp-block-image\"><figure class=\"aligncenter size-large\"><img loading=\"lazy\" decoding=\"async\" width=\"510\" height=\"340\" src=\"https:\/\/wordpress.nibis.de\/rsgebhardshagen\/files\/2021\/07\/covid-19-4939288__340.jpg\" alt=\"\" class=\"wp-image-1974\" srcset=\"https:\/\/wordpress.nibis.de\/rsgebhardshagen\/files\/2021\/07\/covid-19-4939288__340.jpg 510w, https:\/\/wordpress.nibis.de\/rsgebhardshagen\/files\/2021\/07\/covid-19-4939288__340-300x200.jpg 300w\" sizes=\"auto, (max-width: 510px) 100vw, 510px\" \/><\/figure><\/div>\n\n\n<p style=\"text-align: center\"><strong><span style=\"color: #ff7400\">Tja, was sollen wir sagen?<\/span><\/strong><\/p>\n<p>Dieses Schuljahr war durch die <span style=\"color: #ff0777\">Corona-Pandemie<\/span> sehr gepr\u00e4gt und viele Projekte, die wir geplant und vorbereitet hatten, konnten nicht durchgef\u00fchrt werden. Deshalb k\u00f6nnen wir unsere Schule dieses Jahr nicht so pr\u00e4sentieren, wie wir es uns gew\u00fcnscht h\u00e4tten. Aber wir sehen positiv in die Zukunft und versuchen so schnell wie m\u00f6glich viele <span style=\"color: #ff0777\">Aktivit\u00e4ten nachzuholen<\/span>.<\/p>\n\n","protected":false},"excerpt":{"rendered":"<p>Tja, was sollen wir sagen? Dieses Schuljahr war durch die Corona-Pandemie sehr gepr\u00e4gt und viele Projekte, die wir geplant und vorbereitet hatten, konnten nicht durchgef\u00fchrt werden. Deshalb k\u00f6nnen wir unsere Schule dieses Jahr nicht so pr\u00e4sentieren, wie wir es uns gew\u00fcnscht h\u00e4tten. Aber wir sehen positiv in die Zukunft und versuchen so schnell wie m\u00f6glich [&hellip;]<\/p>\n","protected":false},"author":9193020,"featured_media":1977,"parent":0,"menu_order":0,"comment_status":"closed","ping_status":"closed","template":"","meta":{"footnotes":""},"class_list":["post-1973","page","type-page","status-publish","has-post-thumbnail","hentry"],"_links":{"self":[{"href":"https:\/\/wordpress.nibis.de\/rsgebhardshagen\/wp-json\/wp\/v2\/pages\/1973","targetHints":{"allow":["GET"]}}],"collection":[{"href":"https:\/\/wordpress.nibis.de\/rsgebhardshagen\/wp-json\/wp\/v2\/pages"}],"about":[{"href":"https:\/\/wordpress.nibis.de\/rsgebhardshagen\/wp-json\/wp\/v2\/types\/page"}],"author":[{"embeddable":true,"href":"https:\/\/wordpress.nibis.de\/rsgebhardshagen\/wp-json\/wp\/v2\/users\/9193020"}],"replies":[{"embeddable":true,"href":"https:\/\/wordpress.nibis.de\/rsgebhardshagen\/wp-json\/wp\/v2\/comments?post=1973"}],"version-history":[{"count":2,"href":"https:\/\/wordpress.nibis.de\/rsgebhardshagen\/wp-json\/wp\/v2\/pages\/1973\/revisions"}],"predecessor-version":[{"id":1976,"href":"https:\/\/wordpress.nibis.de\/rsgebhardshagen\/wp-json\/wp\/v2\/pages\/1973\/revisions\/1976"}],"wp:featuredmedia":[{"embeddable":true,"href":"https:\/\/wordpress.nibis.de\/rsgebhardshagen\/wp-json\/wp\/v2\/media\/1977"}],"wp:attachment":[{"href":"https:\/\/wordpress.nibis.de\/rsgebhardshagen\/wp-json\/wp\/v2\/media?parent=1973"}],"curies":[{"name":"wp","href":"https:\/\/api.w.org\/{rel}","templated":true}]}}