{"id":2084,"date":"2022-02-21T12:20:03","date_gmt":"2022-02-21T11:20:03","guid":{"rendered":"https:\/\/wordpress.nibis.de\/rsgebhardshagen\/?page_id=2084"},"modified":"2022-02-23T11:17:43","modified_gmt":"2022-02-23T10:17:43","slug":"wintersportfest","status":"publish","type":"page","link":"https:\/\/wordpress.nibis.de\/rsgebhardshagen\/wintersportfest\/","title":{"rendered":"Wintersportfest"},"content":{"rendered":"\n<figure class=\"wp-block-image size-full is-style-tw-border\"><img loading=\"lazy\" decoding=\"async\" width=\"768\" height=\"1024\" src=\"https:\/\/wordpress.nibis.de\/rsgebhardshagen\/files\/2022\/02\/96EEDC62-C24A-4FE2-B260-4349E2C847AE.jpeg\" alt=\"\" class=\"wp-image-2085\" srcset=\"https:\/\/wordpress.nibis.de\/rsgebhardshagen\/files\/2022\/02\/96EEDC62-C24A-4FE2-B260-4349E2C847AE.jpeg 768w, https:\/\/wordpress.nibis.de\/rsgebhardshagen\/files\/2022\/02\/96EEDC62-C24A-4FE2-B260-4349E2C847AE-225x300.jpeg 225w\" sizes=\"auto, (max-width: 768px) 100vw, 768px\" \/><\/figure>\n\n\n\n<p>Am 14. und 15. Februar fand das Wintersportfest der Realschule Gebhardshagen in Kooperation mit der Trixitt GmbH in der Burgsporthalle Gebhardshagen statt.<br>Um den Corona &#8211; Hygienema\u00dfnahmen gerecht zu werden, mussten wir das Wintersportfest auf zwei Tage verteilen.<br>Am Montag wurde den 5.-7. , am Dienstag den 8.-10. Klassen durch die Teamleiter Nicole und Carsten ordentlich eingeheizt. Nach einer ausf\u00fchrlichen Warm-Up Runde begann auch schon das eigentliche Event. An verschiedenen Stationen traten die Klassen gegeneinander an. Ob beim Basketball, Speedmaster oder Hindernissparcour &#8211; die Sch\u00fclerInnen und Sch\u00fcler gaben ihr Bestes, um f\u00fcr ihre Klasse Punkte zu sammeln. Die Freude war sichtbar und auch der Ehrgeiz, Punkte zu erzielen, wurde durch lautes Anfeuern der Klassenkameraden erkennbar.<br>Zur Halbzeit des Events stand eine halbst\u00fcndige Pause an, in der sich die Sch\u00fcler ausruhen und neue Kraft f\u00fcr die zweite H\u00e4lfte des Tages sammeln konnten. Diese startete mit einer Fitnesschoreographie durch die Teamleiter von Trixitt. Auch hierbei waren die Sch\u00fcler begeisterte Teilnehmer. Danach wurde wieder flei\u00dfig gewetteifert und an den Stationen \u201eMenschenkicker\u201c, V\u00f6lkerball oder Tonnenschie\u00dfen Punkte erzielt. Nach 4 Stunden ausf\u00fchrlichen Sporttreibens endete das Wintersportfest der RSG mit einer Siegerehrung und der Vergabe des \u201eFair &#8211; Play &#8211; Pokals\u201c.<\/p>\n\n\n\n<figure class=\"wp-block-image size-large\"><img loading=\"lazy\" decoding=\"async\" width=\"768\" height=\"1024\" src=\"https:\/\/wordpress.nibis.de\/rsgebhardshagen\/files\/2022\/02\/64DF0884-CE8E-4EAA-A33D-4B10DB5AF75B-768x1024.jpeg\" alt=\"\" class=\"wp-image-2086\" srcset=\"https:\/\/wordpress.nibis.de\/rsgebhardshagen\/files\/2022\/02\/64DF0884-CE8E-4EAA-A33D-4B10DB5AF75B-768x1024.jpeg 768w, https:\/\/wordpress.nibis.de\/rsgebhardshagen\/files\/2022\/02\/64DF0884-CE8E-4EAA-A33D-4B10DB5AF75B-225x300.jpeg 225w, https:\/\/wordpress.nibis.de\/rsgebhardshagen\/files\/2022\/02\/64DF0884-CE8E-4EAA-A33D-4B10DB5AF75B.jpeg 1062w\" sizes=\"auto, (max-width: 768px) 100vw, 768px\" \/><\/figure>\n\n\n\n<figure class=\"wp-block-image size-large\"><img loading=\"lazy\" decoding=\"async\" width=\"768\" height=\"1024\" src=\"https:\/\/wordpress.nibis.de\/rsgebhardshagen\/files\/2022\/02\/F4248FD2-22C9-4C70-A8B6-08FCC6E18319-768x1024.jpeg\" alt=\"\" class=\"wp-image-2087\" srcset=\"https:\/\/wordpress.nibis.de\/rsgebhardshagen\/files\/2022\/02\/F4248FD2-22C9-4C70-A8B6-08FCC6E18319-768x1024.jpeg 768w, https:\/\/wordpress.nibis.de\/rsgebhardshagen\/files\/2022\/02\/F4248FD2-22C9-4C70-A8B6-08FCC6E18319-225x300.jpeg 225w, https:\/\/wordpress.nibis.de\/rsgebhardshagen\/files\/2022\/02\/F4248FD2-22C9-4C70-A8B6-08FCC6E18319-1152x1536.jpeg 1152w, https:\/\/wordpress.nibis.de\/rsgebhardshagen\/files\/2022\/02\/F4248FD2-22C9-4C70-A8B6-08FCC6E18319-1536x2048.jpeg 1536w, https:\/\/wordpress.nibis.de\/rsgebhardshagen\/files\/2022\/02\/F4248FD2-22C9-4C70-A8B6-08FCC6E18319-scaled.jpeg 1920w\" sizes=\"auto, (max-width: 768px) 100vw, 768px\" \/><\/figure>\n","protected":false},"excerpt":{"rendered":"<p>Am 14. und 15. Februar fand das Wintersportfest der Realschule Gebhardshagen in Kooperation mit der Trixitt GmbH in der Burgsporthalle Gebhardshagen statt.Um den Corona &#8211; Hygienema\u00dfnahmen gerecht zu werden, mussten wir das Wintersportfest auf zwei Tage verteilen.Am Montag wurde den 5.-7. , am Dienstag den 8.-10. Klassen durch die Teamleiter Nicole und Carsten ordentlich eingeheizt. [&hellip;]<\/p>\n","protected":false},"author":9193020,"featured_media":0,"parent":0,"menu_order":0,"comment_status":"closed","ping_status":"closed","template":"","meta":{"footnotes":""},"class_list":["post-2084","page","type-page","status-publish","hentry"],"_links":{"self":[{"href":"https:\/\/wordpress.nibis.de\/rsgebhardshagen\/wp-json\/wp\/v2\/pages\/2084","targetHints":{"allow":["GET"]}}],"collection":[{"href":"https:\/\/wordpress.nibis.de\/rsgebhardshagen\/wp-json\/wp\/v2\/pages"}],"about":[{"href":"https:\/\/wordpress.nibis.de\/rsgebhardshagen\/wp-json\/wp\/v2\/types\/page"}],"author":[{"embeddable":true,"href":"https:\/\/wordpress.nibis.de\/rsgebhardshagen\/wp-json\/wp\/v2\/users\/9193020"}],"replies":[{"embeddable":true,"href":"https:\/\/wordpress.nibis.de\/rsgebhardshagen\/wp-json\/wp\/v2\/comments?post=2084"}],"version-history":[{"count":3,"href":"https:\/\/wordpress.nibis.de\/rsgebhardshagen\/wp-json\/wp\/v2\/pages\/2084\/revisions"}],"predecessor-version":[{"id":2099,"href":"https:\/\/wordpress.nibis.de\/rsgebhardshagen\/wp-json\/wp\/v2\/pages\/2084\/revisions\/2099"}],"wp:attachment":[{"href":"https:\/\/wordpress.nibis.de\/rsgebhardshagen\/wp-json\/wp\/v2\/media?parent=2084"}],"curies":[{"name":"wp","href":"https:\/\/api.w.org\/{rel}","templated":true}]}}