{"id":211,"date":"2019-03-05T22:08:51","date_gmt":"2019-03-05T21:08:51","guid":{"rendered":"https:\/\/wordpress.nibis.de\/rsgebhardshagen\/?page_id=211"},"modified":"2019-03-05T22:08:52","modified_gmt":"2019-03-05T21:08:52","slug":"weihnachtsgottesdienst-nicht-nur-2013","status":"publish","type":"page","link":"https:\/\/wordpress.nibis.de\/rsgebhardshagen\/weihnachtsgottesdienst-nicht-nur-2013\/","title":{"rendered":"Weihnachtsgottesdienst (nicht nur) 2013"},"content":{"rendered":"\n<h3>Weihnachtsgottesdienst\u00a0<\/h3>\n<p>Am letzten Schultag vor den Weihnachtsferien fand der Weihnachtsgottesdienst der Realschule Gebhardshagen statt.<\/p>\n<p>F\u00fcr diesen versammelte sich die komplette Schule in der katholischen Kirche St. Gabriel in Gebhardshagen. Der Gottesdienst wurde zum Thema <span style=\"color: #007777\">\u201eSich auf den Weg machen\u201c<\/span> von den Sch\u00fclerinnen und Sch\u00fclen jahrgangs- und konfessions\u00fcbergreifend mithilfe der Religionslehrkr\u00e4ften vorbereitet und auch gestaltet.<br \/>Es wurden selbst geschriebene Texte von den Sch\u00fclerinnen und Sch\u00fclern vorgetragen, gemeinsam gesungen und gebetet.<\/p>\n<p>Das Hauptst\u00fcck des Gottesdienstes war das symbolische &#8222;Aus dem Weg r\u00e4umen von Stolpersteinen&#8220;. Hierf\u00fcr wurden Findlinge und Steine mit Gedanken von Sch\u00fclerinnen und Sch\u00fclern beschriftet, die ihr Leben beschweren (z.B. Schuldgef\u00fchle, Streit, L\u00fcgen\u2026) und somit immer wieder zu \u201e<span style=\"color: #007777\">Umwegen<\/span>\u201c zwingen. Stellvertretend f\u00fcr diese Situationen haben jeweils zwei Sch\u00fcler pro Klasse diese beiseite ger\u00e4umt und somit jedem ein \u201eumwegfreies\u201c Weihnachtsfest bereitet.<br \/>Angedacht ist es in Zukunft weitere Weihnachtsgottesdienste als eine m\u00f6gliche Tradition beizubehalten, was wir auch umsetzen konnten.<\/p>\n","protected":false},"excerpt":{"rendered":"<p>Weihnachtsgottesdienst\u00a0 Am letzten Schultag vor den Weihnachtsferien fand der Weihnachtsgottesdienst der Realschule Gebhardshagen statt. F\u00fcr diesen versammelte sich die komplette Schule in der katholischen Kirche St. Gabriel in Gebhardshagen. Der Gottesdienst wurde zum Thema \u201eSich auf den Weg machen\u201c von den Sch\u00fclerinnen und Sch\u00fclen jahrgangs- und konfessions\u00fcbergreifend mithilfe der Religionslehrkr\u00e4ften vorbereitet und auch gestaltet.Es wurden [&hellip;]<\/p>\n","protected":false},"author":9193020,"featured_media":0,"parent":0,"menu_order":0,"comment_status":"closed","ping_status":"closed","template":"","meta":{"footnotes":""},"class_list":["post-211","page","type-page","status-publish","hentry"],"_links":{"self":[{"href":"https:\/\/wordpress.nibis.de\/rsgebhardshagen\/wp-json\/wp\/v2\/pages\/211","targetHints":{"allow":["GET"]}}],"collection":[{"href":"https:\/\/wordpress.nibis.de\/rsgebhardshagen\/wp-json\/wp\/v2\/pages"}],"about":[{"href":"https:\/\/wordpress.nibis.de\/rsgebhardshagen\/wp-json\/wp\/v2\/types\/page"}],"author":[{"embeddable":true,"href":"https:\/\/wordpress.nibis.de\/rsgebhardshagen\/wp-json\/wp\/v2\/users\/9193020"}],"replies":[{"embeddable":true,"href":"https:\/\/wordpress.nibis.de\/rsgebhardshagen\/wp-json\/wp\/v2\/comments?post=211"}],"version-history":[{"count":1,"href":"https:\/\/wordpress.nibis.de\/rsgebhardshagen\/wp-json\/wp\/v2\/pages\/211\/revisions"}],"predecessor-version":[{"id":212,"href":"https:\/\/wordpress.nibis.de\/rsgebhardshagen\/wp-json\/wp\/v2\/pages\/211\/revisions\/212"}],"wp:attachment":[{"href":"https:\/\/wordpress.nibis.de\/rsgebhardshagen\/wp-json\/wp\/v2\/media?parent=211"}],"curies":[{"name":"wp","href":"https:\/\/api.w.org\/{rel}","templated":true}]}}