{"id":2126,"date":"2022-03-14T19:23:50","date_gmt":"2022-03-14T18:23:50","guid":{"rendered":"https:\/\/wordpress.nibis.de\/rsgebhardshagen\/?page_id=2126"},"modified":"2025-02-05T10:28:12","modified_gmt":"2025-02-05T09:28:12","slug":"digitaler-tag-der-offenen-tuer","status":"publish","type":"page","link":"https:\/\/wordpress.nibis.de\/rsgebhardshagen\/digitaler-tag-der-offenen-tuer\/","title":{"rendered":"Digitaler Tag der offenen T\u00fcr"},"content":{"rendered":"\n<div class=\"wp-block-cover aligncenter has-custom-content-position is-position-top-center\"><span aria-hidden=\"true\" class=\"wp-block-cover__gradient-background has-background-dim\"><\/span><img loading=\"lazy\" decoding=\"async\" width=\"510\" height=\"340\" sizes=\"auto, (max-width: 799px) 200vw, (max-width: 510px) 100vw, 510px\" class=\"wp-block-cover__image-background wp-image-1705\" alt=\"\" src=\"https:\/\/wordpress.nibis.de\/rsgebhardshagen\/files\/2020\/09\/kindergarten-981518__340.jpg\" data-object-fit=\"cover\" srcset=\"https:\/\/wordpress.nibis.de\/rsgebhardshagen\/files\/2020\/09\/kindergarten-981518__340.jpg 510w, https:\/\/wordpress.nibis.de\/rsgebhardshagen\/files\/2020\/09\/kindergarten-981518__340-300x200.jpg 300w\" \/><div class=\"wp-block-cover__inner-container is-layout-flow wp-block-cover-is-layout-flow\">\n<p class=\"has-large-font-size\"><\/p>\n<\/div><\/div>\n\n\n<p><span style=\"color: #ff7400\"><strong>Liebe interessierte Eltern und Erziehungsberechtigte, liebe (zuk\u00fcnftige) Sch\u00fclerinnen und Sch\u00fcler,<\/strong><\/span><\/p>\n<p>f\u00fcr alle, die bei unserem Tag der offenen T\u00fcr nicht dabei sein konnten, gibt es unseren digitalen Tag der offenen T\u00fcr.<\/p>\n<p>Unsere Klassen, WPKs und Arbeitsgemeinschaften haben sich viel M\u00fche gegeben, um Euch und Ihnen unsere Schule zu pr\u00e4sentieren. Wir w\u00fcnschen ganz viel Spa\u00df beim Anschauen der verlinkten Videos.<\/p>\n<p>Aber nun geht es endlich los:\u00a0<\/p>\n<p><a href=\"https:\/\/wordpress.nibis.de\/rsgebhardshagen\/files\/2022\/03\/IMG_0002.mp4\">&#8211;<strong>&gt; Begr\u00fc\u00dfung durch unsere ehemalige Schulleitung Frau Schoener<\/strong><\/a><\/p>\n<p><a href=\"https:\/\/wordpress.nibis.de\/rsgebhardshagen\/files\/2022\/03\/IMG_0005.mp4\"><strong>-&gt; Ein herzliches Willkommen durch die Klasse 5a<\/strong><\/a><\/p>\n<p><strong><a href=\"https:\/\/wordpress.nibis.de\/rsgebhardshagen\/files\/2022\/03\/IMG_0003.mp4\">-&gt; Frau Schoener pr\u00e4sentiert unsere Eingangshalle\u00a0<\/a><\/strong><\/p>\n<p><a href=\"https:\/\/wordpress.nibis.de\/rsgebhardshagen\/files\/2022\/03\/trim.4C198A98-7AEB-40FF-B126-B7F7CC3B9005.mov\"><strong>-&gt; Die Klasse 8a und ihre Lieblingspl\u00e4tze<\/strong><\/a><\/p>\n<p><a href=\"https:\/\/wordpress.nibis.de\/rsgebhardshagen\/files\/2022\/03\/IMG_0004.mp4\"><strong>-&gt; Frau Schoener pr\u00e4sentiert unseren Schulhof<\/strong><\/a><\/p>\n<p><strong><a href=\"https:\/\/wordpress.nibis.de\/rsgebhardshagen\/files\/2022\/05\/IMG_0011.mov\">-&gt; \u201eBonjour\u201c sagt der WPK Franz\u00f6sisch<\/a><\/strong><\/p>\n<p><a href=\"https:\/\/wordpress.nibis.de\/rsgebhardshagen\/files\/2022\/03\/WPK-Informatik.mp4\"><strong>-&gt; Der Wahlpflichtkurs Informatik, Klasse 8, zeigt sein K\u00f6nnen<\/strong><\/a><\/p>\n<p><a href=\"https:\/\/wordpress.nibis.de\/rsgebhardshagen\/files\/2022\/03\/IMG_0006.mp4\"><strong>-&gt; Die 8b experimentiert mit <\/strong><\/a><\/p>\n<p><a href=\"https:\/\/wordpress.nibis.de\/rsgebhardshagen\/files\/2022\/05\/IMG_0008.mp4\"><strong>-&gt;\u00a0Die 7b freut sich auf euch<\/strong><\/a><\/p>\n<p><a href=\"https:\/\/wordpress.nibis.de\/rsgebhardshagen\/files\/2022\/04\/IMG_8152.mp4\"><strong>-&gt; WPK Geschichte 8 in Kooperation mit dem St\u00e4dtischen Museum Schloss Salder (Video erstellt vom Medienzentrum Salzgitter)<\/strong><\/a><\/p>\n<p><a href=\"https:\/\/wordpress.nibis.de\/rsgebhardshagen\/files\/2022\/03\/IMG_0110.mov\"><strong>-&gt; Erdkunde mit unserer Klasse 6a <\/strong><\/a><\/p>\n<p><strong><a href=\"https:\/\/wordpress.nibis.de\/rsgebhardshagen\/files\/2022\/03\/IMG_0108.mov\">-&gt; Es wird musikalisch: Die Schulband der RSG stellt sich vor<\/a><\/strong><\/p>\n<p><strong><a href=\"https:\/\/wordpress.nibis.de\/rsgebhardshagen\/files\/2022\/03\/IMG_0109.mov\">-&gt; Der Schreibwarenkiosk: Von Sch\u00fclern- f\u00fcr Sch\u00fcler<\/a><\/strong><\/p>\n<p><a href=\"https:\/\/wordpress.nibis.de\/rsgebhardshagen\/files\/2022\/03\/VIDEO-2022-03-10-05-51-51.mp4\"><strong>-&gt; Physik: Beim Experimentieren geht es hei\u00df her&#8230;<\/strong><\/a><\/p>\n<p><a href=\"https:\/\/wordpress.nibis.de\/rsgebhardshagen\/files\/2022\/03\/VIDEO-2022-03-10-05-52-59.mp4\"><strong>-&gt; &#8230; und im Physikunterricht wird sortiert und ausprobiert<\/strong><\/a><\/p>\n<p><a href=\"https:\/\/wordpress.nibis.de\/rsgebhardshagen\/files\/2022\/03\/VIDEO-2022-03-01-16-27-22.mp4\"><strong>-&gt; &#8222;Kitchen Bears&#8220;: Unsere Sch\u00fclerfirma kocht<\/strong><\/a><\/p>\n<p><a href=\"https:\/\/wordpress.nibis.de\/rsgebhardshagen\/files\/2022\/03\/Video-Sporthalle.mp4\"><strong>-&gt; Sportunterricht in unserer eigenen Sporthalle<\/strong><\/a><\/p>\n<p><strong><a href=\"https:\/\/wordpress.nibis.de\/rsgebhardshagen\/files\/2022\/03\/5b-mit-Peanut.mp4\">-&gt; Die 5b mit unserem Schulhund Peanut im Matheunterricht<\/a><\/strong><\/p>\n<p><strong><a href=\"https:\/\/wordpress.nibis.de\/rsgebhardshagen\/files\/2022\/03\/trim.E6DA741F-880B-4D16-9F68-0DF92E2175E4.mov\">-&gt; Der Wahlpflichtkurs Informatik, Klasse 6<\/a><\/strong><\/p>\n\n\n<p><\/p>\n","protected":false},"excerpt":{"rendered":"<p>Liebe interessierte Eltern und Erziehungsberechtigte, liebe (zuk\u00fcnftige) Sch\u00fclerinnen und Sch\u00fcler, f\u00fcr alle, die bei unserem Tag der offenen T\u00fcr nicht dabei sein konnten, gibt es unseren digitalen Tag der offenen T\u00fcr. Unsere Klassen, WPKs und Arbeitsgemeinschaften haben sich viel M\u00fche gegeben, um Euch und Ihnen unsere Schule zu pr\u00e4sentieren. Wir w\u00fcnschen ganz viel Spa\u00df beim [&hellip;]<\/p>\n","protected":false},"author":9193020,"featured_media":0,"parent":0,"menu_order":0,"comment_status":"closed","ping_status":"closed","template":"","meta":{"footnotes":""},"class_list":["post-2126","page","type-page","status-publish","hentry"],"_links":{"self":[{"href":"https:\/\/wordpress.nibis.de\/rsgebhardshagen\/wp-json\/wp\/v2\/pages\/2126","targetHints":{"allow":["GET"]}}],"collection":[{"href":"https:\/\/wordpress.nibis.de\/rsgebhardshagen\/wp-json\/wp\/v2\/pages"}],"about":[{"href":"https:\/\/wordpress.nibis.de\/rsgebhardshagen\/wp-json\/wp\/v2\/types\/page"}],"author":[{"embeddable":true,"href":"https:\/\/wordpress.nibis.de\/rsgebhardshagen\/wp-json\/wp\/v2\/users\/9193020"}],"replies":[{"embeddable":true,"href":"https:\/\/wordpress.nibis.de\/rsgebhardshagen\/wp-json\/wp\/v2\/comments?post=2126"}],"version-history":[{"count":34,"href":"https:\/\/wordpress.nibis.de\/rsgebhardshagen\/wp-json\/wp\/v2\/pages\/2126\/revisions"}],"predecessor-version":[{"id":2476,"href":"https:\/\/wordpress.nibis.de\/rsgebhardshagen\/wp-json\/wp\/v2\/pages\/2126\/revisions\/2476"}],"wp:attachment":[{"href":"https:\/\/wordpress.nibis.de\/rsgebhardshagen\/wp-json\/wp\/v2\/media?parent=2126"}],"curies":[{"name":"wp","href":"https:\/\/api.w.org\/{rel}","templated":true}]}}