{"id":2194,"date":"2022-05-10T09:20:45","date_gmt":"2022-05-10T07:20:45","guid":{"rendered":"https:\/\/wordpress.nibis.de\/rsgebhardshagen\/?page_id=2194"},"modified":"2022-05-10T09:27:09","modified_gmt":"2022-05-10T07:27:09","slug":"die-rsg-in-niedersachsen-unterwegs","status":"publish","type":"page","link":"https:\/\/wordpress.nibis.de\/rsgebhardshagen\/die-rsg-in-niedersachsen-unterwegs\/","title":{"rendered":"Die RSG in Niedersachsen unterwegs"},"content":{"rendered":"<p>Im Mai 2022 erwartete unsere Sch\u00fclerinnen und Sch\u00fcler etwas ganz Besonderes:<\/p>\n<p>Die gesamte Schule unternahm eine Woche lang <strong>Exkursionen<\/strong> an au\u00dferschulische Lernorte in ganz <strong>Niedersachsen<\/strong>.<\/p>\n<p>Die Lehrerinnen und Lehrer gestalteten gemeinsam mit ihren Klassen v\u00f6llig unterschiedliche Projekte, die von dem nieders\u00e4chsischen Aktionsprogramm \u00a0\u201e<em>Startklar in die Zukunft<\/em>\u201c gef\u00f6rdert und finanziert wurden.<\/p>\n<p>Es war f\u00fcr alle Beteiligten eine gelungene Abwechslung und hat viel Spa\u00df gemacht.<\/p>\n<p>Auf den weiteren Seiten stellen die Klassen ihre Projekte vor.<\/p>\n\n\n<p><\/p>\n","protected":false},"excerpt":{"rendered":"<p>Im Mai 2022 erwartete unsere Sch\u00fclerinnen und Sch\u00fcler etwas ganz Besonderes: Die gesamte Schule unternahm eine Woche lang Exkursionen an au\u00dferschulische Lernorte in ganz Niedersachsen. Die Lehrerinnen und Lehrer gestalteten gemeinsam mit ihren Klassen v\u00f6llig unterschiedliche Projekte, die von dem nieders\u00e4chsischen Aktionsprogramm \u00a0\u201eStartklar in die Zukunft\u201c gef\u00f6rdert und finanziert wurden. Es war f\u00fcr alle Beteiligten [&hellip;]<\/p>\n","protected":false},"author":9193020,"featured_media":0,"parent":0,"menu_order":0,"comment_status":"closed","ping_status":"closed","template":"","meta":{"footnotes":""},"class_list":["post-2194","page","type-page","status-publish","hentry"],"_links":{"self":[{"href":"https:\/\/wordpress.nibis.de\/rsgebhardshagen\/wp-json\/wp\/v2\/pages\/2194","targetHints":{"allow":["GET"]}}],"collection":[{"href":"https:\/\/wordpress.nibis.de\/rsgebhardshagen\/wp-json\/wp\/v2\/pages"}],"about":[{"href":"https:\/\/wordpress.nibis.de\/rsgebhardshagen\/wp-json\/wp\/v2\/types\/page"}],"author":[{"embeddable":true,"href":"https:\/\/wordpress.nibis.de\/rsgebhardshagen\/wp-json\/wp\/v2\/users\/9193020"}],"replies":[{"embeddable":true,"href":"https:\/\/wordpress.nibis.de\/rsgebhardshagen\/wp-json\/wp\/v2\/comments?post=2194"}],"version-history":[{"count":3,"href":"https:\/\/wordpress.nibis.de\/rsgebhardshagen\/wp-json\/wp\/v2\/pages\/2194\/revisions"}],"predecessor-version":[{"id":2199,"href":"https:\/\/wordpress.nibis.de\/rsgebhardshagen\/wp-json\/wp\/v2\/pages\/2194\/revisions\/2199"}],"wp:attachment":[{"href":"https:\/\/wordpress.nibis.de\/rsgebhardshagen\/wp-json\/wp\/v2\/media?parent=2194"}],"curies":[{"name":"wp","href":"https:\/\/api.w.org\/{rel}","templated":true}]}}