{"id":2200,"date":"2022-05-10T10:43:20","date_gmt":"2022-05-10T08:43:20","guid":{"rendered":"https:\/\/wordpress.nibis.de\/rsgebhardshagen\/?page_id=2200"},"modified":"2022-05-10T10:43:21","modified_gmt":"2022-05-10T08:43:21","slug":"die-klassen-7a-und-7b-am-salzgittersee-am-reihersee-und-beim-schwarzlicht-minigolf","status":"publish","type":"page","link":"https:\/\/wordpress.nibis.de\/rsgebhardshagen\/die-klassen-7a-und-7b-am-salzgittersee-am-reihersee-und-beim-schwarzlicht-minigolf\/","title":{"rendered":"Die Klassen 7a und 7b am Salzgittersee, am Reihersee und beim Schwarzlicht-Minigolf"},"content":{"rendered":"\n<p><\/p>\n\n\n\n<p><\/p>\n\n\n\n<p><br>Zun\u00e4chst haben wir unsere direkte Umgebung zu Fu\u00df erkundet, indem wir zum zum Reihersee gewandert sind \u2013 \u00fcber 11000 Schritte (oder waren es mehr?) und am Ende auch mit allen Handys\u2026<\/p>\n\n\n\n<p><br>Auch den Salzgitter-See konnten wir n\u00e4her kennenlernen \u2013 aus der Bootsperspektive mit eigener Muskelkraft bei strahlendem Sonnenschein.<\/p>\n\n\n\n<p><br>Am Mittwoch ging es dann zum Schwarzlichtminigolf nach Braunschweig, mit dem Zug, der Stra\u00dfenbahn und auch zu Fu\u00df und vielen neuen Farbeindr\u00fccken. <\/p>\n\n\n\n<figure class=\"wp-block-image size-large\"><img decoding=\"async\" src=\"https:\/\/wordpress.nibis.de\/rsgebhardshagen\/files\/2022\/05\/image-1024x576.jpeg\" alt=\"\" class=\"wp-image-2201\" \/><\/figure>\n\n\n\n<figure class=\"wp-block-image size-large\"><img loading=\"lazy\" decoding=\"async\" width=\"1024\" height=\"576\" src=\"https:\/\/wordpress.nibis.de\/rsgebhardshagen\/files\/2022\/05\/339C70F2-6438-4613-9855-5D3C7F64E364-1024x576.jpeg\" alt=\"\" class=\"wp-image-2202\" srcset=\"https:\/\/wordpress.nibis.de\/rsgebhardshagen\/files\/2022\/05\/339C70F2-6438-4613-9855-5D3C7F64E364-1024x576.jpeg 1024w, https:\/\/wordpress.nibis.de\/rsgebhardshagen\/files\/2022\/05\/339C70F2-6438-4613-9855-5D3C7F64E364-300x169.jpeg 300w, https:\/\/wordpress.nibis.de\/rsgebhardshagen\/files\/2022\/05\/339C70F2-6438-4613-9855-5D3C7F64E364-768x432.jpeg 768w, https:\/\/wordpress.nibis.de\/rsgebhardshagen\/files\/2022\/05\/339C70F2-6438-4613-9855-5D3C7F64E364-1536x864.jpeg 1536w, https:\/\/wordpress.nibis.de\/rsgebhardshagen\/files\/2022\/05\/339C70F2-6438-4613-9855-5D3C7F64E364-2048x1152.jpeg 2048w\" sizes=\"auto, (max-width: 1024px) 100vw, 1024px\" \/><\/figure>\n","protected":false},"excerpt":{"rendered":"<p>Zun\u00e4chst haben wir unsere direkte Umgebung zu Fu\u00df erkundet, indem wir zum zum Reihersee gewandert sind \u2013 \u00fcber 11000 Schritte (oder waren es mehr?) und am Ende auch mit allen Handys\u2026 Auch den Salzgitter-See konnten wir n\u00e4her kennenlernen \u2013 aus der Bootsperspektive mit eigener Muskelkraft bei strahlendem Sonnenschein. Am Mittwoch ging es dann zum Schwarzlichtminigolf [&hellip;]<\/p>\n","protected":false},"author":9193020,"featured_media":0,"parent":0,"menu_order":0,"comment_status":"closed","ping_status":"closed","template":"","meta":{"footnotes":""},"class_list":["post-2200","page","type-page","status-publish","hentry"],"_links":{"self":[{"href":"https:\/\/wordpress.nibis.de\/rsgebhardshagen\/wp-json\/wp\/v2\/pages\/2200","targetHints":{"allow":["GET"]}}],"collection":[{"href":"https:\/\/wordpress.nibis.de\/rsgebhardshagen\/wp-json\/wp\/v2\/pages"}],"about":[{"href":"https:\/\/wordpress.nibis.de\/rsgebhardshagen\/wp-json\/wp\/v2\/types\/page"}],"author":[{"embeddable":true,"href":"https:\/\/wordpress.nibis.de\/rsgebhardshagen\/wp-json\/wp\/v2\/users\/9193020"}],"replies":[{"embeddable":true,"href":"https:\/\/wordpress.nibis.de\/rsgebhardshagen\/wp-json\/wp\/v2\/comments?post=2200"}],"version-history":[{"count":1,"href":"https:\/\/wordpress.nibis.de\/rsgebhardshagen\/wp-json\/wp\/v2\/pages\/2200\/revisions"}],"predecessor-version":[{"id":2203,"href":"https:\/\/wordpress.nibis.de\/rsgebhardshagen\/wp-json\/wp\/v2\/pages\/2200\/revisions\/2203"}],"wp:attachment":[{"href":"https:\/\/wordpress.nibis.de\/rsgebhardshagen\/wp-json\/wp\/v2\/media?parent=2200"}],"curies":[{"name":"wp","href":"https:\/\/api.w.org\/{rel}","templated":true}]}}