{"id":2205,"date":"2022-05-10T11:30:17","date_gmt":"2022-05-10T09:30:17","guid":{"rendered":"https:\/\/wordpress.nibis.de\/rsgebhardshagen\/?page_id=2205"},"modified":"2022-05-10T11:30:17","modified_gmt":"2022-05-10T09:30:17","slug":"die-klasse-5b-im-serengeti-park-und-im-hally-gally","status":"publish","type":"page","link":"https:\/\/wordpress.nibis.de\/rsgebhardshagen\/die-klasse-5b-im-serengeti-park-und-im-hally-gally\/","title":{"rendered":"Die Klasse 5b im Serengeti-Park und im Hally Gally"},"content":{"rendered":"\n<p>Gemeinsam wagten wir uns in die Wildnis!<\/p>\n\n\n\n<p>Nach knapp 90 Minuten kamen wir mit unserem Bus im Serengeti-Park an. Dort gingen wir zuerst gemeinsam auf Safari-Tour und beobachteten die Tiger, Elefanten, Kamele und L\u00f6wen aus n\u00e4chster N\u00e4he.<\/p>\n\n\n\n<p>Anschlie\u00dfend hatten wir etwas Freizeit und besuchten die Tiere zu Fu\u00df oder begaben uns in die wilden  Fahrgesch\u00e4fte.<\/p>\n\n\n\n<p>Sp\u00e4ter trafen wir uns alle wieder und gingen mit der Safari-Schule in die Affengehege, um diese spannenden Tiere hautnah zu erleben. Das war ein wirkliches Abenteuer. <br><\/p>\n\n\n\n<p>Dann durften wir nochmals in Kleingruppen den Park erkunden und fuhren abends gl\u00fccklich imd ersch\u00f6pft  nach Hause.<\/p>\n\n\n\n<p>Am Freitag tobten wir uns nochmal richtig im Hally Gally aus und probierten viele neue Tricks auf dem Trampolin.<\/p>\n\n\n\n<figure class=\"wp-block-image size-large\"><img loading=\"lazy\" decoding=\"async\" width=\"768\" height=\"1024\" src=\"https:\/\/wordpress.nibis.de\/rsgebhardshagen\/files\/2022\/05\/F2DAE7E0-6639-4A4A-AA75-A5D829EABB9F-768x1024.jpeg\" alt=\"\" class=\"wp-image-2206\" srcset=\"https:\/\/wordpress.nibis.de\/rsgebhardshagen\/files\/2022\/05\/F2DAE7E0-6639-4A4A-AA75-A5D829EABB9F-768x1024.jpeg 768w, https:\/\/wordpress.nibis.de\/rsgebhardshagen\/files\/2022\/05\/F2DAE7E0-6639-4A4A-AA75-A5D829EABB9F-225x300.jpeg 225w, https:\/\/wordpress.nibis.de\/rsgebhardshagen\/files\/2022\/05\/F2DAE7E0-6639-4A4A-AA75-A5D829EABB9F-1152x1536.jpeg 1152w, https:\/\/wordpress.nibis.de\/rsgebhardshagen\/files\/2022\/05\/F2DAE7E0-6639-4A4A-AA75-A5D829EABB9F.jpeg 1536w\" sizes=\"auto, (max-width: 768px) 100vw, 768px\" \/><\/figure>\n\n\n\n<figure class=\"wp-block-image size-large\"><img loading=\"lazy\" decoding=\"async\" width=\"1024\" height=\"768\" src=\"https:\/\/wordpress.nibis.de\/rsgebhardshagen\/files\/2022\/05\/3F56BCD9-BBD9-42A7-ACA2-9B84B28AC8E6-1024x768.jpeg\" alt=\"\" class=\"wp-image-2207\" srcset=\"https:\/\/wordpress.nibis.de\/rsgebhardshagen\/files\/2022\/05\/3F56BCD9-BBD9-42A7-ACA2-9B84B28AC8E6-1024x768.jpeg 1024w, https:\/\/wordpress.nibis.de\/rsgebhardshagen\/files\/2022\/05\/3F56BCD9-BBD9-42A7-ACA2-9B84B28AC8E6-300x225.jpeg 300w, https:\/\/wordpress.nibis.de\/rsgebhardshagen\/files\/2022\/05\/3F56BCD9-BBD9-42A7-ACA2-9B84B28AC8E6-768x576.jpeg 768w, https:\/\/wordpress.nibis.de\/rsgebhardshagen\/files\/2022\/05\/3F56BCD9-BBD9-42A7-ACA2-9B84B28AC8E6-1536x1152.jpeg 1536w, https:\/\/wordpress.nibis.de\/rsgebhardshagen\/files\/2022\/05\/3F56BCD9-BBD9-42A7-ACA2-9B84B28AC8E6-2048x1536.jpeg 2048w\" sizes=\"auto, (max-width: 1024px) 100vw, 1024px\" \/><\/figure>\n\n\n\n<figure class=\"wp-block-image size-large\"><img loading=\"lazy\" decoding=\"async\" width=\"768\" height=\"1024\" src=\"https:\/\/wordpress.nibis.de\/rsgebhardshagen\/files\/2022\/05\/90F5BCFB-71B5-460B-9F9E-89A020CA0527-768x1024.jpeg\" alt=\"\" class=\"wp-image-2208\" srcset=\"https:\/\/wordpress.nibis.de\/rsgebhardshagen\/files\/2022\/05\/90F5BCFB-71B5-460B-9F9E-89A020CA0527-768x1024.jpeg 768w, https:\/\/wordpress.nibis.de\/rsgebhardshagen\/files\/2022\/05\/90F5BCFB-71B5-460B-9F9E-89A020CA0527-225x300.jpeg 225w, https:\/\/wordpress.nibis.de\/rsgebhardshagen\/files\/2022\/05\/90F5BCFB-71B5-460B-9F9E-89A020CA0527-1152x1536.jpeg 1152w, https:\/\/wordpress.nibis.de\/rsgebhardshagen\/files\/2022\/05\/90F5BCFB-71B5-460B-9F9E-89A020CA0527.jpeg 1200w\" sizes=\"auto, (max-width: 768px) 100vw, 768px\" \/><\/figure>\n","protected":false},"excerpt":{"rendered":"<p>Gemeinsam wagten wir uns in die Wildnis! Nach knapp 90 Minuten kamen wir mit unserem Bus im Serengeti-Park an. Dort gingen wir zuerst gemeinsam auf Safari-Tour und beobachteten die Tiger, Elefanten, Kamele und L\u00f6wen aus n\u00e4chster N\u00e4he. Anschlie\u00dfend hatten wir etwas Freizeit und besuchten die Tiere zu Fu\u00df oder begaben uns in die wilden Fahrgesch\u00e4fte. [&hellip;]<\/p>\n","protected":false},"author":9193020,"featured_media":0,"parent":0,"menu_order":0,"comment_status":"closed","ping_status":"closed","template":"","meta":{"footnotes":""},"class_list":["post-2205","page","type-page","status-publish","hentry"],"_links":{"self":[{"href":"https:\/\/wordpress.nibis.de\/rsgebhardshagen\/wp-json\/wp\/v2\/pages\/2205","targetHints":{"allow":["GET"]}}],"collection":[{"href":"https:\/\/wordpress.nibis.de\/rsgebhardshagen\/wp-json\/wp\/v2\/pages"}],"about":[{"href":"https:\/\/wordpress.nibis.de\/rsgebhardshagen\/wp-json\/wp\/v2\/types\/page"}],"author":[{"embeddable":true,"href":"https:\/\/wordpress.nibis.de\/rsgebhardshagen\/wp-json\/wp\/v2\/users\/9193020"}],"replies":[{"embeddable":true,"href":"https:\/\/wordpress.nibis.de\/rsgebhardshagen\/wp-json\/wp\/v2\/comments?post=2205"}],"version-history":[{"count":1,"href":"https:\/\/wordpress.nibis.de\/rsgebhardshagen\/wp-json\/wp\/v2\/pages\/2205\/revisions"}],"predecessor-version":[{"id":2209,"href":"https:\/\/wordpress.nibis.de\/rsgebhardshagen\/wp-json\/wp\/v2\/pages\/2205\/revisions\/2209"}],"wp:attachment":[{"href":"https:\/\/wordpress.nibis.de\/rsgebhardshagen\/wp-json\/wp\/v2\/media?parent=2205"}],"curies":[{"name":"wp","href":"https:\/\/api.w.org\/{rel}","templated":true}]}}