{"id":230,"date":"2019-03-06T19:53:02","date_gmt":"2019-03-06T18:53:02","guid":{"rendered":"https:\/\/wordpress.nibis.de\/rsgebhardshagen\/?page_id=230"},"modified":"2025-02-05T10:27:36","modified_gmt":"2025-02-05T09:27:36","slug":"herzlich-willkommen","status":"publish","type":"page","link":"https:\/\/wordpress.nibis.de\/rsgebhardshagen\/herzlich-willkommen\/","title":{"rendered":"Herzlich Willkommen!"},"content":{"rendered":"\n<div class=\"wp-block-image\"><figure class=\"aligncenter size-large is-resized\"><img loading=\"lazy\" decoding=\"async\" src=\"https:\/\/wordpress.nibis.de\/rsgebhardshagen\/files\/2019\/03\/rsg-logo400-300x103.png\" alt=\"\" class=\"wp-image-10\" width=\"306\" height=\"105\" \/><\/figure><\/div>\n\n\n<p><span style=\"color: #ff7400\"><strong>Herzlich willkommen an der RSG und auf unserer Homepage!<\/strong><\/span><\/p>\n<p>Wir freuen uns sehr \u00fcber Ihr Interesse an unserer\u00a0Realschule Gebhardshagen (RSG).<\/p>\n<p>Zu den Anmeldungen geht es <a href=\"https:\/\/wordpress.nibis.de\/rsgebhardshagen\/wichtige-downloads\/\"><strong>\u21d2hier <\/strong><\/a>entlang&#8230;<\/p>\n<p>Unsere Schule ist eine<span style=\"color: #ff0777\"> <strong>kleine, famili\u00e4re Schule<\/strong> <\/span>im Stadtgebiet Salzgitter. Wir f\u00fchren unsere Sch\u00fclerinnen und Sch\u00fcler von der 5. Klasse bis zur 10. Klasse zum Mittleren Bildungsabschluss (<span style=\"color: #ff0777\"><strong>Realschulabschluss<\/strong><\/span>).<\/p>\n<p>Auf den folgenden Seiten haben wir wichtige Informationen und vieles mehr \u00fcber unsere Schule und unsere Schulgemeinschaft zusammengestellt. Wir\u00a0laden Sie, liebe Eltern, und euch, liebe Sch\u00fclerinnen und Sch\u00fcler, hiermit dazu ein, uns ein wenig (besser) kennenzulernen.<\/p>\n<p>Gern begr\u00fc\u00dfen wir Sie und Euch pers\u00f6nlich hier in unserer Schule.<\/p>\n<p>Dazu sollte bitte ein Termin im Sekretariat unter der Telefonnummer\u00a0<span style=\"color: #ff0777\"><strong>05341\/ 70749<\/strong><\/span> vereinbart werden.<\/p>\n<p>Und nun viel Spa\u00df beim St\u00f6bern\u00a0auf unserer Homepage!<\/p>\n<p><strong>Mit herzlichen Gr\u00fc\u00dfen<\/strong><\/p>\n<p><a href=\"https:\/\/wordpress.nibis.de\/rsgebhardshagen\/die-schulleitung-stellt-sich-vor\/\"><strong>Sabrina Priebe<\/strong><\/a><\/p>\n<p><strong>Susanne Lehmann (Konrektorin)<\/strong><\/p>","protected":false},"excerpt":{"rendered":"<p>Herzlich willkommen an der RSG und auf unserer Homepage! Wir freuen uns sehr \u00fcber Ihr Interesse an unserer\u00a0Realschule Gebhardshagen (RSG). Zu den Anmeldungen geht es \u21d2hier entlang&#8230; Unsere Schule ist eine kleine, famili\u00e4re Schule im Stadtgebiet Salzgitter. Wir f\u00fchren unsere Sch\u00fclerinnen und Sch\u00fcler von der 5. Klasse bis zur 10. Klasse zum Mittleren Bildungsabschluss (Realschulabschluss). [&hellip;]<\/p>\n","protected":false},"author":9193020,"featured_media":0,"parent":0,"menu_order":0,"comment_status":"closed","ping_status":"closed","template":"","meta":{"footnotes":""},"class_list":["post-230","page","type-page","status-publish","hentry"],"_links":{"self":[{"href":"https:\/\/wordpress.nibis.de\/rsgebhardshagen\/wp-json\/wp\/v2\/pages\/230","targetHints":{"allow":["GET"]}}],"collection":[{"href":"https:\/\/wordpress.nibis.de\/rsgebhardshagen\/wp-json\/wp\/v2\/pages"}],"about":[{"href":"https:\/\/wordpress.nibis.de\/rsgebhardshagen\/wp-json\/wp\/v2\/types\/page"}],"author":[{"embeddable":true,"href":"https:\/\/wordpress.nibis.de\/rsgebhardshagen\/wp-json\/wp\/v2\/users\/9193020"}],"replies":[{"embeddable":true,"href":"https:\/\/wordpress.nibis.de\/rsgebhardshagen\/wp-json\/wp\/v2\/comments?post=230"}],"version-history":[{"count":24,"href":"https:\/\/wordpress.nibis.de\/rsgebhardshagen\/wp-json\/wp\/v2\/pages\/230\/revisions"}],"predecessor-version":[{"id":2475,"href":"https:\/\/wordpress.nibis.de\/rsgebhardshagen\/wp-json\/wp\/v2\/pages\/230\/revisions\/2475"}],"wp:attachment":[{"href":"https:\/\/wordpress.nibis.de\/rsgebhardshagen\/wp-json\/wp\/v2\/media?parent=230"}],"curies":[{"name":"wp","href":"https:\/\/api.w.org\/{rel}","templated":true}]}}