{"id":2323,"date":"2023-11-22T10:34:32","date_gmt":"2023-11-22T09:34:32","guid":{"rendered":"https:\/\/wordpress.nibis.de\/rsgebhardshagen\/?page_id=2323"},"modified":"2023-11-22T10:50:33","modified_gmt":"2023-11-22T09:50:33","slug":"nicht-kleben-sondern-pflanzen-projekt-schulwald","status":"publish","type":"page","link":"https:\/\/wordpress.nibis.de\/rsgebhardshagen\/nicht-kleben-sondern-pflanzen-projekt-schulwald\/","title":{"rendered":"Nicht kleben, sondern pflanzen- Projekt Schulwald-"},"content":{"rendered":"\n<p>Wir sind stolz und erfreut, heute ein besonderes Ereignis mit Ihnen und Euch teilen zu k\u00f6nnen &#8211; die feierliche Einweihung unseres Schulwaldes an der Realschule Gebhardshagen. <\/p>\n\n\n\n<figure class=\"wp-block-image size-large\"><img loading=\"lazy\" decoding=\"async\" width=\"768\" height=\"1024\" src=\"https:\/\/wordpress.nibis.de\/rsgebhardshagen\/files\/2023\/11\/90b7a36d-dc32-42fd-9bdb-3bd0cc3c4a2a-1-768x1024.jpeg\" alt=\"\" class=\"wp-image-2326\" srcset=\"https:\/\/wordpress.nibis.de\/rsgebhardshagen\/files\/2023\/11\/90b7a36d-dc32-42fd-9bdb-3bd0cc3c4a2a-1-768x1024.jpeg 768w, https:\/\/wordpress.nibis.de\/rsgebhardshagen\/files\/2023\/11\/90b7a36d-dc32-42fd-9bdb-3bd0cc3c4a2a-1-225x300.jpeg 225w, https:\/\/wordpress.nibis.de\/rsgebhardshagen\/files\/2023\/11\/90b7a36d-dc32-42fd-9bdb-3bd0cc3c4a2a-1-1152x1536.jpeg 1152w, https:\/\/wordpress.nibis.de\/rsgebhardshagen\/files\/2023\/11\/90b7a36d-dc32-42fd-9bdb-3bd0cc3c4a2a-1.jpeg 1500w\" sizes=\"auto, (max-width: 768px) 100vw, 768px\" \/><\/figure>\n\n\n\n<p>Dieser Schritt markiert einen bedeutenden Meilenstein in unserer Bem\u00fchung, eine nachhaltige und umweltbewusste Bildungsumgebung f\u00fcr unsere Sch\u00fclerinnen und Sch\u00fcler zu schaffen.<\/p>\n\n\n\n<p>Die Idee, einen Schulwald anzulegen, entsprang der \u00dcberzeugung, dass die Natur ein wichtiger Lehrer ist und wir unseren Sch\u00fclern die M\u00f6glichkeit bieten m\u00f6chten, in direktem Kontakt mit ihr zu lernen.<\/p>\n\n\n\n<p>Die Er\u00f6ffnung unseres Schulwaldes ist nicht nur ein wichtiger Schritt in Richtung Umweltbewusstsein und Bildung, sondern auch ein Symbol f\u00fcr unsere gemeinsamen Werte und Ziele. Wir sind fest davon \u00fcberzeugt, dass der Schulwald nicht nur das Wissen unserer Sch\u00fclerinnen und Sch\u00fcler bereichern wird, sondern auch ihre Verbundenheit zur Natur und die Verantwortung f\u00fcr unseren Planeten st\u00e4rken wird.<\/p>\n\n\n\n<p>Am 3.11.2023 versammelte sich unsere Schulgemeinschaft bestehend aus Lehrern, Sch\u00fclern, Eltern und anderen Unterst\u00fctzern in der herbstlich geschm\u00fcckten Aula, um diesen besonderen Moment zu zelebrieren. <br>Die Einweihungsfeier war ein herzlicher und inspirierender Moment, bei dem wir uns bei all unseren Unterst\u00fctzern bedankten, die dazu beigetragen haben, diesen Traum Wirklichkeit werden zu lassen. Feierlich wurde nach dem ersten Spatenstich der erste Schulwaldbaum vor unserer Schule platziert. Die anderen B\u00e4ume werden im M\u00e4rz 2024 mit der gesamten Schulgemeinschaft gepflanzt.<\/p>\n\n\n\n<p>Wir freuen uns auf die spannenden Lernm\u00f6glichkeiten, die unser Schulwald bieten wird, und sind gespannt auf die Abenteuer, die unsere Sch\u00fclerinnen und Sch\u00fcler in diesem einzigartigen Raum erleben werden. Vielen Dank an alle, die zu diesem Projekt beigetragen haben, und lassen Sie uns gemeinsam eine nachhaltigere Zukunft gestalten!<\/p>\n\n\n\n<p><\/p>\n\n\n\n<figure class=\"wp-block-gallery has-nested-images columns-default is-cropped wp-block-gallery-1 is-layout-flex wp-block-gallery-is-layout-flex\">\n<figure class=\"wp-block-image size-large\"><img loading=\"lazy\" decoding=\"async\" width=\"768\" height=\"1024\" data-id=\"2328\" src=\"https:\/\/wordpress.nibis.de\/rsgebhardshagen\/files\/2023\/11\/932d325c-a428-4df6-b449-c5b2043243e4-768x1024.jpeg\" alt=\"\" class=\"wp-image-2328\" srcset=\"https:\/\/wordpress.nibis.de\/rsgebhardshagen\/files\/2023\/11\/932d325c-a428-4df6-b449-c5b2043243e4-768x1024.jpeg 768w, https:\/\/wordpress.nibis.de\/rsgebhardshagen\/files\/2023\/11\/932d325c-a428-4df6-b449-c5b2043243e4-225x300.jpeg 225w, https:\/\/wordpress.nibis.de\/rsgebhardshagen\/files\/2023\/11\/932d325c-a428-4df6-b449-c5b2043243e4-1152x1536.jpeg 1152w, https:\/\/wordpress.nibis.de\/rsgebhardshagen\/files\/2023\/11\/932d325c-a428-4df6-b449-c5b2043243e4.jpeg 1500w\" sizes=\"auto, (max-width: 768px) 100vw, 768px\" \/><\/figure>\n\n\n\n<figure class=\"wp-block-image size-large\"><img loading=\"lazy\" decoding=\"async\" width=\"768\" height=\"1024\" data-id=\"2327\" src=\"https:\/\/wordpress.nibis.de\/rsgebhardshagen\/files\/2023\/11\/43663a3c-bb4e-4180-aa38-7d1fbbbdbe39-768x1024.jpeg\" alt=\"\" class=\"wp-image-2327\" srcset=\"https:\/\/wordpress.nibis.de\/rsgebhardshagen\/files\/2023\/11\/43663a3c-bb4e-4180-aa38-7d1fbbbdbe39-768x1024.jpeg 768w, https:\/\/wordpress.nibis.de\/rsgebhardshagen\/files\/2023\/11\/43663a3c-bb4e-4180-aa38-7d1fbbbdbe39-225x300.jpeg 225w, https:\/\/wordpress.nibis.de\/rsgebhardshagen\/files\/2023\/11\/43663a3c-bb4e-4180-aa38-7d1fbbbdbe39-1152x1536.jpeg 1152w, https:\/\/wordpress.nibis.de\/rsgebhardshagen\/files\/2023\/11\/43663a3c-bb4e-4180-aa38-7d1fbbbdbe39.jpeg 1500w\" sizes=\"auto, (max-width: 768px) 100vw, 768px\" \/><\/figure>\n\n\n\n<figure class=\"wp-block-image size-large\"><img loading=\"lazy\" decoding=\"async\" width=\"768\" height=\"1024\" data-id=\"2330\" src=\"https:\/\/wordpress.nibis.de\/rsgebhardshagen\/files\/2023\/11\/61a52c05-deda-4831-a8ca-d7e15b811165-768x1024.jpeg\" alt=\"\" class=\"wp-image-2330\" srcset=\"https:\/\/wordpress.nibis.de\/rsgebhardshagen\/files\/2023\/11\/61a52c05-deda-4831-a8ca-d7e15b811165-768x1024.jpeg 768w, https:\/\/wordpress.nibis.de\/rsgebhardshagen\/files\/2023\/11\/61a52c05-deda-4831-a8ca-d7e15b811165-225x300.jpeg 225w, https:\/\/wordpress.nibis.de\/rsgebhardshagen\/files\/2023\/11\/61a52c05-deda-4831-a8ca-d7e15b811165-1152x1536.jpeg 1152w, https:\/\/wordpress.nibis.de\/rsgebhardshagen\/files\/2023\/11\/61a52c05-deda-4831-a8ca-d7e15b811165.jpeg 1500w\" sizes=\"auto, (max-width: 768px) 100vw, 768px\" \/><\/figure>\n\n\n\n<figure class=\"wp-block-image size-large\"><img loading=\"lazy\" decoding=\"async\" width=\"768\" height=\"1024\" data-id=\"2329\" src=\"https:\/\/wordpress.nibis.de\/rsgebhardshagen\/files\/2023\/11\/add48ad0-bb5d-40f6-aacc-e554c909765b-768x1024.jpeg\" alt=\"\" class=\"wp-image-2329\" srcset=\"https:\/\/wordpress.nibis.de\/rsgebhardshagen\/files\/2023\/11\/add48ad0-bb5d-40f6-aacc-e554c909765b-768x1024.jpeg 768w, https:\/\/wordpress.nibis.de\/rsgebhardshagen\/files\/2023\/11\/add48ad0-bb5d-40f6-aacc-e554c909765b-225x300.jpeg 225w, https:\/\/wordpress.nibis.de\/rsgebhardshagen\/files\/2023\/11\/add48ad0-bb5d-40f6-aacc-e554c909765b-1152x1536.jpeg 1152w, https:\/\/wordpress.nibis.de\/rsgebhardshagen\/files\/2023\/11\/add48ad0-bb5d-40f6-aacc-e554c909765b.jpeg 1500w\" sizes=\"auto, (max-width: 768px) 100vw, 768px\" \/><\/figure>\n\n\n\n<figure class=\"wp-block-image size-large\"><img loading=\"lazy\" decoding=\"async\" width=\"768\" height=\"1024\" data-id=\"2331\" src=\"https:\/\/wordpress.nibis.de\/rsgebhardshagen\/files\/2023\/11\/0df6e0cf-de63-4838-877e-d15d6520ac5c-768x1024.jpeg\" alt=\"\" class=\"wp-image-2331\" srcset=\"https:\/\/wordpress.nibis.de\/rsgebhardshagen\/files\/2023\/11\/0df6e0cf-de63-4838-877e-d15d6520ac5c-768x1024.jpeg 768w, https:\/\/wordpress.nibis.de\/rsgebhardshagen\/files\/2023\/11\/0df6e0cf-de63-4838-877e-d15d6520ac5c-225x300.jpeg 225w, https:\/\/wordpress.nibis.de\/rsgebhardshagen\/files\/2023\/11\/0df6e0cf-de63-4838-877e-d15d6520ac5c-1152x1536.jpeg 1152w, https:\/\/wordpress.nibis.de\/rsgebhardshagen\/files\/2023\/11\/0df6e0cf-de63-4838-877e-d15d6520ac5c.jpeg 1500w\" sizes=\"auto, (max-width: 768px) 100vw, 768px\" \/><\/figure>\n\n\n\n<figure class=\"wp-block-image size-large\"><img loading=\"lazy\" decoding=\"async\" width=\"768\" height=\"1024\" data-id=\"2332\" src=\"https:\/\/wordpress.nibis.de\/rsgebhardshagen\/files\/2023\/11\/8efdeaaf-71f5-40b1-86fe-3f28cd0c2f38-768x1024.jpeg\" alt=\"\" class=\"wp-image-2332\" srcset=\"https:\/\/wordpress.nibis.de\/rsgebhardshagen\/files\/2023\/11\/8efdeaaf-71f5-40b1-86fe-3f28cd0c2f38-768x1024.jpeg 768w, https:\/\/wordpress.nibis.de\/rsgebhardshagen\/files\/2023\/11\/8efdeaaf-71f5-40b1-86fe-3f28cd0c2f38-225x300.jpeg 225w, https:\/\/wordpress.nibis.de\/rsgebhardshagen\/files\/2023\/11\/8efdeaaf-71f5-40b1-86fe-3f28cd0c2f38-1152x1536.jpeg 1152w, https:\/\/wordpress.nibis.de\/rsgebhardshagen\/files\/2023\/11\/8efdeaaf-71f5-40b1-86fe-3f28cd0c2f38.jpeg 1500w\" sizes=\"auto, (max-width: 768px) 100vw, 768px\" \/><\/figure>\n<\/figure>\n","protected":false},"excerpt":{"rendered":"<p>Wir sind stolz und erfreut, heute ein besonderes Ereignis mit Ihnen und Euch teilen zu k\u00f6nnen &#8211; die feierliche Einweihung unseres Schulwaldes an der Realschule Gebhardshagen. Dieser Schritt markiert einen bedeutenden Meilenstein in unserer Bem\u00fchung, eine nachhaltige und umweltbewusste Bildungsumgebung f\u00fcr unsere Sch\u00fclerinnen und Sch\u00fcler zu schaffen. Die Idee, einen Schulwald anzulegen, entsprang der \u00dcberzeugung, [&hellip;]<\/p>\n","protected":false},"author":9193020,"featured_media":2325,"parent":0,"menu_order":0,"comment_status":"closed","ping_status":"closed","template":"","meta":{"footnotes":""},"class_list":["post-2323","page","type-page","status-publish","has-post-thumbnail","hentry"],"_links":{"self":[{"href":"https:\/\/wordpress.nibis.de\/rsgebhardshagen\/wp-json\/wp\/v2\/pages\/2323","targetHints":{"allow":["GET"]}}],"collection":[{"href":"https:\/\/wordpress.nibis.de\/rsgebhardshagen\/wp-json\/wp\/v2\/pages"}],"about":[{"href":"https:\/\/wordpress.nibis.de\/rsgebhardshagen\/wp-json\/wp\/v2\/types\/page"}],"author":[{"embeddable":true,"href":"https:\/\/wordpress.nibis.de\/rsgebhardshagen\/wp-json\/wp\/v2\/users\/9193020"}],"replies":[{"embeddable":true,"href":"https:\/\/wordpress.nibis.de\/rsgebhardshagen\/wp-json\/wp\/v2\/comments?post=2323"}],"version-history":[{"count":5,"href":"https:\/\/wordpress.nibis.de\/rsgebhardshagen\/wp-json\/wp\/v2\/pages\/2323\/revisions"}],"predecessor-version":[{"id":2381,"href":"https:\/\/wordpress.nibis.de\/rsgebhardshagen\/wp-json\/wp\/v2\/pages\/2323\/revisions\/2381"}],"wp:featuredmedia":[{"embeddable":true,"href":"https:\/\/wordpress.nibis.de\/rsgebhardshagen\/wp-json\/wp\/v2\/media\/2325"}],"wp:attachment":[{"href":"https:\/\/wordpress.nibis.de\/rsgebhardshagen\/wp-json\/wp\/v2\/media?parent=2323"}],"curies":[{"name":"wp","href":"https:\/\/api.w.org\/{rel}","templated":true}]}}