{"id":2357,"date":"2024-01-26T11:07:58","date_gmt":"2024-01-26T10:07:58","guid":{"rendered":"https:\/\/wordpress.nibis.de\/rsgebhardshagen\/?page_id=2357"},"modified":"2024-01-29T11:28:22","modified_gmt":"2024-01-29T10:28:22","slug":"die-welt-der-stop-motion-videos-im-kunstunterricht","status":"publish","type":"page","link":"https:\/\/wordpress.nibis.de\/rsgebhardshagen\/kunst\/die-welt-der-stop-motion-videos-im-kunstunterricht\/","title":{"rendered":"Die Welt der Stop-Motion-Videos im Kunstunterricht"},"content":{"rendered":"\n<h4 class=\"wp-block-heading\">Kreativit\u00e4t, Teamarbeit und technisches Know-how &#8211; Ein Abenteuer in der Welt des Filmemachens!<\/h4>\n\n\n\n<p>Wir freuen uns, unser neuestes Projekt im Kunstunterricht vorzustellen: Die Erstellung von Stop-Motion-Filmen durch die Sch\u00fclerinnen und Sch\u00fcler der 7b. Dieses spannende Vorhaben erm\u00f6glicht es unseren Sch\u00fclern, in die faszinierende Welt des Filmemachens einzutauchen und ihre Kreativit\u00e4t auf einzigartige Weise zum Ausdruck zu bringen.<\/p>\n\n\n\n<p><strong>Was ist Stop-Motion?<\/strong> Stop-Motion ist eine Filmtechnik, bei der Objekte in kleinen Schritten bewegt und Bild f\u00fcr Bild aufgenommen werden. Wenn diese Bilder schnell hintereinander abgespielt werden, entsteht die Illusion von Bewegung. Diese Technik \u00f6ffnet ein Fenster in eine Welt der grenzenlosen kreativen M\u00f6glichkeiten.<\/p>\n\n\n\n<p><strong>Projektablauf:<\/strong><\/p>\n\n\n\n<ol class=\"wp-block-list\"><li><strong>Konzeption und Planung<\/strong>: Unsere Sch\u00fcler beginnen mit der Entwicklung einer kurzen Geschichte. Mit Hilfe von Storyboards planen sie die Szenerie und die Bewegungen ihrer Charaktere.<\/li><li><strong>Charakter- und Kulissengestaltung<\/strong>: Mit einfachen Materialien wie Knete, Papier und Alltagsgegenst\u00e4nden bringen die Sch\u00fcler ihre Charaktere und Kulissen zum Leben.<\/li><li><strong>Filmaufnahme<\/strong>: Unter Verwendung von iPads oder Smartphones werden die einzelnen Bilder aufgenommen. Hier lernen die Sch\u00fcler, wie wichtig Geduld und Pr\u00e4zision f\u00fcr die Filmproduktion sind.<\/li><li><strong>Nachbearbeitung<\/strong>: Die Bilder werden in einer Stop-Motion-Software zusammengesetzt, und der Film wird mit Ton und Musik vervollst\u00e4ndigt.<\/li><\/ol>\n\n\n\n<p><strong>Lernerfahrung:<\/strong> Dieses Projekt f\u00f6rdert nicht nur die k\u00fcnstlerische Kreativit\u00e4t, sondern auch technische F\u00e4higkeiten, Teamarbeit und Geduld. Unsere Sch\u00fcler erleben den gesamten Prozess der Filmproduktion, von der ersten Idee bis zur finalen Vorf\u00fchrung.<\/p>\n\n\n\n<p><strong>Pr\u00e4sentation:<\/strong> Die fertigen Filme werden dann auf unserer Homepage pr\u00e4sentiert.<\/p>\n\n\n\n<div class=\"wp-block-group is-layout-flow wp-block-group-is-layout-flow\">\n<p>Wir sind begeistert von der Begeisterung und dem Engagement unserer Sch\u00fcler in diesem Projekt und freuen uns darauf, ihre einzigartigen Geschichten und kreativen Visionen zum Leben erweckt zu sehen. Bleiben Sie dran f\u00fcr Updates und Highlights aus unserem Stop-Motion-Filmprojekt!<\/p>\n<\/div>\n\n\n\n<figure class=\"wp-block-video\"><video height=\"480\" style=\"aspect-ratio: 848 \/ 480;\" width=\"848\" controls src=\"https:\/\/wordpress.nibis.de\/rsgebhardshagen\/files\/2024\/01\/389d1829-c3b0-448b-b8a8-48520edaa392-1.mp4\"><\/video><figcaption>Geburtstagskuchen- Mia und Filina<\/figcaption><\/figure>\n\n\n\n<figure class=\"wp-block-video\"><video height=\"1080\" style=\"aspect-ratio: 1920 \/ 1080;\" width=\"1920\" controls src=\"https:\/\/wordpress.nibis.de\/rsgebhardshagen\/files\/2024\/01\/6BD9C882-87D9-4869-9199-B0EBEAFFE40E.mov\"><\/video><figcaption>Jo\u00eal, Misha und Roman<\/figcaption><\/figure>\n\n\n\n<figure class=\"wp-block-video\"><video height=\"720\" style=\"aspect-ratio: 1280 \/ 720;\" width=\"1280\" controls src=\"https:\/\/wordpress.nibis.de\/rsgebhardshagen\/files\/2024\/01\/trim.06EF98DA-8845-4DCD-AA84-79FA55FF0A61.mov\"><\/video><figcaption>Lina, Finn, Nanouk und Yves<\/figcaption><\/figure>\n","protected":false},"excerpt":{"rendered":"<p>Kreativit\u00e4t, Teamarbeit und technisches Know-how &#8211; Ein Abenteuer in der Welt des Filmemachens! Wir freuen uns, unser neuestes Projekt im Kunstunterricht vorzustellen: Die Erstellung von Stop-Motion-Filmen durch die Sch\u00fclerinnen und Sch\u00fcler der 7b. Dieses spannende Vorhaben erm\u00f6glicht es unseren Sch\u00fclern, in die faszinierende Welt des Filmemachens einzutauchen und ihre Kreativit\u00e4t auf einzigartige Weise zum Ausdruck [&hellip;]<\/p>\n","protected":false},"author":9193020,"featured_media":0,"parent":310,"menu_order":0,"comment_status":"closed","ping_status":"closed","template":"","meta":{"footnotes":""},"class_list":["post-2357","page","type-page","status-publish","hentry"],"_links":{"self":[{"href":"https:\/\/wordpress.nibis.de\/rsgebhardshagen\/wp-json\/wp\/v2\/pages\/2357","targetHints":{"allow":["GET"]}}],"collection":[{"href":"https:\/\/wordpress.nibis.de\/rsgebhardshagen\/wp-json\/wp\/v2\/pages"}],"about":[{"href":"https:\/\/wordpress.nibis.de\/rsgebhardshagen\/wp-json\/wp\/v2\/types\/page"}],"author":[{"embeddable":true,"href":"https:\/\/wordpress.nibis.de\/rsgebhardshagen\/wp-json\/wp\/v2\/users\/9193020"}],"replies":[{"embeddable":true,"href":"https:\/\/wordpress.nibis.de\/rsgebhardshagen\/wp-json\/wp\/v2\/comments?post=2357"}],"version-history":[{"count":10,"href":"https:\/\/wordpress.nibis.de\/rsgebhardshagen\/wp-json\/wp\/v2\/pages\/2357\/revisions"}],"predecessor-version":[{"id":2379,"href":"https:\/\/wordpress.nibis.de\/rsgebhardshagen\/wp-json\/wp\/v2\/pages\/2357\/revisions\/2379"}],"up":[{"embeddable":true,"href":"https:\/\/wordpress.nibis.de\/rsgebhardshagen\/wp-json\/wp\/v2\/pages\/310"}],"wp:attachment":[{"href":"https:\/\/wordpress.nibis.de\/rsgebhardshagen\/wp-json\/wp\/v2\/media?parent=2357"}],"curies":[{"name":"wp","href":"https:\/\/api.w.org\/{rel}","templated":true}]}}