{"id":2382,"date":"2024-05-23T09:02:30","date_gmt":"2024-05-23T07:02:30","guid":{"rendered":"https:\/\/wordpress.nibis.de\/rsgebhardshagen\/?page_id=2382"},"modified":"2024-05-23T09:56:13","modified_gmt":"2024-05-23T07:56:13","slug":"vom-feld-zum-wald","status":"publish","type":"page","link":"https:\/\/wordpress.nibis.de\/rsgebhardshagen\/vom-feld-zum-wald\/","title":{"rendered":"Vom Feld zum Wald"},"content":{"rendered":"\n<p>Trotz teilweise sehr niedriger Temperaturen, Wind und Regen lie\u00dfen wir uns nicht davon abhalten, im M\u00e4rz 2024 an drei Tagen die B\u00e4ume f\u00fcr unseren Schulwald zu pflanzen. <\/p>\n\n\n\n<figure class=\"wp-block-gallery has-nested-images columns-default is-cropped wp-block-gallery-1 is-layout-flex wp-block-gallery-is-layout-flex\">\n<figure class=\"wp-block-image size-large\"><img loading=\"lazy\" decoding=\"async\" width=\"480\" height=\"640\" data-id=\"2384\" src=\"https:\/\/wordpress.nibis.de\/rsgebhardshagen\/files\/2024\/05\/IMG_9314-rotated.jpg\" alt=\"\" class=\"wp-image-2384\" srcset=\"https:\/\/wordpress.nibis.de\/rsgebhardshagen\/files\/2024\/05\/IMG_9314-rotated.jpg 480w, https:\/\/wordpress.nibis.de\/rsgebhardshagen\/files\/2024\/05\/IMG_9314-225x300.jpg 225w\" sizes=\"auto, (max-width: 480px) 100vw, 480px\" \/><\/figure>\n\n\n\n<figure class=\"wp-block-image size-large\"><img loading=\"lazy\" decoding=\"async\" width=\"480\" height=\"640\" data-id=\"2383\" src=\"https:\/\/wordpress.nibis.de\/rsgebhardshagen\/files\/2024\/05\/IMG_9313-rotated.jpg\" alt=\"\" class=\"wp-image-2383\" srcset=\"https:\/\/wordpress.nibis.de\/rsgebhardshagen\/files\/2024\/05\/IMG_9313-rotated.jpg 480w, https:\/\/wordpress.nibis.de\/rsgebhardshagen\/files\/2024\/05\/IMG_9313-225x300.jpg 225w\" sizes=\"auto, (max-width: 480px) 100vw, 480px\" \/><\/figure>\n<\/figure>\n\n\n\n<figure class=\"wp-block-image size-full\"><img loading=\"lazy\" decoding=\"async\" width=\"480\" height=\"640\" src=\"https:\/\/wordpress.nibis.de\/rsgebhardshagen\/files\/2024\/05\/IMG_9309-rotated.jpg\" alt=\"\" class=\"wp-image-2386\" srcset=\"https:\/\/wordpress.nibis.de\/rsgebhardshagen\/files\/2024\/05\/IMG_9309-rotated.jpg 480w, https:\/\/wordpress.nibis.de\/rsgebhardshagen\/files\/2024\/05\/IMG_9309-225x300.jpg 225w\" sizes=\"auto, (max-width: 480px) 100vw, 480px\" \/><\/figure>\n\n\n\n<figure class=\"wp-block-gallery has-nested-images columns-default is-cropped wp-block-gallery-2 is-layout-flex wp-block-gallery-is-layout-flex\">\n<figure class=\"wp-block-image size-full\"><img loading=\"lazy\" decoding=\"async\" width=\"640\" height=\"480\" data-id=\"2385\" src=\"https:\/\/wordpress.nibis.de\/rsgebhardshagen\/files\/2024\/05\/IMG_9310.jpg\" alt=\"\" class=\"wp-image-2385\" srcset=\"https:\/\/wordpress.nibis.de\/rsgebhardshagen\/files\/2024\/05\/IMG_9310.jpg 640w, https:\/\/wordpress.nibis.de\/rsgebhardshagen\/files\/2024\/05\/IMG_9310-300x225.jpg 300w\" sizes=\"auto, (max-width: 640px) 100vw, 640px\" \/><\/figure>\n<\/figure>\n","protected":false},"excerpt":{"rendered":"<p>Trotz teilweise sehr niedriger Temperaturen, Wind und Regen lie\u00dfen wir uns nicht davon abhalten, im M\u00e4rz 2024 an drei Tagen die B\u00e4ume f\u00fcr unseren Schulwald zu pflanzen.<\/p>\n","protected":false},"author":9193020,"featured_media":0,"parent":0,"menu_order":0,"comment_status":"closed","ping_status":"closed","template":"","meta":{"footnotes":""},"class_list":["post-2382","page","type-page","status-publish","hentry"],"_links":{"self":[{"href":"https:\/\/wordpress.nibis.de\/rsgebhardshagen\/wp-json\/wp\/v2\/pages\/2382","targetHints":{"allow":["GET"]}}],"collection":[{"href":"https:\/\/wordpress.nibis.de\/rsgebhardshagen\/wp-json\/wp\/v2\/pages"}],"about":[{"href":"https:\/\/wordpress.nibis.de\/rsgebhardshagen\/wp-json\/wp\/v2\/types\/page"}],"author":[{"embeddable":true,"href":"https:\/\/wordpress.nibis.de\/rsgebhardshagen\/wp-json\/wp\/v2\/users\/9193020"}],"replies":[{"embeddable":true,"href":"https:\/\/wordpress.nibis.de\/rsgebhardshagen\/wp-json\/wp\/v2\/comments?post=2382"}],"version-history":[{"count":2,"href":"https:\/\/wordpress.nibis.de\/rsgebhardshagen\/wp-json\/wp\/v2\/pages\/2382\/revisions"}],"predecessor-version":[{"id":2389,"href":"https:\/\/wordpress.nibis.de\/rsgebhardshagen\/wp-json\/wp\/v2\/pages\/2382\/revisions\/2389"}],"wp:attachment":[{"href":"https:\/\/wordpress.nibis.de\/rsgebhardshagen\/wp-json\/wp\/v2\/media?parent=2382"}],"curies":[{"name":"wp","href":"https:\/\/api.w.org\/{rel}","templated":true}]}}