{"id":2498,"date":"2025-09-26T10:26:46","date_gmt":"2025-09-26T08:26:46","guid":{"rendered":"https:\/\/wordpress.nibis.de\/rsgebhardshagen\/?page_id=2498"},"modified":"2025-09-26T10:35:15","modified_gmt":"2025-09-26T08:35:15","slug":"ein-neuer-buecherschrank-fuer-gebhardshagen","status":"publish","type":"page","link":"https:\/\/wordpress.nibis.de\/rsgebhardshagen\/ein-neuer-buecherschrank-fuer-gebhardshagen\/","title":{"rendered":"Ein neuer B\u00fccherschrank f\u00fcr Gebhardshagen"},"content":{"rendered":"\n<p><\/p>\n\n\n\n<p>Am 18. September 2025 besuchten einige unserer Sch\u00fclerInnen den neuen Stadtteiltreff \u201eSalzgitter-verliebt e.V.\u201c im Hardeweg 40 in Salzgitter-Gebhardshagen. Der Treff versteht sich als generationen\u00fcbergreifender Begegnungsort mit einem offenen Ohr f\u00fcr alle Anliegen aus der Nachbarschaft. Unser flei\u00dfige Schulverein hat f\u00fcr uns eine Kooperation in die Wege geleitet. Herzlichen Dank daf\u00fcr.<\/p>\n\n\n\n<figure class=\"wp-block-gallery has-nested-images columns-default is-cropped wp-block-gallery-1 is-layout-flex wp-block-gallery-is-layout-flex\">\n\n<\/figure>\n\n\n\n<p>An diesem Tag wurde in Zusammenarbeit mit der Wohnbau Salzgitter und der B\u00fcrgerstiftung Salzgitter ein besonderes Projekt feierlich eingeweiht: ein \u00f6ffentlicher B\u00fccherschrank mit einer Lesebank direkt in Gebhardshagen.<\/p>\n\n\n\n<p>Sch\u00fclerInnen der Klasse 6a halfen tatkr\u00e4ftig beim ersten Bef\u00fcllen des B\u00fccherschranks. Gleichzeitig wurde neugierig gest\u00f6bert, und die ersten B\u00fccher fanden sofort neue LeserInnen. Schon dieser Auftakt zeigte, dass das Projekt gro\u00dfen Anklang findet.<\/p>\n\n\n\n<p>Der B\u00fccherschrank l\u00e4dt alle Menschen dazu ein, B\u00fccher zu entdecken, mitzunehmen oder selbst zu spenden. Auf diese Weise entsteht ein Ort des Austauschs, der die Freude am Lesen f\u00f6rdert und die Gemeinschaft st\u00e4rkt.<\/p>\n\n\n\n<p>F\u00fcr unsere Schule war dieser Tag besonders spannend, da er nicht nur das Lesen in den Mittelpunkt stellte, sondern auch das Engagement und Interesse f\u00fcr den Stadtteil unterstrich. \ud83d\ude0a<\/p>\n\n\n\n<p>Ewelina Eidinger<\/p>\n\n\n\n<p>Klassenlehrerin der Klasse 6a<\/p>\n\n\n\n<p>Realschule Gebhardshagen<\/p>\n\n\n\n<figure class=\"wp-block-gallery has-nested-images columns-default is-cropped wp-block-gallery-2 is-layout-flex wp-block-gallery-is-layout-flex\">\n<figure class=\"wp-block-image size-large\"><img loading=\"lazy\" decoding=\"async\" width=\"808\" height=\"1024\" data-id=\"2501\" src=\"https:\/\/wordpress.nibis.de\/rsgebhardshagen\/files\/2025\/09\/IMG_7929-808x1024.jpeg\" alt=\"\" class=\"wp-image-2501\" srcset=\"https:\/\/wordpress.nibis.de\/rsgebhardshagen\/files\/2025\/09\/IMG_7929-808x1024.jpeg 808w, https:\/\/wordpress.nibis.de\/rsgebhardshagen\/files\/2025\/09\/IMG_7929-237x300.jpeg 237w, https:\/\/wordpress.nibis.de\/rsgebhardshagen\/files\/2025\/09\/IMG_7929-768x973.jpeg 768w, https:\/\/wordpress.nibis.de\/rsgebhardshagen\/files\/2025\/09\/IMG_7929.jpeg 1206w\" sizes=\"auto, (max-width: 808px) 100vw, 808px\" \/><\/figure>\n\n\n\n<figure class=\"wp-block-image size-large\"><img loading=\"lazy\" decoding=\"async\" width=\"783\" height=\"1024\" data-id=\"2505\" src=\"https:\/\/wordpress.nibis.de\/rsgebhardshagen\/files\/2025\/09\/IMG_7928-783x1024.jpeg\" alt=\"\" class=\"wp-image-2505\" srcset=\"https:\/\/wordpress.nibis.de\/rsgebhardshagen\/files\/2025\/09\/IMG_7928-783x1024.jpeg 783w, https:\/\/wordpress.nibis.de\/rsgebhardshagen\/files\/2025\/09\/IMG_7928-229x300.jpeg 229w, https:\/\/wordpress.nibis.de\/rsgebhardshagen\/files\/2025\/09\/IMG_7928-768x1004.jpeg 768w, https:\/\/wordpress.nibis.de\/rsgebhardshagen\/files\/2025\/09\/IMG_7928-1175x1536.jpeg 1175w, https:\/\/wordpress.nibis.de\/rsgebhardshagen\/files\/2025\/09\/IMG_7928.jpeg 1206w\" sizes=\"auto, (max-width: 783px) 100vw, 783px\" \/><\/figure>\n\n\n\n<figure class=\"wp-block-image size-large\"><img loading=\"lazy\" decoding=\"async\" width=\"927\" height=\"1024\" data-id=\"2504\" src=\"https:\/\/wordpress.nibis.de\/rsgebhardshagen\/files\/2025\/09\/IMG_7927-927x1024.jpeg\" alt=\"\" class=\"wp-image-2504\" srcset=\"https:\/\/wordpress.nibis.de\/rsgebhardshagen\/files\/2025\/09\/IMG_7927-927x1024.jpeg 927w, https:\/\/wordpress.nibis.de\/rsgebhardshagen\/files\/2025\/09\/IMG_7927-272x300.jpeg 272w, https:\/\/wordpress.nibis.de\/rsgebhardshagen\/files\/2025\/09\/IMG_7927-768x848.jpeg 768w, https:\/\/wordpress.nibis.de\/rsgebhardshagen\/files\/2025\/09\/IMG_7927.jpeg 1206w\" sizes=\"auto, (max-width: 927px) 100vw, 927px\" \/><\/figure>\n\n\n\n<figure class=\"wp-block-image size-large\"><img loading=\"lazy\" decoding=\"async\" width=\"841\" height=\"1024\" data-id=\"2506\" src=\"https:\/\/wordpress.nibis.de\/rsgebhardshagen\/files\/2025\/09\/IMG_7924-841x1024.jpeg\" alt=\"\" class=\"wp-image-2506\" srcset=\"https:\/\/wordpress.nibis.de\/rsgebhardshagen\/files\/2025\/09\/IMG_7924-841x1024.jpeg 841w, https:\/\/wordpress.nibis.de\/rsgebhardshagen\/files\/2025\/09\/IMG_7924-246x300.jpeg 246w, https:\/\/wordpress.nibis.de\/rsgebhardshagen\/files\/2025\/09\/IMG_7924-768x935.jpeg 768w, https:\/\/wordpress.nibis.de\/rsgebhardshagen\/files\/2025\/09\/IMG_7924.jpeg 1206w\" sizes=\"auto, (max-width: 841px) 100vw, 841px\" \/><\/figure>\n\n\n\n\n<\/figure>\n","protected":false},"excerpt":{"rendered":"<p>Am 18. September 2025 besuchten einige unserer Sch\u00fclerInnen den neuen Stadtteiltreff \u201eSalzgitter-verliebt e.V.\u201c im Hardeweg 40 in Salzgitter-Gebhardshagen. Der Treff versteht sich als generationen\u00fcbergreifender Begegnungsort mit einem offenen Ohr f\u00fcr alle Anliegen aus der Nachbarschaft. Unser flei\u00dfige Schulverein hat f\u00fcr uns eine Kooperation in die Wege geleitet. Herzlichen Dank daf\u00fcr. An diesem Tag wurde in [&hellip;]<\/p>\n","protected":false},"author":9193020,"featured_media":0,"parent":0,"menu_order":0,"comment_status":"closed","ping_status":"closed","template":"","meta":{"footnotes":""},"class_list":["post-2498","page","type-page","status-publish","hentry"],"_links":{"self":[{"href":"https:\/\/wordpress.nibis.de\/rsgebhardshagen\/wp-json\/wp\/v2\/pages\/2498","targetHints":{"allow":["GET"]}}],"collection":[{"href":"https:\/\/wordpress.nibis.de\/rsgebhardshagen\/wp-json\/wp\/v2\/pages"}],"about":[{"href":"https:\/\/wordpress.nibis.de\/rsgebhardshagen\/wp-json\/wp\/v2\/types\/page"}],"author":[{"embeddable":true,"href":"https:\/\/wordpress.nibis.de\/rsgebhardshagen\/wp-json\/wp\/v2\/users\/9193020"}],"replies":[{"embeddable":true,"href":"https:\/\/wordpress.nibis.de\/rsgebhardshagen\/wp-json\/wp\/v2\/comments?post=2498"}],"version-history":[{"count":5,"href":"https:\/\/wordpress.nibis.de\/rsgebhardshagen\/wp-json\/wp\/v2\/pages\/2498\/revisions"}],"predecessor-version":[{"id":2510,"href":"https:\/\/wordpress.nibis.de\/rsgebhardshagen\/wp-json\/wp\/v2\/pages\/2498\/revisions\/2510"}],"wp:attachment":[{"href":"https:\/\/wordpress.nibis.de\/rsgebhardshagen\/wp-json\/wp\/v2\/media?parent=2498"}],"curies":[{"name":"wp","href":"https:\/\/api.w.org\/{rel}","templated":true}]}}