{"id":261,"date":"2019-03-06T20:57:40","date_gmt":"2019-03-06T19:57:40","guid":{"rendered":"https:\/\/wordpress.nibis.de\/rsgebhardshagen\/?page_id=261"},"modified":"2020-09-15T14:55:32","modified_gmt":"2020-09-15T12:55:32","slug":"bereit-berufseignungstest","status":"publish","type":"page","link":"https:\/\/wordpress.nibis.de\/rsgebhardshagen\/bereit-berufseignungstest\/","title":{"rendered":"BEREIT- BERufsEIgnungsTest"},"content":{"rendered":"\n<div class=\"wp-block-image\"><figure class=\"alignright size-large\"><img loading=\"lazy\" decoding=\"async\" width=\"510\" height=\"340\" src=\"https:\/\/wordpress.nibis.de\/rsgebhardshagen\/files\/2020\/09\/ready-2379042__340.jpg\" alt=\"\" class=\"wp-image-1670\" srcset=\"https:\/\/wordpress.nibis.de\/rsgebhardshagen\/files\/2020\/09\/ready-2379042__340.jpg 510w, https:\/\/wordpress.nibis.de\/rsgebhardshagen\/files\/2020\/09\/ready-2379042__340-300x200.jpg 300w\" sizes=\"auto, (max-width: 510px) 100vw, 510px\" \/><\/figure><\/div>\n\n\n<p>Die Berufseignungswoche ist immer in den 9. Klassen im 2. Modul des\u00a0<span style=\"color: #007777\">\u21d2 <strong><a style=\"color: #007777\" href=\"https:\/\/wordpress.nibis.de\/rsgebhardshagen\/bona\/\">BONA-Projektes<\/a><\/strong><\/span> angesiedelt.\u00a0<\/p>\n<p>Im Berufseignungstest geht es darum, die verschiedenen <strong><span style=\"color: #ff0777\">Kompetenzen und St\u00e4rken<\/span>\u00a0<\/strong>jedes einzelnen Sch\u00fclers zu testen.<\/p>\n<p>Hierzu kommen verschiedene externe Mitarbeiter <strong>(<span style=\"color: #ff0777\">Teamer<\/span>)<\/strong>, die f\u00fcr diese Tests geschult wurden, an unsere Schule und f\u00fchren in kleinen Sch\u00fclergruppen allerlei \u00dcbungen durch. Hierbei werden unter anderem mathematisches Verst\u00e4ndnis, die Probleml\u00f6sef\u00e4higkeit und soziale Kompetenzen jedes Einzelnen \u00fcberpr\u00fcft. Dabei beobachten die Teamer\u00a0die Sch\u00fcler genau und werten dann ihre Ergebnisse\u00a0aus.<\/p>\n<p>Am Freitag werden dann die Sch\u00fcler und Eltern zu einem <strong><span style=\"color: #ff0777\">Gespr\u00e4ch<\/span>\u00a0<\/strong>eingeladen. Hier werden dann alle Ergebnisse der Woche gemeinsam mit den Teamern\u00a0besprochen.<\/p>\n<p>Einige Zeit sp\u00e4ter gibt es dann f\u00fcr jeden Sch\u00fcler einen Auswertungsbogen, auf dem auch zu finden ist, f\u00fcr welche <strong><span style=\"color: #ff0777\">Berufsfelder<\/span>\u00a0<\/strong>sich der Jugendliche besonders gut eignet. Vielleicht \u00fcberdenkt der ein oder andere Sch\u00fcler seinen Berufswunsch daraufhin nochmal oder bekommt ganz neue Ideen?<\/p>\n<p>Dieser Bereit-Auswertungsbogen kann und soll f\u00fcr sp\u00e4tere <strong><span style=\"color: #ff0777\">Bewerbungen<\/span>\u00a0<\/strong>genutzt werden, indem er in die Bewerbungsmappe felgt wird.<\/p>\n<p>Liebe 9. Kl\u00e4ssler: Wir w\u00fcnschen Euch, dass ihr in Eurer BEREIT- Woche viele neue Erfahrungen sammelt und Eurem sp\u00e4teren Traumberuf ein wenig n\u00e4her kommt.<\/p>\n<h3><span style=\"color: #ff0777\">Viel Erfolg!<\/span><\/h3>","protected":false},"excerpt":{"rendered":"<p>Die Berufseignungswoche ist immer in den 9. Klassen im 2. Modul des\u00a0\u21d2 BONA-Projektes angesiedelt.\u00a0 Im Berufseignungstest geht es darum, die verschiedenen Kompetenzen und St\u00e4rken\u00a0jedes einzelnen Sch\u00fclers zu testen. Hierzu kommen verschiedene externe Mitarbeiter (Teamer), die f\u00fcr diese Tests geschult wurden, an unsere Schule und f\u00fchren in kleinen Sch\u00fclergruppen allerlei \u00dcbungen durch. Hierbei werden unter anderem [&hellip;]<\/p>\n","protected":false},"author":9193020,"featured_media":0,"parent":0,"menu_order":0,"comment_status":"closed","ping_status":"closed","template":"","meta":{"footnotes":""},"class_list":["post-261","page","type-page","status-publish","hentry"],"_links":{"self":[{"href":"https:\/\/wordpress.nibis.de\/rsgebhardshagen\/wp-json\/wp\/v2\/pages\/261","targetHints":{"allow":["GET"]}}],"collection":[{"href":"https:\/\/wordpress.nibis.de\/rsgebhardshagen\/wp-json\/wp\/v2\/pages"}],"about":[{"href":"https:\/\/wordpress.nibis.de\/rsgebhardshagen\/wp-json\/wp\/v2\/types\/page"}],"author":[{"embeddable":true,"href":"https:\/\/wordpress.nibis.de\/rsgebhardshagen\/wp-json\/wp\/v2\/users\/9193020"}],"replies":[{"embeddable":true,"href":"https:\/\/wordpress.nibis.de\/rsgebhardshagen\/wp-json\/wp\/v2\/comments?post=261"}],"version-history":[{"count":3,"href":"https:\/\/wordpress.nibis.de\/rsgebhardshagen\/wp-json\/wp\/v2\/pages\/261\/revisions"}],"predecessor-version":[{"id":1671,"href":"https:\/\/wordpress.nibis.de\/rsgebhardshagen\/wp-json\/wp\/v2\/pages\/261\/revisions\/1671"}],"wp:attachment":[{"href":"https:\/\/wordpress.nibis.de\/rsgebhardshagen\/wp-json\/wp\/v2\/media?parent=261"}],"curies":[{"name":"wp","href":"https:\/\/api.w.org\/{rel}","templated":true}]}}