{"id":265,"date":"2019-03-06T21:01:05","date_gmt":"2019-03-06T20:01:05","guid":{"rendered":"https:\/\/wordpress.nibis.de\/rsgebhardshagen\/?page_id=265"},"modified":"2020-09-14T21:49:06","modified_gmt":"2020-09-14T19:49:06","slug":"bona","status":"publish","type":"page","link":"https:\/\/wordpress.nibis.de\/rsgebhardshagen\/bona\/","title":{"rendered":"BONA und BERUFSORIENTIERUNG"},"content":{"rendered":"\n<div class=\"wp-block-image\"><figure class=\"aligncenter size-large\"><img loading=\"lazy\" decoding=\"async\" width=\"667\" height=\"340\" src=\"https:\/\/wordpress.nibis.de\/rsgebhardshagen\/files\/2020\/09\/figures-1372458__340.jpg\" alt=\"\" class=\"wp-image-1526\" srcset=\"https:\/\/wordpress.nibis.de\/rsgebhardshagen\/files\/2020\/09\/figures-1372458__340.jpg 667w, https:\/\/wordpress.nibis.de\/rsgebhardshagen\/files\/2020\/09\/figures-1372458__340-300x153.jpg 300w\" sizes=\"auto, (max-width: 667px) 100vw, 667px\" \/><\/figure><\/div>\n\n\n<h3>Das BONA-Projekt<\/h3>\n<p>Die Realschule Gebhardshagen ist Partnerschule des BONA &#8211; Salzgitter &#8211; Projektes.<\/p>\n<p>BONA Salzgitter hei\u00dft vollst\u00e4ndig <strong><span style=\"color: #ff0777\">&#8222;Berufsorientierung und Nachwuchssicherung f\u00fcr gewerblich-technische und naturwissenschaftliche Berufe unter ver\u00e4nderten demografischen Bedingungen in Salzgitter und der Region Braunschweig&#8220;<\/span><\/strong><span style=\"color: #ff7400\"><span style=\"color: #000000\">.<\/span><\/span><\/p>\n<p>Dieses Projekt wurde \u00a02008 ins Leben gerufen und soll eine engere <strong><span style=\"color: #ff0777\">Verzahnung<\/span><\/strong> zwischen <span style=\"color: #ff0777\"><strong>Schulen<\/strong><\/span> und <span style=\"color: #ff0777\"><strong>Unternehmen<\/strong><\/span> erm\u00f6glichen. Das erkl\u00e4rte Ziel ist es, dass eine fr\u00fche Kontaktaufnahme den Sch\u00fclern die Entscheidungsfindung f\u00fcr ihren sp\u00e4teren Berufsweg vereinfachen soll. Au\u00dferdem k\u00f6nnen die Unternehmen geeigneten Auszubildende fr\u00fcher kennen lernen.<\/p>\n<p>Das Bona &#8211; Konzept besteht aus <span style=\"color: #ff0777\"><strong>vier Bausteinen<\/strong><\/span> und beginnt im 2. Halbjahr der 8. Klassen. In den einzelnen Modulen gibt es unter anderem die Experimentiertage, die <span style=\"color: #ff0777\"><strong>BEREIT<\/strong><\/span>-Woche (Berufseignungstest) und die <strong><span style=\"color: #ff0777\">Techniktage<\/span><\/strong>.<\/p>\n<p><strong>1.\u00a0Modul: \u201eInteresse wecken\u201c<\/strong><\/p>\n<p><strong>2. Modul: Berufsorientierung erm\u00f6glichen<\/strong><\/p>\n<p><strong>3 Modul: Entscheidungshilfen geben<\/strong><\/p>\n<p><strong>4. Modul: Interesse erhalten<\/strong><\/p>\n<h3><span style=\"color: #ff7400\">Es gibt noch Fragen?<\/span><\/h3>\n<p>Frau Wiese, unsere BONA-Fachfrau, und alle unsere Wirtschafts- und Physiklehrer helfen Euch und Ihnen gern weiter.<\/p>\n<p>\u00a0<\/p>","protected":false},"excerpt":{"rendered":"<p>Das BONA-Projekt Die Realschule Gebhardshagen ist Partnerschule des BONA &#8211; Salzgitter &#8211; Projektes. BONA Salzgitter hei\u00dft vollst\u00e4ndig &#8222;Berufsorientierung und Nachwuchssicherung f\u00fcr gewerblich-technische und naturwissenschaftliche Berufe unter ver\u00e4nderten demografischen Bedingungen in Salzgitter und der Region Braunschweig&#8220;. Dieses Projekt wurde \u00a02008 ins Leben gerufen und soll eine engere Verzahnung zwischen Schulen und Unternehmen erm\u00f6glichen. Das erkl\u00e4rte Ziel [&hellip;]<\/p>\n","protected":false},"author":9193020,"featured_media":0,"parent":0,"menu_order":0,"comment_status":"closed","ping_status":"closed","template":"","meta":{"footnotes":""},"class_list":["post-265","page","type-page","status-publish","hentry"],"_links":{"self":[{"href":"https:\/\/wordpress.nibis.de\/rsgebhardshagen\/wp-json\/wp\/v2\/pages\/265","targetHints":{"allow":["GET"]}}],"collection":[{"href":"https:\/\/wordpress.nibis.de\/rsgebhardshagen\/wp-json\/wp\/v2\/pages"}],"about":[{"href":"https:\/\/wordpress.nibis.de\/rsgebhardshagen\/wp-json\/wp\/v2\/types\/page"}],"author":[{"embeddable":true,"href":"https:\/\/wordpress.nibis.de\/rsgebhardshagen\/wp-json\/wp\/v2\/users\/9193020"}],"replies":[{"embeddable":true,"href":"https:\/\/wordpress.nibis.de\/rsgebhardshagen\/wp-json\/wp\/v2\/comments?post=265"}],"version-history":[{"count":5,"href":"https:\/\/wordpress.nibis.de\/rsgebhardshagen\/wp-json\/wp\/v2\/pages\/265\/revisions"}],"predecessor-version":[{"id":1529,"href":"https:\/\/wordpress.nibis.de\/rsgebhardshagen\/wp-json\/wp\/v2\/pages\/265\/revisions\/1529"}],"wp:attachment":[{"href":"https:\/\/wordpress.nibis.de\/rsgebhardshagen\/wp-json\/wp\/v2\/media?parent=265"}],"curies":[{"name":"wp","href":"https:\/\/api.w.org\/{rel}","templated":true}]}}