{"id":274,"date":"2019-03-08T08:20:50","date_gmt":"2019-03-08T07:20:50","guid":{"rendered":"https:\/\/wordpress.nibis.de\/rsgebhardshagen\/?page_id=274"},"modified":"2025-02-05T09:31:24","modified_gmt":"2025-02-05T08:31:24","slug":"lieber-abschlussjahrgang-2018-2019","status":"publish","type":"page","link":"https:\/\/wordpress.nibis.de\/rsgebhardshagen\/lieber-abschlussjahrgang-2018-2019\/","title":{"rendered":"Abschlussjahrgang 2024\/ 2025"},"content":{"rendered":"<p class=\"post-title entry-title\"><strong><span style=\"color: #ff7400\">Lieber Abschlussjahrgang 2024\/2025,<\/span><\/strong><\/p>\n<p>das letzte Schuljahr hat f\u00fcr Euch begonnen und d<span style=\"color: #333333\">ie <span style=\"color: #ff0777\"><strong>Abschlusspr\u00fcfungen <\/strong><\/span><\/span>stehen schon fast vor der T\u00fcr.<\/p>\n<div class=\"entry themeform\">\n<div class=\"entry-inner\">\n<p>Damit Ihr immer auf dem Laufenden seid, findet Ihr hier (hoffentlich) hilfreiche Links und Informationen, die Euch Abschlusssch\u00fcler betreffen. Wir w\u00fcnschen Euch ein erfolgreiches letztes Schuljahr\u2026<\/p>\n<p>Denkt bitte daran, dass ihr euch rechtzeitig auf alle Pr\u00fcfungen vorbereitet. Nutzt daf\u00fcr bitte die <span style=\"color: #ff0777\"><strong>Trainingshefte <\/strong><\/span>und teilt euch eure Zeit gut ein. Wir w\u00fcnschen euch viel Durchhalteverm\u00f6gen!<\/p>\n<p>Zu den <span style=\"color: #007777\">\u21d2<strong><a href=\"https:\/\/www.mk.niedersachsen.de\/download\/99041\/Abschlusspruefungen_2025.pdf\">Terminen<\/a><\/strong><\/span>&#8230;<\/p>\n<p>(<span style=\"font-size: revert;color: initial\">und die zugelassene <\/span><span style=\"color: #007777\"><strong>\u21d2 <a style=\"color: #007777\" href=\"https:\/\/bildungsportal-niedersachsen.de\/fileadmin\/4_Allgemeinbildung\/Zentrale_Arbeiten\/ABA2025\/FormelsammlungHS10_RS.pdf\" target=\"_blank\" rel=\"noopener\">Formelsammlung<\/a> <\/strong><\/span><span style=\"font-size: revert;color: initial\">f\u00fcr die Abschlusspr\u00fcfung Mathematik.<\/span><\/p>\n<\/div>\n<\/div>\n\n\n<p><\/p>\n","protected":false},"excerpt":{"rendered":"<p>Lieber Abschlussjahrgang 2024\/2025, das letzte Schuljahr hat f\u00fcr Euch begonnen und die Abschlusspr\u00fcfungen stehen schon fast vor der T\u00fcr. Damit Ihr immer auf dem Laufenden seid, findet Ihr hier (hoffentlich) hilfreiche Links und Informationen, die Euch Abschlusssch\u00fcler betreffen. Wir w\u00fcnschen Euch ein erfolgreiches letztes Schuljahr\u2026 Denkt bitte daran, dass ihr euch rechtzeitig auf alle Pr\u00fcfungen [&hellip;]<\/p>\n","protected":false},"author":9193020,"featured_media":0,"parent":0,"menu_order":0,"comment_status":"closed","ping_status":"closed","template":"","meta":{"footnotes":""},"class_list":["post-274","page","type-page","status-publish","hentry"],"_links":{"self":[{"href":"https:\/\/wordpress.nibis.de\/rsgebhardshagen\/wp-json\/wp\/v2\/pages\/274","targetHints":{"allow":["GET"]}}],"collection":[{"href":"https:\/\/wordpress.nibis.de\/rsgebhardshagen\/wp-json\/wp\/v2\/pages"}],"about":[{"href":"https:\/\/wordpress.nibis.de\/rsgebhardshagen\/wp-json\/wp\/v2\/types\/page"}],"author":[{"embeddable":true,"href":"https:\/\/wordpress.nibis.de\/rsgebhardshagen\/wp-json\/wp\/v2\/users\/9193020"}],"replies":[{"embeddable":true,"href":"https:\/\/wordpress.nibis.de\/rsgebhardshagen\/wp-json\/wp\/v2\/comments?post=274"}],"version-history":[{"count":22,"href":"https:\/\/wordpress.nibis.de\/rsgebhardshagen\/wp-json\/wp\/v2\/pages\/274\/revisions"}],"predecessor-version":[{"id":2470,"href":"https:\/\/wordpress.nibis.de\/rsgebhardshagen\/wp-json\/wp\/v2\/pages\/274\/revisions\/2470"}],"wp:attachment":[{"href":"https:\/\/wordpress.nibis.de\/rsgebhardshagen\/wp-json\/wp\/v2\/media?parent=274"}],"curies":[{"name":"wp","href":"https:\/\/api.w.org\/{rel}","templated":true}]}}