{"id":283,"date":"2019-03-08T08:39:59","date_gmt":"2019-03-08T07:39:59","guid":{"rendered":"https:\/\/wordpress.nibis.de\/rsgebhardshagen\/?page_id=283"},"modified":"2020-09-15T12:23:17","modified_gmt":"2020-09-15T10:23:17","slug":"buecherei","status":"publish","type":"page","link":"https:\/\/wordpress.nibis.de\/rsgebhardshagen\/buecherei\/","title":{"rendered":"B\u00fccherei"},"content":{"rendered":"<p><span style=\"color: #ff7400\"><strong>&#8222;Schockt Eure Eltern- lest ein Buch!&#8220;<\/strong><\/span><\/p>\n<p>T\u00e4glich warten <span style=\"color: #ff0777\"><strong>ca. 1000 B\u00fccher<\/strong><\/span>, viele Jugendzeitschriften und auch H\u00f6rspiele auf euch!<\/p>\n<p>Ob Sachbuch, Abenteuerroman, Krimi oder Comic \u2026 Das B\u00fccherei-Team unter der Leitung von <span style=\"color: #ff0777\"><strong>Frau Hollmann<\/strong><\/span> ber\u00e4t Euch gern.<\/p>\n<p>Zur Entspannung k\u00f6nnt ihr auch in Jugend- oder Sportzeitschriften bl\u00e4ttern.<\/p>\n<p>Vergesst Euren <strong><span style=\"color: #ff0777\">B\u00fccherei-Ausweis<\/span><\/strong> nicht, wenn Ihr Euch etwas Sch\u00f6nes ausleihen m\u00f6chtet.<\/p>\n\n\n<div class=\"wp-block-image\"><figure class=\"aligncenter size-large\"><img loading=\"lazy\" decoding=\"async\" width=\"509\" height=\"340\" src=\"https:\/\/wordpress.nibis.de\/rsgebhardshagen\/files\/2020\/09\/books-1655783__340.jpg\" alt=\"\" class=\"wp-image-1612\" srcset=\"https:\/\/wordpress.nibis.de\/rsgebhardshagen\/files\/2020\/09\/books-1655783__340.jpg 509w, https:\/\/wordpress.nibis.de\/rsgebhardshagen\/files\/2020\/09\/books-1655783__340-300x200.jpg 300w\" sizes=\"auto, (max-width: 509px) 100vw, 509px\" \/><\/figure><\/div>\n","protected":false},"excerpt":{"rendered":"<p>&#8222;Schockt Eure Eltern- lest ein Buch!&#8220; T\u00e4glich warten ca. 1000 B\u00fccher, viele Jugendzeitschriften und auch H\u00f6rspiele auf euch! Ob Sachbuch, Abenteuerroman, Krimi oder Comic \u2026 Das B\u00fccherei-Team unter der Leitung von Frau Hollmann ber\u00e4t Euch gern. Zur Entspannung k\u00f6nnt ihr auch in Jugend- oder Sportzeitschriften bl\u00e4ttern. Vergesst Euren B\u00fccherei-Ausweis nicht, wenn Ihr Euch etwas Sch\u00f6nes [&hellip;]<\/p>\n","protected":false},"author":9193020,"featured_media":0,"parent":0,"menu_order":0,"comment_status":"closed","ping_status":"closed","template":"","meta":{"footnotes":""},"class_list":["post-283","page","type-page","status-publish","hentry"],"_links":{"self":[{"href":"https:\/\/wordpress.nibis.de\/rsgebhardshagen\/wp-json\/wp\/v2\/pages\/283","targetHints":{"allow":["GET"]}}],"collection":[{"href":"https:\/\/wordpress.nibis.de\/rsgebhardshagen\/wp-json\/wp\/v2\/pages"}],"about":[{"href":"https:\/\/wordpress.nibis.de\/rsgebhardshagen\/wp-json\/wp\/v2\/types\/page"}],"author":[{"embeddable":true,"href":"https:\/\/wordpress.nibis.de\/rsgebhardshagen\/wp-json\/wp\/v2\/users\/9193020"}],"replies":[{"embeddable":true,"href":"https:\/\/wordpress.nibis.de\/rsgebhardshagen\/wp-json\/wp\/v2\/comments?post=283"}],"version-history":[{"count":2,"href":"https:\/\/wordpress.nibis.de\/rsgebhardshagen\/wp-json\/wp\/v2\/pages\/283\/revisions"}],"predecessor-version":[{"id":1613,"href":"https:\/\/wordpress.nibis.de\/rsgebhardshagen\/wp-json\/wp\/v2\/pages\/283\/revisions\/1613"}],"wp:attachment":[{"href":"https:\/\/wordpress.nibis.de\/rsgebhardshagen\/wp-json\/wp\/v2\/media?parent=283"}],"curies":[{"name":"wp","href":"https:\/\/api.w.org\/{rel}","templated":true}]}}