{"id":293,"date":"2019-03-08T09:10:22","date_gmt":"2019-03-08T08:10:22","guid":{"rendered":"https:\/\/wordpress.nibis.de\/rsgebhardshagen\/?page_id=293"},"modified":"2020-09-21T20:40:35","modified_gmt":"2020-09-21T18:40:35","slug":"biz-besuch-in-klasse-9","status":"publish","type":"page","link":"https:\/\/wordpress.nibis.de\/rsgebhardshagen\/biz-besuch-in-klasse-9\/","title":{"rendered":"BIZ-Besuch in Klasse 9"},"content":{"rendered":"\n<div class=\"wp-block-image\"><figure class=\"aligncenter size-large\"><img loading=\"lazy\" decoding=\"async\" width=\"622\" height=\"340\" src=\"https:\/\/wordpress.nibis.de\/rsgebhardshagen\/files\/2020\/09\/board-2433982__340.jpg\" alt=\"\" class=\"wp-image-1672\" srcset=\"https:\/\/wordpress.nibis.de\/rsgebhardshagen\/files\/2020\/09\/board-2433982__340.jpg 622w, https:\/\/wordpress.nibis.de\/rsgebhardshagen\/files\/2020\/09\/board-2433982__340-300x164.jpg 300w\" sizes=\"auto, (max-width: 622px) 100vw, 622px\" \/><\/figure><\/div>\n\n\n<p>Jedes Jahr fahren die 9. Klassen gemeinsam mit ihren Wirtschaftslehrern im Rahmen des <span style=\"color: #ff0777\"><strong>Berufsorientierungsprogramms<\/strong><\/span> unserer Schule ins <span style=\"color: #ff0777\"><strong>Berufsinformationszentrum<\/strong><\/span> nach Braunschweig.<\/p>\n<p>Unser Berufsberater, informiert uns dort \u00fcber das Thema Berufe und Berufsw\u00fcnsche und wo man sich entsprechend informieren kann. Daf\u00fcr wurde uns die Seite <strong><span style=\"color: #007777\">\u21d2<a style=\"color: #007777\" href=\"http:\/\/www.planet-beruf.de\/schuelerinnen\/\">planet-berufe<\/a> <\/span><\/strong>vorgeschlagen, auf der man sehr genau alles \u00fcber seinen <span style=\"color: #ff0777\"><strong>Wunschberuf<\/strong><\/span> erfahrt. Schaut euch doch auch einmal auf dieser Seite um\u2026<\/p>\n<p>Auch das Einsch\u00e4tzen von <strong><span style=\"color: #ff0777\">St\u00e4rken<\/span><\/strong> und <strong><span style=\"color: #ff0777\">Schw\u00e4chen<\/span><\/strong> spielt (nicht nur) an diesem Tag eine wichtige Rolle.<\/p>\n<p>Mit all diesen Informationen geht es dann sp\u00e4ter zum <strong><span style=\"color: #007777\">\u21d2<\/span><span style=\"color: #007777\"><a style=\"color: #007777\" href=\"https:\/\/wordpress.nibis.de\/rsgebhardshagen\/betriebspraktikum\/\"><strong><span style=\"color: #007777\">Betriebspraktikum<\/span><\/strong>&#8230;<\/a><\/span><\/strong><\/p>","protected":false},"excerpt":{"rendered":"<p>Jedes Jahr fahren die 9. Klassen gemeinsam mit ihren Wirtschaftslehrern im Rahmen des Berufsorientierungsprogramms unserer Schule ins Berufsinformationszentrum nach Braunschweig. Unser Berufsberater, informiert uns dort \u00fcber das Thema Berufe und Berufsw\u00fcnsche und wo man sich entsprechend informieren kann. Daf\u00fcr wurde uns die Seite \u21d2planet-berufe vorgeschlagen, auf der man sehr genau alles \u00fcber seinen Wunschberuf erfahrt. [&hellip;]<\/p>\n","protected":false},"author":9193020,"featured_media":0,"parent":0,"menu_order":0,"comment_status":"closed","ping_status":"closed","template":"","meta":{"footnotes":""},"class_list":["post-293","page","type-page","status-publish","hentry"],"_links":{"self":[{"href":"https:\/\/wordpress.nibis.de\/rsgebhardshagen\/wp-json\/wp\/v2\/pages\/293","targetHints":{"allow":["GET"]}}],"collection":[{"href":"https:\/\/wordpress.nibis.de\/rsgebhardshagen\/wp-json\/wp\/v2\/pages"}],"about":[{"href":"https:\/\/wordpress.nibis.de\/rsgebhardshagen\/wp-json\/wp\/v2\/types\/page"}],"author":[{"embeddable":true,"href":"https:\/\/wordpress.nibis.de\/rsgebhardshagen\/wp-json\/wp\/v2\/users\/9193020"}],"replies":[{"embeddable":true,"href":"https:\/\/wordpress.nibis.de\/rsgebhardshagen\/wp-json\/wp\/v2\/comments?post=293"}],"version-history":[{"count":5,"href":"https:\/\/wordpress.nibis.de\/rsgebhardshagen\/wp-json\/wp\/v2\/pages\/293\/revisions"}],"predecessor-version":[{"id":1737,"href":"https:\/\/wordpress.nibis.de\/rsgebhardshagen\/wp-json\/wp\/v2\/pages\/293\/revisions\/1737"}],"wp:attachment":[{"href":"https:\/\/wordpress.nibis.de\/rsgebhardshagen\/wp-json\/wp\/v2\/media?parent=293"}],"curies":[{"name":"wp","href":"https:\/\/api.w.org\/{rel}","templated":true}]}}