{"id":310,"date":"2019-03-08T10:13:59","date_gmt":"2019-03-08T09:13:59","guid":{"rendered":"https:\/\/wordpress.nibis.de\/rsgebhardshagen\/?page_id=310"},"modified":"2021-07-14T12:51:07","modified_gmt":"2021-07-14T10:51:07","slug":"kunst","status":"publish","type":"page","link":"https:\/\/wordpress.nibis.de\/rsgebhardshagen\/kunst\/","title":{"rendered":"Kunst"},"content":{"rendered":"<p>Auch die <span style=\"color: #ff0777\"><strong>Kreativit\u00e4t<\/strong><\/span> soll an unsere Schule nicht zu kurz kommen. Deshalb bem\u00fcht sich die Fachschaft Kunst sehr darum, dass alle Sch\u00fclerinnen und Sch\u00fcler an unserer Schule die M\u00f6glichkeit bekommen, sich k\u00fcnstlerisch auszuprobieren. Dabei geht es nicht nur darum, dass das Produkt am Ende <span style=\"color: #ff0777\"><strong>ansprechend<\/strong><\/span> aussieht, sondern auch wie der <strong><span style=\"color: #ff0777\">Arbeitsprozess<\/span><\/strong> gestaltet wurde.<\/p>\n<p>Das Fach Kunst ist an unserer Schule sehr <span style=\"color: #ff0777\"><strong>vielf\u00e4ltig<\/strong><\/span>. Es werden Zeichnungen mit Fluchtpunktperspektive erstellt, afrikanische T\u00e4nzerinnen modelliert, Requisiten f\u00fcr den WPK-Theater hergestellt, ausgesonderte St\u00fchle neu gestaltet und damit zu neuem Leben erweckt, &#8222;Kunst im Schuhkarton&#8220; erprobt, Farbkreise besprochen, Collagen erstellt und mit der Wirkung von Farben und Formen experimentiert.<\/p>\n<p>Unser Kunstraum wurde von unseren Sch\u00fclerinnen und Sch\u00fclern <span style=\"color: #ff0777\"><strong>gestaltet<\/strong><\/span> und bietet jede Menge <span style=\"color: #ff0777\"><strong>Materialien<\/strong><\/span>, mit denen gearbeitet werden kann.<\/p>\n<p>Au\u00dferdem gibt es f\u00fcr jede Klasse eine eigene gro\u00dfe Schrankbox, in welcher die Materialien und Arbeiten gesammelt werden k\u00f6nnen, so dass man nicht jedes Mal alles von zu Hause mitbringen muss.<\/p>\n\n\n<div class=\"wp-block-image\"><figure class=\"aligncenter size-medium\"><img loading=\"lazy\" decoding=\"async\" width=\"225\" height=\"300\" src=\"https:\/\/wordpress.nibis.de\/rsgebhardshagen\/files\/2021\/07\/20210630_083718-225x300.jpg\" alt=\"\" class=\"wp-image-2010\" srcset=\"https:\/\/wordpress.nibis.de\/rsgebhardshagen\/files\/2021\/07\/20210630_083718-225x300.jpg 225w, https:\/\/wordpress.nibis.de\/rsgebhardshagen\/files\/2021\/07\/20210630_083718-768x1024.jpg 768w, https:\/\/wordpress.nibis.de\/rsgebhardshagen\/files\/2021\/07\/20210630_083718-1152x1536.jpg 1152w, https:\/\/wordpress.nibis.de\/rsgebhardshagen\/files\/2021\/07\/20210630_083718-1536x2048.jpg 1536w, https:\/\/wordpress.nibis.de\/rsgebhardshagen\/files\/2021\/07\/20210630_083718-scaled.jpg 1920w\" sizes=\"auto, (max-width: 225px) 100vw, 225px\" \/><figcaption>Sch\u00fclerbeit 8. Klasse; 2021<\/figcaption><\/figure><\/div>\n\n\n\n\n\n<figure class=\"wp-block-video\"><video height=\"1920\" style=\"aspect-ratio: 1024 \/ 1920;\" width=\"1024\" controls src=\"https:\/\/wordpress.nibis.de\/rsgebhardshagen\/files\/2021\/07\/Sch\u00fclerarbeit-Video-Kunst.mov\"><\/video><\/figure>\n","protected":false},"excerpt":{"rendered":"<p>Auch die Kreativit\u00e4t soll an unsere Schule nicht zu kurz kommen. Deshalb bem\u00fcht sich die Fachschaft Kunst sehr darum, dass alle Sch\u00fclerinnen und Sch\u00fcler an unserer Schule die M\u00f6glichkeit bekommen, sich k\u00fcnstlerisch auszuprobieren. Dabei geht es nicht nur darum, dass das Produkt am Ende ansprechend aussieht, sondern auch wie der Arbeitsprozess gestaltet wurde. Das Fach [&hellip;]<\/p>\n","protected":false},"author":9193020,"featured_media":0,"parent":0,"menu_order":0,"comment_status":"closed","ping_status":"closed","template":"","meta":{"footnotes":""},"class_list":["post-310","page","type-page","status-publish","hentry"],"_links":{"self":[{"href":"https:\/\/wordpress.nibis.de\/rsgebhardshagen\/wp-json\/wp\/v2\/pages\/310","targetHints":{"allow":["GET"]}}],"collection":[{"href":"https:\/\/wordpress.nibis.de\/rsgebhardshagen\/wp-json\/wp\/v2\/pages"}],"about":[{"href":"https:\/\/wordpress.nibis.de\/rsgebhardshagen\/wp-json\/wp\/v2\/types\/page"}],"author":[{"embeddable":true,"href":"https:\/\/wordpress.nibis.de\/rsgebhardshagen\/wp-json\/wp\/v2\/users\/9193020"}],"replies":[{"embeddable":true,"href":"https:\/\/wordpress.nibis.de\/rsgebhardshagen\/wp-json\/wp\/v2\/comments?post=310"}],"version-history":[{"count":19,"href":"https:\/\/wordpress.nibis.de\/rsgebhardshagen\/wp-json\/wp\/v2\/pages\/310\/revisions"}],"predecessor-version":[{"id":2063,"href":"https:\/\/wordpress.nibis.de\/rsgebhardshagen\/wp-json\/wp\/v2\/pages\/310\/revisions\/2063"}],"wp:attachment":[{"href":"https:\/\/wordpress.nibis.de\/rsgebhardshagen\/wp-json\/wp\/v2\/media?parent=310"}],"curies":[{"name":"wp","href":"https:\/\/api.w.org\/{rel}","templated":true}]}}