{"id":313,"date":"2019-03-08T10:18:06","date_gmt":"2019-03-08T09:18:06","guid":{"rendered":"https:\/\/wordpress.nibis.de\/rsgebhardshagen\/?page_id=313"},"modified":"2020-09-21T20:47:43","modified_gmt":"2020-09-21T18:47:43","slug":"sport","status":"publish","type":"page","link":"https:\/\/wordpress.nibis.de\/rsgebhardshagen\/sport\/","title":{"rendered":"Sport"},"content":{"rendered":"<p>Sport spielt an unserer Schule eine wichtige Rolle. Dies zeigt sich in jeder Pause: Die Wiese auf dem Schulgel\u00e4nde wird zum <span style=\"color: #ff0777\"><strong>Fu\u00dfballspielen<\/strong><\/span> genutzt, an den Tischtennisplatten entwickeln unsere Sch\u00fcler kreativ verschiedene Spielformen und an der <span style=\"color: #ff0777\"><strong>Basketballanlage<\/strong><\/span> werden Korbleger und Freiw\u00fcrfe ge\u00fcbt.<br \/>Neben regelm\u00e4\u00dfig stattfindenden <span style=\"color: #ff0777\"><strong>Sportabzeichenfesten<\/strong><\/span> sowie Fu\u00dfball-, <span style=\"color: #007777\"><strong>\u21d2<\/strong><\/span><a href=\"https:\/\/wordpress.nibis.de\/rsgebhardshagen\/volleyballplatz\/\"><span style=\"color: #007777\"><strong>Beachvolleyball<\/strong><\/span>&#8211;<\/a> und <span style=\"color: #ff0777\"><strong>V\u00f6lkerballwettk\u00e4mpfen<\/strong><\/span> beteiligt sich unsere Schule jedes Jahr am Wettbewerb <span style=\"color: #ff0777\"><strong>\u201eJugend trainiert f\u00fcr Olympia\u201c<\/strong><\/span> in der Disziplin Fu\u00dfball sowie an verschiedenen <span style=\"color: #ff0777\"><strong>Schulwettbewerben<\/strong><\/span> auf Kreisebene.<br \/>Seit 2009 f\u00e4hrt eine Gruppe von Sch\u00fclern und Sch\u00fclerinnen der Jahrg\u00e4nge 6-10 regelm\u00e4\u00dfig zum <strong><span style=\"color: #007777\">\u21d2<a style=\"color: #007777\" href=\"https:\/\/wordpress.nibis.de\/rsgebhardshagen\/skikurs-fieberbrunn\/\">Skifahren<\/a> <\/span><\/strong>nach \u00d6sterreich.<\/p>\n<p>Sehr viel Ehrgeiz und Einsatz entwickeln Sch\u00fcler unserer Schule, die seit einigen Jahren erfolgreich am<span style=\"color: #007777\"><strong>\u00a0\u21d2<\/strong><a style=\"color: #007777\" href=\"https:\/\/wordpress.nibis.de\/rsgebhardshagen\/drachenbootrennen-2015\/\"><strong><span style=\"color: #007777\">Drac<\/span>henbootcup<\/strong><\/a><\/span> in Salzgitter teilnehmen.<br \/>Der Sportunterricht wird im Klassenverband und durchgehend koedukativ erteilt.<br \/>Schwimmunterricht wird halbj\u00e4hrlich verbindlich in der Jahrgangsstufe 5 angeboten.<br \/>Einige jahrgangs\u00fcbergreifende <span style=\"color: #ff0777\"><strong>Arbeitsgemeinschaften<\/strong><\/span> runden das Sportangebot ab.<\/p>\n\n\n<div class=\"wp-block-image\"><figure class=\"aligncenter size-large\"><img loading=\"lazy\" decoding=\"async\" width=\"510\" height=\"340\" src=\"https:\/\/wordpress.nibis.de\/rsgebhardshagen\/files\/2020\/09\/dumbbells-2465478__340.jpg\" alt=\"\" class=\"wp-image-1652\" srcset=\"https:\/\/wordpress.nibis.de\/rsgebhardshagen\/files\/2020\/09\/dumbbells-2465478__340.jpg 510w, https:\/\/wordpress.nibis.de\/rsgebhardshagen\/files\/2020\/09\/dumbbells-2465478__340-300x200.jpg 300w\" sizes=\"auto, (max-width: 510px) 100vw, 510px\" \/><\/figure><\/div>\n","protected":false},"excerpt":{"rendered":"<p>Sport spielt an unserer Schule eine wichtige Rolle. Dies zeigt sich in jeder Pause: Die Wiese auf dem Schulgel\u00e4nde wird zum Fu\u00dfballspielen genutzt, an den Tischtennisplatten entwickeln unsere Sch\u00fcler kreativ verschiedene Spielformen und an der Basketballanlage werden Korbleger und Freiw\u00fcrfe ge\u00fcbt.Neben regelm\u00e4\u00dfig stattfindenden Sportabzeichenfesten sowie Fu\u00dfball-, \u21d2Beachvolleyball&#8211; und V\u00f6lkerballwettk\u00e4mpfen beteiligt sich unsere Schule jedes Jahr [&hellip;]<\/p>\n","protected":false},"author":9193020,"featured_media":0,"parent":0,"menu_order":0,"comment_status":"closed","ping_status":"closed","template":"","meta":{"footnotes":""},"class_list":["post-313","page","type-page","status-publish","hentry"],"_links":{"self":[{"href":"https:\/\/wordpress.nibis.de\/rsgebhardshagen\/wp-json\/wp\/v2\/pages\/313","targetHints":{"allow":["GET"]}}],"collection":[{"href":"https:\/\/wordpress.nibis.de\/rsgebhardshagen\/wp-json\/wp\/v2\/pages"}],"about":[{"href":"https:\/\/wordpress.nibis.de\/rsgebhardshagen\/wp-json\/wp\/v2\/types\/page"}],"author":[{"embeddable":true,"href":"https:\/\/wordpress.nibis.de\/rsgebhardshagen\/wp-json\/wp\/v2\/users\/9193020"}],"replies":[{"embeddable":true,"href":"https:\/\/wordpress.nibis.de\/rsgebhardshagen\/wp-json\/wp\/v2\/comments?post=313"}],"version-history":[{"count":4,"href":"https:\/\/wordpress.nibis.de\/rsgebhardshagen\/wp-json\/wp\/v2\/pages\/313\/revisions"}],"predecessor-version":[{"id":1743,"href":"https:\/\/wordpress.nibis.de\/rsgebhardshagen\/wp-json\/wp\/v2\/pages\/313\/revisions\/1743"}],"wp:attachment":[{"href":"https:\/\/wordpress.nibis.de\/rsgebhardshagen\/wp-json\/wp\/v2\/media?parent=313"}],"curies":[{"name":"wp","href":"https:\/\/api.w.org\/{rel}","templated":true}]}}