{"id":317,"date":"2019-03-08T10:28:58","date_gmt":"2019-03-08T09:28:58","guid":{"rendered":"https:\/\/wordpress.nibis.de\/rsgebhardshagen\/?page_id=317"},"modified":"2020-09-21T20:45:10","modified_gmt":"2020-09-21T18:45:10","slug":"deutsch","status":"publish","type":"page","link":"https:\/\/wordpress.nibis.de\/rsgebhardshagen\/deutsch\/","title":{"rendered":"Deutsch"},"content":{"rendered":"\n<div class=\"wp-block-image\"><figure class=\"aligncenter size-large\"><img loading=\"lazy\" decoding=\"async\" width=\"544\" height=\"340\" src=\"https:\/\/wordpress.nibis.de\/rsgebhardshagen\/files\/2020\/09\/book-863418__340.jpg\" alt=\"\" class=\"wp-image-1738\" srcset=\"https:\/\/wordpress.nibis.de\/rsgebhardshagen\/files\/2020\/09\/book-863418__340.jpg 544w, https:\/\/wordpress.nibis.de\/rsgebhardshagen\/files\/2020\/09\/book-863418__340-300x188.jpg 300w\" sizes=\"auto, (max-width: 544px) 100vw, 544px\" \/><\/figure><\/div>\n\n\n<p>Das <strong><span style=\"color: #ff0777\">Fundament<\/span><\/strong> des Deutschunterrichts an unserer Realschule ist ein intern erarbeitetes und<span style=\"color: #ff0777\"><strong> verbindliches Fachcurriculum<\/strong><\/span>, das regelm\u00e4\u00dfig \u00fcberpr\u00fcft und aktualisiert wird.<br \/>Die \u00dcberpr\u00fcfung und Aktualisierung sind sowohl an das<span style=\"color: #993366\"> z<\/span>entrale Kerncurriculum des Nieders\u00e4chsischen Kultusministeriums bzw. an die <strong><span style=\"color: #ff0777\">Pr\u00fcfungsanforderungen <\/span><\/strong>gebunden als auch an die Einf\u00fchrung neuer Lehrwerke.<br \/>Zur St\u00e4rkung der Lese- und Rechtschreibkompetenz wird an unserer Schule in den Jahrg\u00e4ngen 5 bis 7\u00a0<strong><span style=\"color: #ff0777\">F\u00f6rderunterricht<\/span><\/strong> angeboten.<\/p>\n<p>F\u00fcr Kinder mit einer nachgewiesenen <strong><span style=\"color: #ff0777\">Lese- und Rechtschreibschw\u00e4che<\/span><\/strong> gibt es spezielle F\u00f6rderkurse, die von einer qualifizierten Fachlehrkraft durchgef\u00fchrt werden.<br \/>Die Lernf\u00f6rderung individueller Begabungen wird f\u00fcr Sch\u00fclerinnen und Sch\u00fcler der Klassen 6 bis 10 in Wahlpflichtkursen (<strong><span style=\"color: #ff0777\">Literatur, Theater, <\/span><\/strong>\u2026) erm\u00f6glicht.<br \/>Zur F\u00f6rderung der Lesekompetenz finden regelm\u00e4\u00dfig Projekte in der Schulb\u00fccherei statt, wie zum Beispiel <span style=\"color: #ff0777\"><strong>Gro\u00dfe lesen f\u00fcr Kleine<\/strong><\/span>, <strong><span style=\"color: #ff0777\">Buchvorstellungen<\/span><\/strong>, <span style=\"color: #ff0777\"><strong>Vorbereitung auf den Vorlesewettbewerb in der 6. Klasse<\/strong><\/span> u. a.<\/p>","protected":false},"excerpt":{"rendered":"<p>Das Fundament des Deutschunterrichts an unserer Realschule ist ein intern erarbeitetes und verbindliches Fachcurriculum, das regelm\u00e4\u00dfig \u00fcberpr\u00fcft und aktualisiert wird.Die \u00dcberpr\u00fcfung und Aktualisierung sind sowohl an das zentrale Kerncurriculum des Nieders\u00e4chsischen Kultusministeriums bzw. an die Pr\u00fcfungsanforderungen gebunden als auch an die Einf\u00fchrung neuer Lehrwerke.Zur St\u00e4rkung der Lese- und Rechtschreibkompetenz wird an unserer Schule in den [&hellip;]<\/p>\n","protected":false},"author":9193020,"featured_media":0,"parent":0,"menu_order":0,"comment_status":"closed","ping_status":"closed","template":"","meta":{"footnotes":""},"class_list":["post-317","page","type-page","status-publish","hentry"],"_links":{"self":[{"href":"https:\/\/wordpress.nibis.de\/rsgebhardshagen\/wp-json\/wp\/v2\/pages\/317","targetHints":{"allow":["GET"]}}],"collection":[{"href":"https:\/\/wordpress.nibis.de\/rsgebhardshagen\/wp-json\/wp\/v2\/pages"}],"about":[{"href":"https:\/\/wordpress.nibis.de\/rsgebhardshagen\/wp-json\/wp\/v2\/types\/page"}],"author":[{"embeddable":true,"href":"https:\/\/wordpress.nibis.de\/rsgebhardshagen\/wp-json\/wp\/v2\/users\/9193020"}],"replies":[{"embeddable":true,"href":"https:\/\/wordpress.nibis.de\/rsgebhardshagen\/wp-json\/wp\/v2\/comments?post=317"}],"version-history":[{"count":9,"href":"https:\/\/wordpress.nibis.de\/rsgebhardshagen\/wp-json\/wp\/v2\/pages\/317\/revisions"}],"predecessor-version":[{"id":1741,"href":"https:\/\/wordpress.nibis.de\/rsgebhardshagen\/wp-json\/wp\/v2\/pages\/317\/revisions\/1741"}],"wp:attachment":[{"href":"https:\/\/wordpress.nibis.de\/rsgebhardshagen\/wp-json\/wp\/v2\/media?parent=317"}],"curies":[{"name":"wp","href":"https:\/\/api.w.org\/{rel}","templated":true}]}}