{"id":332,"date":"2019-03-08T10:57:17","date_gmt":"2019-03-08T09:57:17","guid":{"rendered":"https:\/\/wordpress.nibis.de\/rsgebhardshagen\/?page_id=332"},"modified":"2020-09-15T10:35:18","modified_gmt":"2020-09-15T08:35:18","slug":"mobbing-interventions-team","status":"publish","type":"page","link":"https:\/\/wordpress.nibis.de\/rsgebhardshagen\/mobbing-interventions-team\/","title":{"rendered":"Mobbing-Interventions-Team"},"content":{"rendered":"\n<div class=\"wp-block-image\"><figure class=\"aligncenter size-large\"><img loading=\"lazy\" decoding=\"async\" width=\"523\" height=\"340\" src=\"https:\/\/wordpress.nibis.de\/rsgebhardshagen\/files\/2020\/09\/desperate-2293377__340.jpg\" alt=\"\" class=\"wp-image-1566\" srcset=\"https:\/\/wordpress.nibis.de\/rsgebhardshagen\/files\/2020\/09\/desperate-2293377__340.jpg 523w, https:\/\/wordpress.nibis.de\/rsgebhardshagen\/files\/2020\/09\/desperate-2293377__340-300x195.jpg 300w\" sizes=\"auto, (max-width: 523px) 100vw, 523px\" \/><\/figure><\/div>\n\n\n<p><strong><span style=\"color: #ff7400\">Was ist Mobbing?<\/span><\/strong><\/p>\n<p>Unter dem Begriff Mobbing versteht man, das einem Menschen \u00fcber einen l\u00e4ngeren Zeitraum gezielt <strong><span style=\"color: #ff0777\">Unannehmlichkeiten<\/span><\/strong> oder <strong><span style=\"color: #ff0777\">Schaden<\/span><\/strong> zugef\u00fcgt werden. Leider kann Mobbing in allen Altersstufen und Schulformen statt finden. Es handelt sich dabei nicht nur um einen kurzen Streit, oder etwas, was wieder &#8222;von selbst aufh\u00f6rt&#8220;. Vielmehr <strong><span style=\"color: #ff0777\">leiden<\/span><\/strong> h\u00e4ufig alle Beteiligten unter der Situation und sind einer gro\u00dfen, <strong><span style=\"color: #ff0777\">psychischen Belastung<\/span><\/strong> ausgesetzt.<\/p>\n<p>Aus diesem Grund hat unsere Schule das Mobbing-Interventionsteam (<strong><span style=\"color: #ff0777\">MIT<\/span><\/strong>) als festen Bestandteil des Schullebens integriert.<\/p>\n<p><strong><span style=\"color: #ff7400\">Was macht das MIT?<\/span><\/strong><\/p>\n<p>Das MIT hilft immer dann, wenn ihr unsere <strong><span style=\"color: #ff0777\">Hilfe<\/span><\/strong> beim Thema Mobbing ben\u00f6tigt. Ihr k\u00f6nnt uns ansprechen, wenn ihr das Gef\u00fchl habt, dass jemand gezielt gemobbt wird. Nat\u00fcrlich sind wir auch f\u00fcr Euch da, wenn ihr Hilfe in der Klasse ben\u00f6tigt oder einfach mehr Informationen zum Thema haben m\u00f6chtet.<\/p>\n<p>Wichtig ist, dass Ihr mit uns <strong><span style=\"color: #ff0777\">sprechen<\/span><\/strong> k\u00f6nnt. Was Ihr uns sagt, bleibt unter uns und wird nicht weiter erz\u00e4hlt. Versprochen!<\/p>\n<p>Wir alle wollen, dass jeder <strong><span style=\"color: #ff0777\">ohne Angst<\/span><\/strong> zur Schule gehen kann.<\/p>\n<p>Sprecht uns einfach an. Gemeinsam finden wir ganz bestimmt eine <strong><span style=\"color: #ff0777\">L\u00f6sung<\/span><\/strong>.<\/p>\n<p>Eure Frau Bollmeier und Frau Lehmann<\/p>\n\n","protected":false},"excerpt":{"rendered":"<p>Was ist Mobbing? Unter dem Begriff Mobbing versteht man, das einem Menschen \u00fcber einen l\u00e4ngeren Zeitraum gezielt Unannehmlichkeiten oder Schaden zugef\u00fcgt werden. Leider kann Mobbing in allen Altersstufen und Schulformen statt finden. Es handelt sich dabei nicht nur um einen kurzen Streit, oder etwas, was wieder &#8222;von selbst aufh\u00f6rt&#8220;. Vielmehr leiden h\u00e4ufig alle Beteiligten unter [&hellip;]<\/p>\n","protected":false},"author":9193020,"featured_media":0,"parent":0,"menu_order":0,"comment_status":"closed","ping_status":"closed","template":"","meta":{"footnotes":""},"class_list":["post-332","page","type-page","status-publish","hentry"],"_links":{"self":[{"href":"https:\/\/wordpress.nibis.de\/rsgebhardshagen\/wp-json\/wp\/v2\/pages\/332","targetHints":{"allow":["GET"]}}],"collection":[{"href":"https:\/\/wordpress.nibis.de\/rsgebhardshagen\/wp-json\/wp\/v2\/pages"}],"about":[{"href":"https:\/\/wordpress.nibis.de\/rsgebhardshagen\/wp-json\/wp\/v2\/types\/page"}],"author":[{"embeddable":true,"href":"https:\/\/wordpress.nibis.de\/rsgebhardshagen\/wp-json\/wp\/v2\/users\/9193020"}],"replies":[{"embeddable":true,"href":"https:\/\/wordpress.nibis.de\/rsgebhardshagen\/wp-json\/wp\/v2\/comments?post=332"}],"version-history":[{"count":4,"href":"https:\/\/wordpress.nibis.de\/rsgebhardshagen\/wp-json\/wp\/v2\/pages\/332\/revisions"}],"predecessor-version":[{"id":1568,"href":"https:\/\/wordpress.nibis.de\/rsgebhardshagen\/wp-json\/wp\/v2\/pages\/332\/revisions\/1568"}],"wp:attachment":[{"href":"https:\/\/wordpress.nibis.de\/rsgebhardshagen\/wp-json\/wp\/v2\/media?parent=332"}],"curies":[{"name":"wp","href":"https:\/\/api.w.org\/{rel}","templated":true}]}}