{"id":335,"date":"2019-03-08T11:00:50","date_gmt":"2019-03-08T10:00:50","guid":{"rendered":"https:\/\/wordpress.nibis.de\/rsgebhardshagen\/?page_id=335"},"modified":"2019-03-08T11:00:51","modified_gmt":"2019-03-08T10:00:51","slug":"museumstagebuch-2010","status":"publish","type":"page","link":"https:\/\/wordpress.nibis.de\/rsgebhardshagen\/museumstagebuch-2010\/","title":{"rendered":"Museumstagebuch 2010"},"content":{"rendered":"\n<p>Ein besonderes Projekt war der Besuch des Museums <span style=\"color: #ad7ede\">Schloss Salder<\/span> in Klasse 6 zum Thema <span style=\"color: #ad7ede\">Mittelalter<span style=\"color: #000000\">. <\/span><\/span>Das Besondere war hier nicht nur der <span style=\"color: #ad7ede\">Besuch<\/span> an sich, sondern das <span style=\"color: #ad7ede\">Museumstagebuch<\/span>, das die Sch\u00fclerinnen und Sch\u00fcler im Vorfeld bekommen haben.<br \/>Dies setzte sich zusammen aus einem R\u00e4tsel-Teil, in dem mehrere Ausschnitte aus Fotos der Exponate gezeigt waren, die die Sch\u00fcler dann mithilfe der Ausstellung wiedererkennen und beschreiben sollten. Diese \u201e<span style=\"color: #ad7ede\">Rallye<\/span>\u201c durch das Museum war schon so motivierend f\u00fcr die Sch\u00fcler\/innen, dass sie immer wieder detaillierte Fragen zu einzelnen Ausstellungsr\u00e4umen oder \u2013st\u00fccken stellten.<br \/>Der zweite Teil des Tagebuchs war sehr frei gehalten; die Sch\u00fcler\/innen sollten hier jeweils eine <span style=\"color: #ad7ede\">Doppelseite pro Ausstellungsraum selbst gestalten<\/span>, wobei einige Fragen als Hilfestellung vorgegeben waren.<\/p>\n","protected":false},"excerpt":{"rendered":"<p>Ein besonderes Projekt war der Besuch des Museums Schloss Salder in Klasse 6 zum Thema Mittelalter. Das Besondere war hier nicht nur der Besuch an sich, sondern das Museumstagebuch, das die Sch\u00fclerinnen und Sch\u00fcler im Vorfeld bekommen haben.Dies setzte sich zusammen aus einem R\u00e4tsel-Teil, in dem mehrere Ausschnitte aus Fotos der Exponate gezeigt waren, die [&hellip;]<\/p>\n","protected":false},"author":9193020,"featured_media":0,"parent":0,"menu_order":0,"comment_status":"closed","ping_status":"closed","template":"","meta":{"footnotes":""},"class_list":["post-335","page","type-page","status-publish","hentry"],"_links":{"self":[{"href":"https:\/\/wordpress.nibis.de\/rsgebhardshagen\/wp-json\/wp\/v2\/pages\/335","targetHints":{"allow":["GET"]}}],"collection":[{"href":"https:\/\/wordpress.nibis.de\/rsgebhardshagen\/wp-json\/wp\/v2\/pages"}],"about":[{"href":"https:\/\/wordpress.nibis.de\/rsgebhardshagen\/wp-json\/wp\/v2\/types\/page"}],"author":[{"embeddable":true,"href":"https:\/\/wordpress.nibis.de\/rsgebhardshagen\/wp-json\/wp\/v2\/users\/9193020"}],"replies":[{"embeddable":true,"href":"https:\/\/wordpress.nibis.de\/rsgebhardshagen\/wp-json\/wp\/v2\/comments?post=335"}],"version-history":[{"count":1,"href":"https:\/\/wordpress.nibis.de\/rsgebhardshagen\/wp-json\/wp\/v2\/pages\/335\/revisions"}],"predecessor-version":[{"id":336,"href":"https:\/\/wordpress.nibis.de\/rsgebhardshagen\/wp-json\/wp\/v2\/pages\/335\/revisions\/336"}],"wp:attachment":[{"href":"https:\/\/wordpress.nibis.de\/rsgebhardshagen\/wp-json\/wp\/v2\/media?parent=335"}],"curies":[{"name":"wp","href":"https:\/\/api.w.org\/{rel}","templated":true}]}}