{"id":341,"date":"2019-03-11T10:27:29","date_gmt":"2019-03-11T09:27:29","guid":{"rendered":"https:\/\/wordpress.nibis.de\/rsgebhardshagen\/?page_id=341"},"modified":"2019-03-11T10:27:30","modified_gmt":"2019-03-11T09:27:30","slug":"unterrichtszeiten","status":"publish","type":"page","link":"https:\/\/wordpress.nibis.de\/rsgebhardshagen\/unterrichtszeiten\/","title":{"rendered":"Unterrichtszeiten"},"content":{"rendered":"\n<p><a href=\"http:\/\/\n&lt;table id=&quot;tablepress-1&quot; class=&quot;tablepress tablepress-id-1&quot;&gt;\n&lt;thead&gt;\n&lt;tr class=&quot;row-1&quot;&gt;\n\t&lt;th class=&quot;column-1&quot;&gt;Uhrzeit&lt;\/th&gt;&lt;th class=&quot;column-2&quot;&gt;Stunde&lt;\/th&gt;\n&lt;\/tr&gt;\n&lt;\/thead&gt;\n&lt;tbody class=&quot;row-striping row-hover&quot;&gt;\n&lt;tr class=&quot;row-2&quot;&gt;\n\t&lt;td class=&quot;column-1&quot;&gt;7.40 Uhr - 08.00 Uhr&lt;\/td&gt;&lt;td class=&quot;column-2&quot;&gt;\u00d6ffnung der Schule f\u00fcr Sch\u00fclerinnen und Sch\u00fcler&lt;\/td&gt;\n&lt;\/tr&gt;\n&lt;tr class=&quot;row-3&quot;&gt;\n\t&lt;td class=&quot;column-1&quot;&gt;08.00 Uhr  - 08.45 Uhr&lt;\/td&gt;&lt;td class=&quot;column-2&quot;&gt;1. Unterrichtsstunde&lt;\/td&gt;\n&lt;\/tr&gt;\n&lt;tr class=&quot;row-4&quot;&gt;\n\t&lt;td class=&quot;column-1&quot;&gt;08.50 Uhr - 09.35 Uhr&lt;\/td&gt;&lt;td class=&quot;column-2&quot;&gt;2. Unterrichtsstunde&lt;\/td&gt;\n&lt;\/tr&gt;\n&lt;tr class=&quot;row-5&quot;&gt;\n\t&lt;td class=&quot;column-1&quot;&gt;09.35 Uhr - 09.55 Uhr&lt;\/td&gt;&lt;td class=&quot;column-2&quot;&gt;gro\u00dfe Pause&lt;\/td&gt;\n&lt;\/tr&gt;\n&lt;tr class=&quot;row-6&quot;&gt;\n\t&lt;td class=&quot;column-1&quot;&gt;09.55 Uhr - 10.40 Uhr&lt;\/td&gt;&lt;td class=&quot;column-2&quot;&gt;3. Unterrichtsstunde&lt;\/td&gt;\n&lt;\/tr&gt;\n&lt;tr class=&quot;row-7&quot;&gt;\n\t&lt;td class=&quot;column-1&quot;&gt;10.45 Uhr - 11.30 Uhr&lt;\/td&gt;&lt;td class=&quot;column-2&quot;&gt;4. Unterrichtsstunde&lt;\/td&gt;\n&lt;\/tr&gt;\n&lt;tr class=&quot;row-8&quot;&gt;\n\t&lt;td class=&quot;column-1&quot;&gt;11.30 Uhr - 11.45 Uhr&lt;\/td&gt;&lt;td class=&quot;column-2&quot;&gt;gro\u00dfe Pause&lt;\/td&gt;\n&lt;\/tr&gt;\n&lt;tr class=&quot;row-9&quot;&gt;\n\t&lt;td class=&quot;column-1&quot;&gt;11.45 Uhr - 12.30 Uhr&lt;\/td&gt;&lt;td class=&quot;column-2&quot;&gt;5. Unterrichtsstunde&lt;\/td&gt;\n&lt;\/tr&gt;\n&lt;tr class=&quot;row-10&quot;&gt;\n\t&lt;td class=&quot;column-1&quot;&gt;12.35 Uhr - 13.20 Uhr&lt;\/td&gt;&lt;td class=&quot;column-2&quot;&gt;6. Stunde&lt;\/td&gt;\n&lt;\/tr&gt;\n&lt;tr class=&quot;row-11&quot;&gt;\n\t&lt;td class=&quot;column-1&quot;&gt;ab 13.30 Uhr&lt;\/td&gt;&lt;td class=&quot;column-2&quot;&gt;Jeden Montag und Mittwoch verschiedene Arbeitsgemeinschaften&lt;\/td&gt;\n&lt;\/tr&gt;\n&lt;tr class=&quot;row-12&quot;&gt;\n\t&lt;td class=&quot;column-1&quot;&gt;&lt;\/td&gt;&lt;td class=&quot;column-2&quot;&gt;&lt;\/td&gt;\n&lt;\/tr&gt;\n&lt;\/tbody&gt;\n&lt;\/table&gt;\n&lt;!-- #tablepress-1 from cache --&gt;\" data-wplink-url-error=\"true\">\n<table id=\"tablepress-1-no-2\" class=\"tablepress tablepress-id-1\">\n<thead>\n<tr class=\"row-1\">\n\t<th class=\"column-1\">Uhrzeit<\/th><th class=\"column-2\">Stunde<\/th>\n<\/tr>\n<\/thead>\n<tbody class=\"row-striping row-hover\">\n<tr class=\"row-2\">\n\t<td class=\"column-1\">7.40 Uhr - 08.00 Uhr<\/td><td class=\"column-2\">\u00d6ffnung der Schule f\u00fcr Sch\u00fclerinnen und Sch\u00fcler<\/td>\n<\/tr>\n<tr class=\"row-3\">\n\t<td class=\"column-1\">08.00 Uhr  - 08.45 Uhr<\/td><td class=\"column-2\">1. Unterrichtsstunde<\/td>\n<\/tr>\n<tr class=\"row-4\">\n\t<td class=\"column-1\">08.50 Uhr - 09.35 Uhr<\/td><td class=\"column-2\">2. Unterrichtsstunde<\/td>\n<\/tr>\n<tr class=\"row-5\">\n\t<td class=\"column-1\">09.35 Uhr - 09.55 Uhr<\/td><td class=\"column-2\">gro\u00dfe Pause<\/td>\n<\/tr>\n<tr class=\"row-6\">\n\t<td class=\"column-1\">09.55 Uhr - 10.40 Uhr<\/td><td class=\"column-2\">3. Unterrichtsstunde<\/td>\n<\/tr>\n<tr class=\"row-7\">\n\t<td class=\"column-1\">10.45 Uhr - 11.30 Uhr<\/td><td class=\"column-2\">4. Unterrichtsstunde<\/td>\n<\/tr>\n<tr class=\"row-8\">\n\t<td class=\"column-1\">11.30 Uhr - 11.45 Uhr<\/td><td class=\"column-2\">gro\u00dfe Pause<\/td>\n<\/tr>\n<tr class=\"row-9\">\n\t<td class=\"column-1\">11.45 Uhr - 12.30 Uhr<\/td><td class=\"column-2\">5. Unterrichtsstunde<\/td>\n<\/tr>\n<tr class=\"row-10\">\n\t<td class=\"column-1\">12.35 Uhr - 13.20 Uhr<\/td><td class=\"column-2\">6. Stunde<\/td>\n<\/tr>\n<tr class=\"row-11\">\n\t<td class=\"column-1\">ab 13.30 Uhr<\/td><td class=\"column-2\">Jeden Montag und Mittwoch verschiedene Arbeitsgemeinschaften<\/td>\n<\/tr>\n<tr class=\"row-12\">\n\t<td class=\"column-1\"><\/td><td class=\"column-2\"><\/td>\n<\/tr>\n<\/tbody>\n<\/table>\n<!-- #tablepress-1-no-2 from cache --><\/a><\/p>\n<p>\u00a0<\/p>\n","protected":false},"excerpt":{"rendered":"<p>\u00a0<\/p>\n","protected":false},"author":9193020,"featured_media":0,"parent":0,"menu_order":0,"comment_status":"closed","ping_status":"closed","template":"","meta":{"footnotes":""},"class_list":["post-341","page","type-page","status-publish","hentry"],"_links":{"self":[{"href":"https:\/\/wordpress.nibis.de\/rsgebhardshagen\/wp-json\/wp\/v2\/pages\/341","targetHints":{"allow":["GET"]}}],"collection":[{"href":"https:\/\/wordpress.nibis.de\/rsgebhardshagen\/wp-json\/wp\/v2\/pages"}],"about":[{"href":"https:\/\/wordpress.nibis.de\/rsgebhardshagen\/wp-json\/wp\/v2\/types\/page"}],"author":[{"embeddable":true,"href":"https:\/\/wordpress.nibis.de\/rsgebhardshagen\/wp-json\/wp\/v2\/users\/9193020"}],"replies":[{"embeddable":true,"href":"https:\/\/wordpress.nibis.de\/rsgebhardshagen\/wp-json\/wp\/v2\/comments?post=341"}],"version-history":[{"count":3,"href":"https:\/\/wordpress.nibis.de\/rsgebhardshagen\/wp-json\/wp\/v2\/pages\/341\/revisions"}],"predecessor-version":[{"id":347,"href":"https:\/\/wordpress.nibis.de\/rsgebhardshagen\/wp-json\/wp\/v2\/pages\/341\/revisions\/347"}],"wp:attachment":[{"href":"https:\/\/wordpress.nibis.de\/rsgebhardshagen\/wp-json\/wp\/v2\/media?parent=341"}],"curies":[{"name":"wp","href":"https:\/\/api.w.org\/{rel}","templated":true}]}}