{"id":349,"date":"2019-03-11T10:49:37","date_gmt":"2019-03-11T09:49:37","guid":{"rendered":"https:\/\/wordpress.nibis.de\/rsgebhardshagen\/?page_id=349"},"modified":"2020-09-15T11:03:36","modified_gmt":"2020-09-15T09:03:36","slug":"schreibwarenkiosk","status":"publish","type":"page","link":"https:\/\/wordpress.nibis.de\/rsgebhardshagen\/schreibwarenkiosk\/","title":{"rendered":"Schreibwarenkiosk"},"content":{"rendered":"<p>Unsere Schule bietet den Sch\u00fclern einen Schreibwarenkiosk der Euch in der<span style=\"color: #ff0777\"> <strong>1. und 2. gro\u00dfen Pause <\/strong><\/span>zur Verf\u00fcgung steht.<\/p>\n<p>Der Kiosk wird von unseren Sch\u00fclerinnen und Sch\u00fclern fast in <strong><span style=\"color: #ff0777\">Eigenregie<\/span>\u00a0<\/strong>betrieben.<\/p>\n<p>Wenn Euch also mal etwas an Schreibwaren fehlt, k\u00f6nnen ihr diese in der 1. oder 2. Pause<em>\u00a0<\/em>f\u00fcr wenig Geld im Schulgeb\u00e4ude kaufen.<\/p>\n<p><span style=\"color: #ff7400\"><strong>IHR WOLLT AUCH IN UNSEREM KIOSK ARBEITEN?<\/strong><\/span> \u00a0Dann wendet Euch bitte an <span style=\"color: #ff0777\"><strong>Herrn Lippke<\/strong><\/span>.<\/p>\n\n\n<div class=\"wp-block-image\"><figure class=\"aligncenter\"><img loading=\"lazy\" decoding=\"async\" width=\"510\" height=\"340\" src=\"https:\/\/wordpress.nibis.de\/rsgebhardshagen\/files\/2019\/07\/artistic-2061__340.jpg\" alt=\"\" class=\"wp-image-1068\" srcset=\"https:\/\/wordpress.nibis.de\/rsgebhardshagen\/files\/2019\/07\/artistic-2061__340.jpg 510w, https:\/\/wordpress.nibis.de\/rsgebhardshagen\/files\/2019\/07\/artistic-2061__340-300x200.jpg 300w\" sizes=\"auto, (max-width: 510px) 100vw, 510px\" \/><\/figure><\/div>\n","protected":false},"excerpt":{"rendered":"<p>Unsere Schule bietet den Sch\u00fclern einen Schreibwarenkiosk der Euch in der 1. und 2. gro\u00dfen Pause zur Verf\u00fcgung steht. Der Kiosk wird von unseren Sch\u00fclerinnen und Sch\u00fclern fast in Eigenregie\u00a0betrieben. Wenn Euch also mal etwas an Schreibwaren fehlt, k\u00f6nnen ihr diese in der 1. oder 2. Pause\u00a0f\u00fcr wenig Geld im Schulgeb\u00e4ude kaufen. IHR WOLLT AUCH [&hellip;]<\/p>\n","protected":false},"author":9193020,"featured_media":0,"parent":0,"menu_order":0,"comment_status":"closed","ping_status":"closed","template":"","meta":{"footnotes":""},"class_list":["post-349","page","type-page","status-publish","hentry"],"_links":{"self":[{"href":"https:\/\/wordpress.nibis.de\/rsgebhardshagen\/wp-json\/wp\/v2\/pages\/349","targetHints":{"allow":["GET"]}}],"collection":[{"href":"https:\/\/wordpress.nibis.de\/rsgebhardshagen\/wp-json\/wp\/v2\/pages"}],"about":[{"href":"https:\/\/wordpress.nibis.de\/rsgebhardshagen\/wp-json\/wp\/v2\/types\/page"}],"author":[{"embeddable":true,"href":"https:\/\/wordpress.nibis.de\/rsgebhardshagen\/wp-json\/wp\/v2\/users\/9193020"}],"replies":[{"embeddable":true,"href":"https:\/\/wordpress.nibis.de\/rsgebhardshagen\/wp-json\/wp\/v2\/comments?post=349"}],"version-history":[{"count":6,"href":"https:\/\/wordpress.nibis.de\/rsgebhardshagen\/wp-json\/wp\/v2\/pages\/349\/revisions"}],"predecessor-version":[{"id":1575,"href":"https:\/\/wordpress.nibis.de\/rsgebhardshagen\/wp-json\/wp\/v2\/pages\/349\/revisions\/1575"}],"wp:attachment":[{"href":"https:\/\/wordpress.nibis.de\/rsgebhardshagen\/wp-json\/wp\/v2\/media?parent=349"}],"curies":[{"name":"wp","href":"https:\/\/api.w.org\/{rel}","templated":true}]}}