{"id":360,"date":"2019-03-11T10:59:05","date_gmt":"2019-03-11T09:59:05","guid":{"rendered":"https:\/\/wordpress.nibis.de\/rsgebhardshagen\/?page_id=360"},"modified":"2019-03-11T10:59:06","modified_gmt":"2019-03-11T09:59:06","slug":"physik-fuer-helle-koepfe-2014","status":"publish","type":"page","link":"https:\/\/wordpress.nibis.de\/rsgebhardshagen\/physik-fuer-helle-koepfe-2014\/","title":{"rendered":"Physik f\u00fcr helle K\u00f6pfe 2014"},"content":{"rendered":"\n<p><strong><span style=\"color: #ff7400\">Sch\u00fcler der Grundschule \u201eAm Sonnenberg\u201c zu Gast an der Realschule Gebhardshagen<\/span><\/strong><\/p>\n<p>Am Donnerstag, den 10.7. und am Freitag, den 11.7. 2014 besuchten die 4. Klassen der Grundschule am Sonnenberg zusammen mit ihren Lehrerinnen f\u00fcr einen Vormittag die Realschule Gebhardshagen.<\/p>\n<p>Auf dem Programm stand das Projekt:<span style=\"color: #993366\"> \u201ePhysik f\u00fcr helle K\u00f6pfe\u201c<\/span>.<\/p>\n<p>Ziel dieses Projektes war es, bei den Kindern eine positive Einstellung zur Physik zu wecken, indem ihnen Angebote zum <span style=\"color: #993366\">selbstst\u00e4ndigen Entdecken<\/span> und Erforschen naturwissenschaftlicher Ph\u00e4nomene gemacht wurden. Beim Arbeiten an <span style=\"color: #993366\">Experimentierstationen<\/span> lernen sie, Dinge zu hinterfragen, Hypothesen aufzustellen und spielerisch nach Gesetzm\u00e4\u00dfigkeiten zu suchen. Neun Sch\u00fclerinnen und Sch\u00fcler der 8a standen den Kindern als Betreuer, Vorbilder und Ansprechpartner zur Verf\u00fcgung. Diese Sch\u00fcler hatten an zwei Tagen im Vorfeld der Veranstaltung den Physikraum zu einer Experimentierlandschaft umgestaltet. Dazu wurden Stative montiert, Versuche aufgebaut, Versuchsstationen beschriftet und sogar Rotkohl gekocht. Alle Versuchsstationen wurden ausprobiert, auf m\u00f6gliche Schwierigkeiten bei der Durchf\u00fchrung untersucht, auf Unfallgefahr \u00fcberpr\u00fcft und physikalisch diskutiert. So konnten diese<span style=\"color: #993366\"> Achtkl\u00e4ssler als kompetente Lehrer<\/span> f\u00fcr die Grundsch\u00fcler fungieren.<\/p>\n<p>Alle hatten sichtlich ihren Spa\u00df daran.<\/p>\n<p>\u00a0<\/p>\n","protected":false},"excerpt":{"rendered":"<p>Sch\u00fcler der Grundschule \u201eAm Sonnenberg\u201c zu Gast an der Realschule Gebhardshagen Am Donnerstag, den 10.7. und am Freitag, den 11.7. 2014 besuchten die 4. Klassen der Grundschule am Sonnenberg zusammen mit ihren Lehrerinnen f\u00fcr einen Vormittag die Realschule Gebhardshagen. Auf dem Programm stand das Projekt: \u201ePhysik f\u00fcr helle K\u00f6pfe\u201c. Ziel dieses Projektes war es, bei [&hellip;]<\/p>\n","protected":false},"author":9193020,"featured_media":0,"parent":0,"menu_order":0,"comment_status":"closed","ping_status":"closed","template":"","meta":{"footnotes":""},"class_list":["post-360","page","type-page","status-publish","hentry"],"_links":{"self":[{"href":"https:\/\/wordpress.nibis.de\/rsgebhardshagen\/wp-json\/wp\/v2\/pages\/360","targetHints":{"allow":["GET"]}}],"collection":[{"href":"https:\/\/wordpress.nibis.de\/rsgebhardshagen\/wp-json\/wp\/v2\/pages"}],"about":[{"href":"https:\/\/wordpress.nibis.de\/rsgebhardshagen\/wp-json\/wp\/v2\/types\/page"}],"author":[{"embeddable":true,"href":"https:\/\/wordpress.nibis.de\/rsgebhardshagen\/wp-json\/wp\/v2\/users\/9193020"}],"replies":[{"embeddable":true,"href":"https:\/\/wordpress.nibis.de\/rsgebhardshagen\/wp-json\/wp\/v2\/comments?post=360"}],"version-history":[{"count":1,"href":"https:\/\/wordpress.nibis.de\/rsgebhardshagen\/wp-json\/wp\/v2\/pages\/360\/revisions"}],"predecessor-version":[{"id":361,"href":"https:\/\/wordpress.nibis.de\/rsgebhardshagen\/wp-json\/wp\/v2\/pages\/360\/revisions\/361"}],"wp:attachment":[{"href":"https:\/\/wordpress.nibis.de\/rsgebhardshagen\/wp-json\/wp\/v2\/media?parent=360"}],"curies":[{"name":"wp","href":"https:\/\/api.w.org\/{rel}","templated":true}]}}