{"id":363,"date":"2019-03-11T11:01:48","date_gmt":"2019-03-11T10:01:48","guid":{"rendered":"https:\/\/wordpress.nibis.de\/rsgebhardshagen\/?page_id=363"},"modified":"2019-03-11T11:01:49","modified_gmt":"2019-03-11T10:01:49","slug":"profil-wirtschaft-2013","status":"publish","type":"page","link":"https:\/\/wordpress.nibis.de\/rsgebhardshagen\/profil-wirtschaft-2013\/","title":{"rendered":"Profil Wirtschaft 2013"},"content":{"rendered":"\n<p><span style=\"color: #ff7400\"><strong>&#8222;Schulbanker \u2013 das Bankenplanspiel&#8220;<\/strong><\/span><\/p>\n<p>Die Sch\u00fclerinnen und Sch\u00fcler des Profils Wirtschaft Klasse 10 nahmen im Schuljahr 2012\/2013 erstmals an dem Bankenplanspiel \u201eSchulbanker\u201c teil. Dabei \u00fcbernehmen die Jugendlichen die<span style=\"color: #993366\"> Leitung einer virtuellen Bank<\/span> und treffen eine Vielzahl <span style=\"color: #993366\">gesch\u00e4ftspolitischer<\/span> <span style=\"color: #993366\">Entscheidungen<\/span>. Ziel dabei ist es, die eigene Bank m\u00f6glichst erfolgreich zu f\u00fchren.<\/p>\n<p>Daf\u00fcr m\u00fcssen sich die Sch\u00fclerinnen und Sch\u00fcler\u00a0 intensiv und praxisnah mit der Wirtschafts- und Arbeitswelt auseinandersetzen.<\/p>\n","protected":false},"excerpt":{"rendered":"<p>&#8222;Schulbanker \u2013 das Bankenplanspiel&#8220; Die Sch\u00fclerinnen und Sch\u00fcler des Profils Wirtschaft Klasse 10 nahmen im Schuljahr 2012\/2013 erstmals an dem Bankenplanspiel \u201eSchulbanker\u201c teil. Dabei \u00fcbernehmen die Jugendlichen die Leitung einer virtuellen Bank und treffen eine Vielzahl gesch\u00e4ftspolitischer Entscheidungen. Ziel dabei ist es, die eigene Bank m\u00f6glichst erfolgreich zu f\u00fchren. Daf\u00fcr m\u00fcssen sich die Sch\u00fclerinnen und [&hellip;]<\/p>\n","protected":false},"author":9193020,"featured_media":0,"parent":0,"menu_order":0,"comment_status":"closed","ping_status":"closed","template":"","meta":{"footnotes":""},"class_list":["post-363","page","type-page","status-publish","hentry"],"_links":{"self":[{"href":"https:\/\/wordpress.nibis.de\/rsgebhardshagen\/wp-json\/wp\/v2\/pages\/363","targetHints":{"allow":["GET"]}}],"collection":[{"href":"https:\/\/wordpress.nibis.de\/rsgebhardshagen\/wp-json\/wp\/v2\/pages"}],"about":[{"href":"https:\/\/wordpress.nibis.de\/rsgebhardshagen\/wp-json\/wp\/v2\/types\/page"}],"author":[{"embeddable":true,"href":"https:\/\/wordpress.nibis.de\/rsgebhardshagen\/wp-json\/wp\/v2\/users\/9193020"}],"replies":[{"embeddable":true,"href":"https:\/\/wordpress.nibis.de\/rsgebhardshagen\/wp-json\/wp\/v2\/comments?post=363"}],"version-history":[{"count":1,"href":"https:\/\/wordpress.nibis.de\/rsgebhardshagen\/wp-json\/wp\/v2\/pages\/363\/revisions"}],"predecessor-version":[{"id":364,"href":"https:\/\/wordpress.nibis.de\/rsgebhardshagen\/wp-json\/wp\/v2\/pages\/363\/revisions\/364"}],"wp:attachment":[{"href":"https:\/\/wordpress.nibis.de\/rsgebhardshagen\/wp-json\/wp\/v2\/media?parent=363"}],"curies":[{"name":"wp","href":"https:\/\/api.w.org\/{rel}","templated":true}]}}