{"id":370,"date":"2019-03-11T11:11:38","date_gmt":"2019-03-11T10:11:38","guid":{"rendered":"https:\/\/wordpress.nibis.de\/rsgebhardshagen\/?page_id=370"},"modified":"2019-03-11T11:11:39","modified_gmt":"2019-03-11T10:11:39","slug":"profilkurs-technik-zu-besuch-in-der-autostadt-2016","status":"publish","type":"page","link":"https:\/\/wordpress.nibis.de\/rsgebhardshagen\/profilkurs-technik-zu-besuch-in-der-autostadt-2016\/","title":{"rendered":"Profilkurs Technik zu Besuch in der Autostadt 2016"},"content":{"rendered":"\n<p>Die Sch\u00fcler der Profilkurse Technik aus Jahrgang 9 und 10 machten eine gemeinsame <span style=\"color: #800080\">Exkursion<\/span> in die Autostadt nach Wolfsburg.<br \/>Nach anf\u00e4nglichen Anreiseschwierigkeiten durch das schlechte Wetter \u2013 wir mussten 90 Minuten im Braunschweiger Bahnhof auf unseren Anschluss nach Wolfsburg warten- kamen wir endlich mit einer einst\u00fcndigen Versp\u00e4tung in der Autostadt an.<br \/>Sofort ging es los mit dem Workshop: Nach einer kurzen theoretischen Einf\u00fchrung in die<span style=\"color: #800080\"> Fertigungsverfahren Umformen \u2013 Trennen \u2013 F\u00fcgen \u2013 Beschichten<\/span> von Metall ging es selbst ans Werk: Jeder stellte eine eigene Duftschale aus Metall her. Es wurde gedengelt, abgekantet, gebogen, geschnitten und geschwei\u00dft, bis am Ende jeder sein eigenes, fertiges Werkst\u00fcck in der Hand hielt und mit nach Hause nehmen durfte.<br \/>Abgerundet wurde der Workshop durch einen kurzen <span style=\"color: #800080\">Rundgang<\/span> durch die Ausstellung.<br \/>Viele Autobegeisterte unter den Sch\u00fclern h\u00e4tten gerne noch ein Weilchen l\u00e4nger verweilt bei den Old- und Youngtimern.<br \/><br \/><\/p>\n","protected":false},"excerpt":{"rendered":"<p>Die Sch\u00fcler der Profilkurse Technik aus Jahrgang 9 und 10 machten eine gemeinsame Exkursion in die Autostadt nach Wolfsburg.Nach anf\u00e4nglichen Anreiseschwierigkeiten durch das schlechte Wetter \u2013 wir mussten 90 Minuten im Braunschweiger Bahnhof auf unseren Anschluss nach Wolfsburg warten- kamen wir endlich mit einer einst\u00fcndigen Versp\u00e4tung in der Autostadt an.Sofort ging es los mit dem [&hellip;]<\/p>\n","protected":false},"author":9193020,"featured_media":0,"parent":0,"menu_order":0,"comment_status":"closed","ping_status":"closed","template":"","meta":{"footnotes":""},"class_list":["post-370","page","type-page","status-publish","hentry"],"_links":{"self":[{"href":"https:\/\/wordpress.nibis.de\/rsgebhardshagen\/wp-json\/wp\/v2\/pages\/370","targetHints":{"allow":["GET"]}}],"collection":[{"href":"https:\/\/wordpress.nibis.de\/rsgebhardshagen\/wp-json\/wp\/v2\/pages"}],"about":[{"href":"https:\/\/wordpress.nibis.de\/rsgebhardshagen\/wp-json\/wp\/v2\/types\/page"}],"author":[{"embeddable":true,"href":"https:\/\/wordpress.nibis.de\/rsgebhardshagen\/wp-json\/wp\/v2\/users\/9193020"}],"replies":[{"embeddable":true,"href":"https:\/\/wordpress.nibis.de\/rsgebhardshagen\/wp-json\/wp\/v2\/comments?post=370"}],"version-history":[{"count":1,"href":"https:\/\/wordpress.nibis.de\/rsgebhardshagen\/wp-json\/wp\/v2\/pages\/370\/revisions"}],"predecessor-version":[{"id":371,"href":"https:\/\/wordpress.nibis.de\/rsgebhardshagen\/wp-json\/wp\/v2\/pages\/370\/revisions\/371"}],"wp:attachment":[{"href":"https:\/\/wordpress.nibis.de\/rsgebhardshagen\/wp-json\/wp\/v2\/media?parent=370"}],"curies":[{"name":"wp","href":"https:\/\/api.w.org\/{rel}","templated":true}]}}