{"id":374,"date":"2019-03-11T11:15:14","date_gmt":"2019-03-11T10:15:14","guid":{"rendered":"https:\/\/wordpress.nibis.de\/rsgebhardshagen\/?page_id=374"},"modified":"2020-09-15T14:52:53","modified_gmt":"2020-09-15T12:52:53","slug":"schulbands","status":"publish","type":"page","link":"https:\/\/wordpress.nibis.de\/rsgebhardshagen\/schulbands\/","title":{"rendered":"Schulbands"},"content":{"rendered":"\n<div class=\"wp-block-image\"><figure class=\"aligncenter\"><img loading=\"lazy\" decoding=\"async\" width=\"509\" height=\"340\" src=\"https:\/\/wordpress.nibis.de\/rsgebhardshagen\/files\/2019\/07\/audience-1867754__340.jpg\" alt=\"\" class=\"wp-image-1070\" srcset=\"https:\/\/wordpress.nibis.de\/rsgebhardshagen\/files\/2019\/07\/audience-1867754__340.jpg 509w, https:\/\/wordpress.nibis.de\/rsgebhardshagen\/files\/2019\/07\/audience-1867754__340-300x200.jpg 300w\" sizes=\"auto, (max-width: 509px) 100vw, 509px\" \/><\/figure><\/div>\n\n\n<p>Ihr <strong><span style=\"color: #ff0777\">singt<\/span><\/strong> gern? Ihr wollt einmal ausprobieren, ob ihr ein <strong><span style=\"color: #ff0777\">Instrument<\/span><\/strong> spielen k\u00f6nnt? Ihr m\u00f6chtet gern im <strong><span style=\"color: #ff0777\">Rampenlicht<\/span><\/strong> stehen? Dann seid ihr hier genau richtig!<br \/>Unsere verschiedenen <strong><span style=\"color: #ff0777\">Schulbands<\/span><\/strong> unter der Leitung von Herrn Lippke proben w\u00f6chentlich.<br \/>Hier finden Sch\u00fclerinnen und Sch\u00fcler zusammen, die Freude am gemeinsamen Musizieren haben.<br \/><strong><span style=\"color: #ff0777\">Vorwissen<\/span><\/strong> ist zwar erw\u00fcnscht, aber nicht Voraussetzung.<br \/>Es wird somit auch die M\u00f6glichkeit geboten, ein Instrument \u201eauszuprobieren\u201c, Erfahrungen zu sammeln und m\u00f6glicherweise ganz neue \u201e<span style=\"color: #ff0777\"><strong>Saiten<\/strong><\/span>\u201c an\/f\u00fcr sich zu entdecken.\u00a0<\/p>","protected":false},"excerpt":{"rendered":"<p>Ihr singt gern? Ihr wollt einmal ausprobieren, ob ihr ein Instrument spielen k\u00f6nnt? Ihr m\u00f6chtet gern im Rampenlicht stehen? Dann seid ihr hier genau richtig!Unsere verschiedenen Schulbands unter der Leitung von Herrn Lippke proben w\u00f6chentlich.Hier finden Sch\u00fclerinnen und Sch\u00fcler zusammen, die Freude am gemeinsamen Musizieren haben.Vorwissen ist zwar erw\u00fcnscht, aber nicht Voraussetzung.Es wird somit auch [&hellip;]<\/p>\n","protected":false},"author":9193020,"featured_media":0,"parent":0,"menu_order":0,"comment_status":"closed","ping_status":"closed","template":"","meta":{"footnotes":""},"class_list":["post-374","page","type-page","status-publish","hentry"],"_links":{"self":[{"href":"https:\/\/wordpress.nibis.de\/rsgebhardshagen\/wp-json\/wp\/v2\/pages\/374","targetHints":{"allow":["GET"]}}],"collection":[{"href":"https:\/\/wordpress.nibis.de\/rsgebhardshagen\/wp-json\/wp\/v2\/pages"}],"about":[{"href":"https:\/\/wordpress.nibis.de\/rsgebhardshagen\/wp-json\/wp\/v2\/types\/page"}],"author":[{"embeddable":true,"href":"https:\/\/wordpress.nibis.de\/rsgebhardshagen\/wp-json\/wp\/v2\/users\/9193020"}],"replies":[{"embeddable":true,"href":"https:\/\/wordpress.nibis.de\/rsgebhardshagen\/wp-json\/wp\/v2\/comments?post=374"}],"version-history":[{"count":6,"href":"https:\/\/wordpress.nibis.de\/rsgebhardshagen\/wp-json\/wp\/v2\/pages\/374\/revisions"}],"predecessor-version":[{"id":1668,"href":"https:\/\/wordpress.nibis.de\/rsgebhardshagen\/wp-json\/wp\/v2\/pages\/374\/revisions\/1668"}],"wp:attachment":[{"href":"https:\/\/wordpress.nibis.de\/rsgebhardshagen\/wp-json\/wp\/v2\/media?parent=374"}],"curies":[{"name":"wp","href":"https:\/\/api.w.org\/{rel}","templated":true}]}}