{"id":380,"date":"2019-03-11T11:21:01","date_gmt":"2019-03-11T10:21:01","guid":{"rendered":"https:\/\/wordpress.nibis.de\/rsgebhardshagen\/?page_id=380"},"modified":"2019-03-11T11:23:40","modified_gmt":"2019-03-11T10:23:40","slug":"schuljubilaeum-2014","status":"publish","type":"page","link":"https:\/\/wordpress.nibis.de\/rsgebhardshagen\/schuljubilaeum-2014\/","title":{"rendered":"Schuljubil\u00e4um 2014"},"content":{"rendered":"\n<p>Nach vielen Vorbereitungen und jeder Menge Arbeit konnte unser 10j\u00e4hriges <span style=\"color: #800080\">Jubil\u00e4um<\/span> geb\u00fchrend gefeiert werden.<\/p>\n<p>Im letzten Jahr gab es mit dem &#8222;<span style=\"color: #800080\">Kulturabend<\/span>&#8222;, die Auftaktveranstaltung.<\/p>\n<p>Bei dem gezeigten Theaterst\u00fcck konnten wir mit Hilfe des Theater-WPK der 10. Klassen eine sehr gelungene <span style=\"color: #800080\">Zeitreise<\/span> in die verschiedenen Jahrzehnte erleben.<\/p>\n<p>Am 23.09.14 gab es dann einen Schulausflug f\u00fcr <span style=\"color: #800080\">alle Klassen<\/span> nach Hannover. Dort besuchten wir den <span style=\"color: #800080\">Zoo<\/span>, sahen uns die verschiedensten Sehensw\u00fcrdigkeiten an oder bewunderten die Unterwasserwelt im Sea-Life Aquarium.<\/p>\n<p>Doch damit nicht genug: Denn auch unsere <span style=\"color: #800080\">sportliche Seite<\/span> sollte unter Beweis gestellt werden. Am 24.09.14 fand unser gro\u00dfes <span style=\"color: #800080\">Sportfest<\/span> statt. Neben dem Laufen und Werfen kamen auch das Fu\u00dfball-, Volleyball- und V\u00f6lkerball spielen nicht zu kurz.<\/p>\n<p>Am Mittag gab es dann f\u00fcr alle Sch\u00fclerinnen und Sch\u00fcler, Eltern und Kollegen ein gro\u00dfes <span style=\"color: #800080\">Buffett<\/span>.<\/p>\n<p>An dieser Stelle wollen wir uns ganz herzlich bei allen flei\u00dfigen Helfern, insbesondere aber bei den Sch\u00fclern und Eltern, f\u00fcr die tatkr\u00e4ftige <span style=\"color: #800080\">Unterst\u00fctzung bedanken<\/span>!<\/p>\n<p>Wir freuen uns auf die n\u00e4chsten 10 Jahre!<\/p>\n","protected":false},"excerpt":{"rendered":"<p>Nach vielen Vorbereitungen und jeder Menge Arbeit konnte unser 10j\u00e4hriges Jubil\u00e4um geb\u00fchrend gefeiert werden. Im letzten Jahr gab es mit dem &#8222;Kulturabend&#8222;, die Auftaktveranstaltung. Bei dem gezeigten Theaterst\u00fcck konnten wir mit Hilfe des Theater-WPK der 10. Klassen eine sehr gelungene Zeitreise in die verschiedenen Jahrzehnte erleben. Am 23.09.14 gab es dann einen Schulausflug f\u00fcr alle [&hellip;]<\/p>\n","protected":false},"author":9193020,"featured_media":0,"parent":0,"menu_order":0,"comment_status":"closed","ping_status":"closed","template":"","meta":{"footnotes":""},"class_list":["post-380","page","type-page","status-publish","hentry"],"_links":{"self":[{"href":"https:\/\/wordpress.nibis.de\/rsgebhardshagen\/wp-json\/wp\/v2\/pages\/380","targetHints":{"allow":["GET"]}}],"collection":[{"href":"https:\/\/wordpress.nibis.de\/rsgebhardshagen\/wp-json\/wp\/v2\/pages"}],"about":[{"href":"https:\/\/wordpress.nibis.de\/rsgebhardshagen\/wp-json\/wp\/v2\/types\/page"}],"author":[{"embeddable":true,"href":"https:\/\/wordpress.nibis.de\/rsgebhardshagen\/wp-json\/wp\/v2\/users\/9193020"}],"replies":[{"embeddable":true,"href":"https:\/\/wordpress.nibis.de\/rsgebhardshagen\/wp-json\/wp\/v2\/comments?post=380"}],"version-history":[{"count":2,"href":"https:\/\/wordpress.nibis.de\/rsgebhardshagen\/wp-json\/wp\/v2\/pages\/380\/revisions"}],"predecessor-version":[{"id":383,"href":"https:\/\/wordpress.nibis.de\/rsgebhardshagen\/wp-json\/wp\/v2\/pages\/380\/revisions\/383"}],"wp:attachment":[{"href":"https:\/\/wordpress.nibis.de\/rsgebhardshagen\/wp-json\/wp\/v2\/media?parent=380"}],"curies":[{"name":"wp","href":"https:\/\/api.w.org\/{rel}","templated":true}]}}