{"id":384,"date":"2019-03-11T11:25:00","date_gmt":"2019-03-11T10:25:00","guid":{"rendered":"https:\/\/wordpress.nibis.de\/rsgebhardshagen\/?page_id=384"},"modified":"2020-09-15T10:43:32","modified_gmt":"2020-09-15T08:43:32","slug":"schulsanitaeter","status":"publish","type":"page","link":"https:\/\/wordpress.nibis.de\/rsgebhardshagen\/schulsanitaeter\/","title":{"rendered":"Schulsanit\u00e4ter"},"content":{"rendered":"\n<div class=\"wp-block-image\"><figure class=\"aligncenter\"><img loading=\"lazy\" decoding=\"async\" width=\"764\" height=\"340\" src=\"https:\/\/wordpress.nibis.de\/rsgebhardshagen\/files\/2019\/07\/first-aid-1732708__340.jpg\" alt=\"\" class=\"wp-image-1065\" srcset=\"https:\/\/wordpress.nibis.de\/rsgebhardshagen\/files\/2019\/07\/first-aid-1732708__340.jpg 764w, https:\/\/wordpress.nibis.de\/rsgebhardshagen\/files\/2019\/07\/first-aid-1732708__340-300x134.jpg 300w\" sizes=\"auto, (max-width: 764px) 100vw, 764px\" \/><\/figure><\/div>\n\n\n<p>Wir, die Schulsanis der Schule, werden vom DRK (<strong><span style=\"color: #ff0777\">Deutschen Roten Kreuz<\/span><\/strong>) ausgebildet und erhalten hier unsere Ersthelferbescheinigung.<\/p>\n<p>In den Pausen sowie auf Schul- und Sportfesten k\u00fcmmern wir uns selbstst\u00e4ndig um verletzte Mitsch\u00fcler und nat\u00fcrlich auch um verletzte Lehrkr\u00e4fte. W\u00e4hrend des Unterrichts k\u00f6nnen die diensthabenden Sanis \u00fcber <strong><span style=\"color: #ff0777\">Funk<\/span><\/strong> angefordert werden.<\/p>\n<p>Mit unserer betreuenden Lehrkraft Frau Schmidt\u00a0besprechen wir w\u00f6chentlich unsere \u201eF\u00e4lle\u201c. Hier wiederholen wir auch verschiedene Erste Hilfe-Ma\u00dfnahmen.<\/p>\n<p>In unserer Arbeitsgemeinschaft wird au\u00dferdem der Nachwuchs auf den Erste Hilfe-Kurs vorbereitet.<\/p>\n<p>F\u00fcr die T\u00e4tigkeit an der Schule steht uns ein eigener <strong><span style=\"color: #ff0777\">Sanit\u00e4tsraum<\/span><\/strong> zur Verf\u00fcgung.<\/p>\n<p>Nachdem wir alle eine Pr\u00fcfung abgelegt haben, stehen wir bereit, um uns um eure Blessuren zu k\u00fcmmern.<\/p>\n<p>Ihr erreicht uns im Sani-Raum. Dort h\u00e4ngen auch unsere <strong><span style=\"color: #ff0777\">Bereitschaftszeiten<\/span><\/strong> aus.<\/p>","protected":false},"excerpt":{"rendered":"<p>Wir, die Schulsanis der Schule, werden vom DRK (Deutschen Roten Kreuz) ausgebildet und erhalten hier unsere Ersthelferbescheinigung. In den Pausen sowie auf Schul- und Sportfesten k\u00fcmmern wir uns selbstst\u00e4ndig um verletzte Mitsch\u00fcler und nat\u00fcrlich auch um verletzte Lehrkr\u00e4fte. W\u00e4hrend des Unterrichts k\u00f6nnen die diensthabenden Sanis \u00fcber Funk angefordert werden. Mit unserer betreuenden Lehrkraft Frau Schmidt\u00a0besprechen [&hellip;]<\/p>\n","protected":false},"author":9193020,"featured_media":0,"parent":0,"menu_order":0,"comment_status":"closed","ping_status":"closed","template":"","meta":{"footnotes":""},"class_list":["post-384","page","type-page","status-publish","hentry"],"_links":{"self":[{"href":"https:\/\/wordpress.nibis.de\/rsgebhardshagen\/wp-json\/wp\/v2\/pages\/384","targetHints":{"allow":["GET"]}}],"collection":[{"href":"https:\/\/wordpress.nibis.de\/rsgebhardshagen\/wp-json\/wp\/v2\/pages"}],"about":[{"href":"https:\/\/wordpress.nibis.de\/rsgebhardshagen\/wp-json\/wp\/v2\/types\/page"}],"author":[{"embeddable":true,"href":"https:\/\/wordpress.nibis.de\/rsgebhardshagen\/wp-json\/wp\/v2\/users\/9193020"}],"replies":[{"embeddable":true,"href":"https:\/\/wordpress.nibis.de\/rsgebhardshagen\/wp-json\/wp\/v2\/comments?post=384"}],"version-history":[{"count":5,"href":"https:\/\/wordpress.nibis.de\/rsgebhardshagen\/wp-json\/wp\/v2\/pages\/384\/revisions"}],"predecessor-version":[{"id":1573,"href":"https:\/\/wordpress.nibis.de\/rsgebhardshagen\/wp-json\/wp\/v2\/pages\/384\/revisions\/1573"}],"wp:attachment":[{"href":"https:\/\/wordpress.nibis.de\/rsgebhardshagen\/wp-json\/wp\/v2\/media?parent=384"}],"curies":[{"name":"wp","href":"https:\/\/api.w.org\/{rel}","templated":true}]}}