{"id":387,"date":"2019-03-11T11:54:50","date_gmt":"2019-03-11T10:54:50","guid":{"rendered":"https:\/\/wordpress.nibis.de\/rsgebhardshagen\/?page_id=387"},"modified":"2019-06-25T11:23:47","modified_gmt":"2019-06-25T09:23:47","slug":"skikurs-fieberbrunn","status":"publish","type":"page","link":"https:\/\/wordpress.nibis.de\/rsgebhardshagen\/skikurs-fieberbrunn\/","title":{"rendered":"Skikurs Fieberbrunn"},"content":{"rendered":"\n<p>Seit Januar 2010 fahren regelm\u00e4\u00dfig Sch\u00fcler und Sch\u00fclerinnen unserer Schule zum Skifahren und Snowboarden in die Alpen. An sechs Skitagen werden die Teilnehmer auf den Pisten des Pillerseetals von den begleitenden Lehrkr\u00e4ften geschult. Auf den Pisten von <span style=\"color: #ff0777\"><strong>Fieberbrunn<\/strong> <\/span>sowie auf den H\u00e4ngen der Steinplatte in Waidring finden sich hervorragende \u00dcbungsm\u00f6glichkeiten f\u00fcr <span style=\"color: #ff0777\"><strong>Anf\u00e4nger und Fortgeschrittene<\/strong><\/span>. Die sportlichen Voraussetzungen der Teilnehmer sind sehr <span style=\"color: #ff0777\"><strong>unterschiedlich<\/strong><\/span>. Viele m\u00fcssen in die Anfangsgr\u00fcnde des Ski- und Snowboardens eingef\u00fchrt werden.<\/p>\n<p>Umso mehr Spa\u00df macht es ihnen und den begleitenden <span style=\"color: #ff0777\"><strong>Lehrkr\u00e4ften<\/strong><\/span>, die&nbsp;&nbsp; schnellen Lernfortschritte und Anfangserfolge zu erfahren. Aber auch die&nbsp;&nbsp; fortgeschrittenen Fahrer haben die Chance, ihre F\u00e4higkeiten im Skifahren und Snowboarden zu entwickeln und auszubauen. Gerade durch die&nbsp; gemischte Gruppe tritt aber auch der soziale Aspekt eines solchen&nbsp; Kurses in den Vordergrund. Sehr wichtig ist es, wenn fortgeschrittene&nbsp; Fahrer lernen, Verantwortung f\u00fcr die Entwicklung von Anf\u00e4ngern zu \u00fcbernehmen. Solche <span style=\"color: #ff0777\"><strong>klassen\u00fcbergreifenden<\/strong> <\/span>Lernchancen und Situationen bietet der Alltag in der Schule leider viel zu wenig. Umso erfreulicher und wichtiger ist es daher, dass sich an unserer Schule immer wieder <span style=\"color: #ff0777\"><strong>freiwillige<\/strong> <\/span>und motivierte Sch\u00fcler und Sch\u00fclerinnen&nbsp; zusammenfinden, die&nbsp; bei diesem angebotenen Ski- und Snowboardkurs&nbsp; mitmachen.&nbsp;<\/p>\n<p>&nbsp;<\/p>\n\n\n\n<ul class=\"wp-block-gallery columns-2 is-cropped wp-block-gallery-1 is-layout-flex wp-block-gallery-is-layout-flex\"><li class=\"blocks-gallery-item\"><figure><img loading=\"lazy\" decoding=\"async\" width=\"314\" height=\"235\" src=\"https:\/\/wordpress.nibis.de\/rsgebhardshagen\/files\/2019\/03\/Skikurs-2.png\" alt=\"\" data-id=\"443\" data-link=\"https:\/\/wordpress.nibis.de\/rsgebhardshagen\/skikurs-fieberbrunn\/skikurs-2\/\" class=\"wp-image-443\" srcset=\"https:\/\/wordpress.nibis.de\/rsgebhardshagen\/files\/2019\/03\/Skikurs-2.png 314w, https:\/\/wordpress.nibis.de\/rsgebhardshagen\/files\/2019\/03\/Skikurs-2-300x225.png 300w\" sizes=\"auto, (max-width: 314px) 100vw, 314px\" \/><\/figure><\/li><li class=\"blocks-gallery-item\"><figure><img loading=\"lazy\" decoding=\"async\" width=\"314\" height=\"235\" src=\"https:\/\/wordpress.nibis.de\/rsgebhardshagen\/files\/2019\/03\/Skikurs.png\" alt=\"\" data-id=\"439\" data-link=\"https:\/\/wordpress.nibis.de\/rsgebhardshagen\/skikurs-fieberbrunn\/skikurs\/\" class=\"wp-image-439\" srcset=\"https:\/\/wordpress.nibis.de\/rsgebhardshagen\/files\/2019\/03\/Skikurs.png 314w, https:\/\/wordpress.nibis.de\/rsgebhardshagen\/files\/2019\/03\/Skikurs-300x225.png 300w\" sizes=\"auto, (max-width: 314px) 100vw, 314px\" \/><\/figure><\/li><\/ul>\n","protected":false},"excerpt":{"rendered":"<p>Seit Januar 2010 fahren regelm\u00e4\u00dfig Sch\u00fcler und Sch\u00fclerinnen unserer Schule zum Skifahren und Snowboarden in die Alpen. An sechs Skitagen werden die Teilnehmer auf den Pisten des Pillerseetals von den begleitenden Lehrkr\u00e4ften geschult. Auf den Pisten von Fieberbrunn sowie auf den H\u00e4ngen der Steinplatte in Waidring finden sich hervorragende \u00dcbungsm\u00f6glichkeiten f\u00fcr Anf\u00e4nger und Fortgeschrittene. Die [&hellip;]<\/p>\n","protected":false},"author":9193020,"featured_media":793,"parent":0,"menu_order":0,"comment_status":"closed","ping_status":"closed","template":"","meta":{"footnotes":""},"class_list":["post-387","page","type-page","status-publish","has-post-thumbnail","hentry"],"_links":{"self":[{"href":"https:\/\/wordpress.nibis.de\/rsgebhardshagen\/wp-json\/wp\/v2\/pages\/387","targetHints":{"allow":["GET"]}}],"collection":[{"href":"https:\/\/wordpress.nibis.de\/rsgebhardshagen\/wp-json\/wp\/v2\/pages"}],"about":[{"href":"https:\/\/wordpress.nibis.de\/rsgebhardshagen\/wp-json\/wp\/v2\/types\/page"}],"author":[{"embeddable":true,"href":"https:\/\/wordpress.nibis.de\/rsgebhardshagen\/wp-json\/wp\/v2\/users\/9193020"}],"replies":[{"embeddable":true,"href":"https:\/\/wordpress.nibis.de\/rsgebhardshagen\/wp-json\/wp\/v2\/comments?post=387"}],"version-history":[{"count":16,"href":"https:\/\/wordpress.nibis.de\/rsgebhardshagen\/wp-json\/wp\/v2\/pages\/387\/revisions"}],"predecessor-version":[{"id":795,"href":"https:\/\/wordpress.nibis.de\/rsgebhardshagen\/wp-json\/wp\/v2\/pages\/387\/revisions\/795"}],"wp:featuredmedia":[{"embeddable":true,"href":"https:\/\/wordpress.nibis.de\/rsgebhardshagen\/wp-json\/wp\/v2\/media\/793"}],"wp:attachment":[{"href":"https:\/\/wordpress.nibis.de\/rsgebhardshagen\/wp-json\/wp\/v2\/media?parent=387"}],"curies":[{"name":"wp","href":"https:\/\/api.w.org\/{rel}","templated":true}]}}