{"id":393,"date":"2019-03-11T12:04:16","date_gmt":"2019-03-11T11:04:16","guid":{"rendered":"https:\/\/wordpress.nibis.de\/rsgebhardshagen\/?page_id=393"},"modified":"2020-09-15T12:13:22","modified_gmt":"2020-09-15T10:13:22","slug":"lets-go-to-london","status":"publish","type":"page","link":"https:\/\/wordpress.nibis.de\/rsgebhardshagen\/lets-go-to-london\/","title":{"rendered":"Let\u00b4s go to London"},"content":{"rendered":"<p><span style=\"color: #ff7400\"><strong>&#8222;Experience, travel &#8211; these are as education in themselves.&#8220; (Euripides)<\/strong><\/span><\/p>\n<p>Seit dem Schuljahr 2013\/2014&nbsp; haben die Sch\u00fclerinnen und Sch\u00fcler der 9. und 10 Klassen die Gelegenheit, ihre bisher erlangten Englischkenntnisse <span style=\"color: #ff0777\"><strong>praktisch<\/strong><\/span> anzuwenden:<\/p>\n<p>Unsere Schule bietet interessierten Sch\u00fclerinnen und Sch\u00fclern die M\u00f6glichkeit, an einer <span style=\"color: #007777\"><a style=\"color: #007777\" href=\"https:\/\/wordpress.nibis.de\/rsgebhardshagen\/our-trip-to-london-2015\/\"><strong>\u21d2 Studienfahrt nach London<\/strong><\/a><\/span> teilzunehmen.<\/p>\n<p>Drei Lehrkr\u00e4fte begleiten eine Sch\u00fclergruppe von maximal 52 Teilnehmern. Ein <span style=\"color: #ff0777\"><strong>abwechslungsreiches Programm<\/strong><\/span> soll unsere Sch\u00fclerinnen und Sch\u00fclern dabei unterst\u00fctzen, London und seine Umgebung n\u00e4her kennenzulernen und viele neue Eindr\u00fccke mit nach Hause zu bringen.<\/p>\n<p>Dar\u00fcber hinaus erg\u00e4nzen nat\u00fcrlich verschiedene <strong><span style=\"color: #ff0777\">Sehensw\u00fcrdigkeiten<\/span><\/strong> und besondere Pl\u00e4tze in London das Programm.<\/p>\n\n\n<div class=\"wp-block-image\"><figure class=\"aligncenter size-large\"><img loading=\"lazy\" decoding=\"async\" width=\"510\" height=\"340\" src=\"https:\/\/wordpress.nibis.de\/rsgebhardshagen\/files\/2020\/09\/river-541456__340.jpg\" alt=\"\" class=\"wp-image-1610\" srcset=\"https:\/\/wordpress.nibis.de\/rsgebhardshagen\/files\/2020\/09\/river-541456__340.jpg 510w, https:\/\/wordpress.nibis.de\/rsgebhardshagen\/files\/2020\/09\/river-541456__340-300x200.jpg 300w\" sizes=\"auto, (max-width: 510px) 100vw, 510px\" \/><\/figure><\/div>\n","protected":false},"excerpt":{"rendered":"<p>&#8222;Experience, travel &#8211; these are as education in themselves.&#8220; (Euripides) Seit dem Schuljahr 2013\/2014&nbsp; haben die Sch\u00fclerinnen und Sch\u00fcler der 9. und 10 Klassen die Gelegenheit, ihre bisher erlangten Englischkenntnisse praktisch anzuwenden: Unsere Schule bietet interessierten Sch\u00fclerinnen und Sch\u00fclern die M\u00f6glichkeit, an einer \u21d2 Studienfahrt nach London teilzunehmen. Drei Lehrkr\u00e4fte begleiten eine Sch\u00fclergruppe von maximal [&hellip;]<\/p>\n","protected":false},"author":9193020,"featured_media":0,"parent":0,"menu_order":0,"comment_status":"closed","ping_status":"closed","template":"","meta":{"footnotes":""},"class_list":["post-393","page","type-page","status-publish","hentry"],"_links":{"self":[{"href":"https:\/\/wordpress.nibis.de\/rsgebhardshagen\/wp-json\/wp\/v2\/pages\/393","targetHints":{"allow":["GET"]}}],"collection":[{"href":"https:\/\/wordpress.nibis.de\/rsgebhardshagen\/wp-json\/wp\/v2\/pages"}],"about":[{"href":"https:\/\/wordpress.nibis.de\/rsgebhardshagen\/wp-json\/wp\/v2\/types\/page"}],"author":[{"embeddable":true,"href":"https:\/\/wordpress.nibis.de\/rsgebhardshagen\/wp-json\/wp\/v2\/users\/9193020"}],"replies":[{"embeddable":true,"href":"https:\/\/wordpress.nibis.de\/rsgebhardshagen\/wp-json\/wp\/v2\/comments?post=393"}],"version-history":[{"count":5,"href":"https:\/\/wordpress.nibis.de\/rsgebhardshagen\/wp-json\/wp\/v2\/pages\/393\/revisions"}],"predecessor-version":[{"id":1611,"href":"https:\/\/wordpress.nibis.de\/rsgebhardshagen\/wp-json\/wp\/v2\/pages\/393\/revisions\/1611"}],"wp:attachment":[{"href":"https:\/\/wordpress.nibis.de\/rsgebhardshagen\/wp-json\/wp\/v2\/media?parent=393"}],"curies":[{"name":"wp","href":"https:\/\/api.w.org\/{rel}","templated":true}]}}