{"id":403,"date":"2019-03-11T12:16:29","date_gmt":"2019-03-11T11:16:29","guid":{"rendered":"https:\/\/wordpress.nibis.de\/rsgebhardshagen\/?page_id=403"},"modified":"2019-03-11T12:16:29","modified_gmt":"2019-03-11T11:16:29","slug":"tag-der-offenen-tuer-2016","status":"publish","type":"page","link":"https:\/\/wordpress.nibis.de\/rsgebhardshagen\/tag-der-offenen-tuer-2016\/","title":{"rendered":"Tag der offenen T\u00fcr 2016"},"content":{"rendered":"\n<p>Gemeinsam mit ihren Lehrerinnen und Lehrern\u00a0haben alle Sch\u00fclerinnen und Sch\u00fcler der RSG viel Spannendes f\u00fcr unsere gro\u00dfen und kleinen Besucherinnen und Besucher vorbereitet.<\/p>\n<p>Es erwartet Sie u.a<\/p>\n<ul>\n<li>ein Freundschaftsfu\u00dfballspiel in der Turnhalle<\/li>\n<li>ein Trommel-Auftritt in der Aula<\/li>\n<li>\u00d6ffnung des Schreibwarenkiosk<\/li>\n<li>die Vorstellung der<strong><span style=\"color: #007777\"> \u21d2<a style=\"color: #007777\" href=\"https:\/\/wordpress.nibis.de\/rsgebhardshagen\/auszeichnung-der-realschule-gebhardshagen-zur-humanitaeren-schule-in-den-jahren-2013-und-2015\/\">&#8222;Humanit\u00e4re Schule<\/a>&#8222;<\/span><\/strong>, als die wir bereits auch schon mehrfach ausgezeichnet wurden<\/li>\n<li>Teamspiele des SV mit der 5b<\/li>\n<li>Kreativit\u00e4t am Computer &#8211; Bilder gestalten mit Paint<\/li>\n<li>und vieles, vieles mehr z. B. die Ergebnisse der Projektwoche unserer Schule unter dem Hauptthema: &#8222;Gesundheit&#8220;<\/li>\n<\/ul>\n<p><span style=\"color: #800080\">Viel Spa\u00df beim unserem &#8222;Tag der offenen T\u00fcr&#8220; w\u00fcnscht die gesamte Realschule Gebhardshagen!<\/span><\/p>\n","protected":false},"excerpt":{"rendered":"<p>Gemeinsam mit ihren Lehrerinnen und Lehrern\u00a0haben alle Sch\u00fclerinnen und Sch\u00fcler der RSG viel Spannendes f\u00fcr unsere gro\u00dfen und kleinen Besucherinnen und Besucher vorbereitet. Es erwartet Sie u.a ein Freundschaftsfu\u00dfballspiel in der Turnhalle ein Trommel-Auftritt in der Aula \u00d6ffnung des Schreibwarenkiosk die Vorstellung der \u21d2&#8222;Humanit\u00e4re Schule&#8222;, als die wir bereits auch schon mehrfach ausgezeichnet wurden Teamspiele [&hellip;]<\/p>\n","protected":false},"author":9193020,"featured_media":0,"parent":0,"menu_order":0,"comment_status":"closed","ping_status":"closed","template":"","meta":{"footnotes":""},"class_list":["post-403","page","type-page","status-publish","hentry"],"_links":{"self":[{"href":"https:\/\/wordpress.nibis.de\/rsgebhardshagen\/wp-json\/wp\/v2\/pages\/403","targetHints":{"allow":["GET"]}}],"collection":[{"href":"https:\/\/wordpress.nibis.de\/rsgebhardshagen\/wp-json\/wp\/v2\/pages"}],"about":[{"href":"https:\/\/wordpress.nibis.de\/rsgebhardshagen\/wp-json\/wp\/v2\/types\/page"}],"author":[{"embeddable":true,"href":"https:\/\/wordpress.nibis.de\/rsgebhardshagen\/wp-json\/wp\/v2\/users\/9193020"}],"replies":[{"embeddable":true,"href":"https:\/\/wordpress.nibis.de\/rsgebhardshagen\/wp-json\/wp\/v2\/comments?post=403"}],"version-history":[{"count":1,"href":"https:\/\/wordpress.nibis.de\/rsgebhardshagen\/wp-json\/wp\/v2\/pages\/403\/revisions"}],"predecessor-version":[{"id":404,"href":"https:\/\/wordpress.nibis.de\/rsgebhardshagen\/wp-json\/wp\/v2\/pages\/403\/revisions\/404"}],"wp:attachment":[{"href":"https:\/\/wordpress.nibis.de\/rsgebhardshagen\/wp-json\/wp\/v2\/media?parent=403"}],"curies":[{"name":"wp","href":"https:\/\/api.w.org\/{rel}","templated":true}]}}