{"id":406,"date":"2019-03-11T12:23:21","date_gmt":"2019-03-11T11:23:21","guid":{"rendered":"https:\/\/wordpress.nibis.de\/rsgebhardshagen\/?page_id=406"},"modified":"2020-09-15T12:26:32","modified_gmt":"2020-09-15T10:26:32","slug":"vorlesewettbewerb","status":"publish","type":"page","link":"https:\/\/wordpress.nibis.de\/rsgebhardshagen\/vorlesewettbewerb\/","title":{"rendered":"Vorlesewettbewerb"},"content":{"rendered":"\n<div class=\"wp-block-image\"><figure class=\"aligncenter size-large\"><img loading=\"lazy\" decoding=\"async\" width=\"510\" height=\"340\" src=\"https:\/\/wordpress.nibis.de\/rsgebhardshagen\/files\/2020\/09\/book-4000080__340.jpg\" alt=\"\" class=\"wp-image-1618\" srcset=\"https:\/\/wordpress.nibis.de\/rsgebhardshagen\/files\/2020\/09\/book-4000080__340.jpg 510w, https:\/\/wordpress.nibis.de\/rsgebhardshagen\/files\/2020\/09\/book-4000080__340-300x200.jpg 300w\" sizes=\"auto, (max-width: 510px) 100vw, 510px\" \/><\/figure><\/div>\n\n\n<p>Jeden <span style=\"color: #ff0777\"><strong>Dezember <\/strong><\/span>findet unser <span style=\"color: #ff0777\"><strong>allj\u00e4hrliche Vorlesewettbewerb<\/strong><\/span> der 6. Kl\u00e4ssler in unserer schuleigenen B\u00fccherei statt.<\/p>\n<p>Alle Sch\u00fclerinnen und Sch\u00fcler der<span style=\"color: #ff0777\"><strong> 6. Klassen<\/strong> <\/span>bereiteten sich im Rahmen einer Unterrichtseinheit auf das <span style=\"color: #ff0777\"><strong>gute Vorlesen<\/strong><\/span> vor. Es werden B\u00fccher gelesen, Tipps und Tricks zum guten Vorlesen erlernt und angewendet, Plakate erstellt und Buchpr\u00e4sentationen des eigenen <span style=\"color: #ff0777\"><strong>Lieblingsbuchs<\/strong><\/span> vor der Klasse gehalten.<\/p>\n<p>Anschlie\u00dfend werden die vier besten Vorleser und Vorleserinnen aus jeder Klasse ausgew\u00e4hlt.<\/p>\n<p>Beim Vorlesewettbewerb gilt es nun, das Erlernte zu <strong><span style=\"color: #ff0777\">pr\u00e4sentieren<\/span><\/strong>. Dazu muss jeder Leser einen bekannten und einen unbekannten Text sinngebend vorlesen. Die <span style=\"color: #ff0777\"><strong>Aufregung <\/strong><\/span>ist immer allen ins Gesicht geschrieben&#8230;.<\/p>\n<p>Eine <span style=\"color: #ff0777\"><strong>Jury <\/strong><\/span>aus Lehrern, Eltern und Sch\u00fclern bewerten die Vorleseleistungen jedes Vorlesers und vergeben die entsprechenden <span style=\"color: #ff0777\"><strong>Punkte<\/strong><\/span>. Und das ist nicht leicht: Denn alle Mitglieder sind sich meist einig, dass unsere Sch\u00fclerinnen und Sch\u00fcler ihre Sache <span style=\"color: #ff0777\"><strong>sehr gut<\/strong><\/span> machen.<\/p>\n<p><\/p>","protected":false},"excerpt":{"rendered":"<p>Jeden Dezember findet unser allj\u00e4hrliche Vorlesewettbewerb der 6. Kl\u00e4ssler in unserer schuleigenen B\u00fccherei statt. Alle Sch\u00fclerinnen und Sch\u00fcler der 6. Klassen bereiteten sich im Rahmen einer Unterrichtseinheit auf das gute Vorlesen vor. Es werden B\u00fccher gelesen, Tipps und Tricks zum guten Vorlesen erlernt und angewendet, Plakate erstellt und Buchpr\u00e4sentationen des eigenen Lieblingsbuchs vor der Klasse [&hellip;]<\/p>\n","protected":false},"author":9193020,"featured_media":0,"parent":0,"menu_order":0,"comment_status":"closed","ping_status":"closed","template":"","meta":{"footnotes":""},"class_list":["post-406","page","type-page","status-publish","hentry"],"_links":{"self":[{"href":"https:\/\/wordpress.nibis.de\/rsgebhardshagen\/wp-json\/wp\/v2\/pages\/406","targetHints":{"allow":["GET"]}}],"collection":[{"href":"https:\/\/wordpress.nibis.de\/rsgebhardshagen\/wp-json\/wp\/v2\/pages"}],"about":[{"href":"https:\/\/wordpress.nibis.de\/rsgebhardshagen\/wp-json\/wp\/v2\/types\/page"}],"author":[{"embeddable":true,"href":"https:\/\/wordpress.nibis.de\/rsgebhardshagen\/wp-json\/wp\/v2\/users\/9193020"}],"replies":[{"embeddable":true,"href":"https:\/\/wordpress.nibis.de\/rsgebhardshagen\/wp-json\/wp\/v2\/comments?post=406"}],"version-history":[{"count":4,"href":"https:\/\/wordpress.nibis.de\/rsgebhardshagen\/wp-json\/wp\/v2\/pages\/406\/revisions"}],"predecessor-version":[{"id":1619,"href":"https:\/\/wordpress.nibis.de\/rsgebhardshagen\/wp-json\/wp\/v2\/pages\/406\/revisions\/1619"}],"wp:attachment":[{"href":"https:\/\/wordpress.nibis.de\/rsgebhardshagen\/wp-json\/wp\/v2\/media?parent=406"}],"curies":[{"name":"wp","href":"https:\/\/api.w.org\/{rel}","templated":true}]}}