{"id":416,"date":"2019-03-11T12:49:38","date_gmt":"2019-03-11T11:49:38","guid":{"rendered":"https:\/\/wordpress.nibis.de\/rsgebhardshagen\/?page_id=416"},"modified":"2020-09-15T10:23:11","modified_gmt":"2020-09-15T08:23:11","slug":"unser-leitbild","status":"publish","type":"page","link":"https:\/\/wordpress.nibis.de\/rsgebhardshagen\/unser-leitbild\/","title":{"rendered":"Unser Leitbild"},"content":{"rendered":"\n<figure class=\"wp-block-gallery columns-3 is-cropped wp-block-gallery-1 is-layout-flex wp-block-gallery-is-layout-flex\"><ul class=\"blocks-gallery-grid\"><li class=\"blocks-gallery-item\"><figure><img loading=\"lazy\" decoding=\"async\" width=\"510\" height=\"340\" src=\"https:\/\/wordpress.nibis.de\/rsgebhardshagen\/files\/2020\/09\/binoculars-1209011__340.jpg\" alt=\"\" data-id=\"1558\" data-link=\"https:\/\/wordpress.nibis.de\/rsgebhardshagen\/unser-leitbild\/binoculars-1209011__340\/\" class=\"wp-image-1558\" srcset=\"https:\/\/wordpress.nibis.de\/rsgebhardshagen\/files\/2020\/09\/binoculars-1209011__340.jpg 510w, https:\/\/wordpress.nibis.de\/rsgebhardshagen\/files\/2020\/09\/binoculars-1209011__340-300x200.jpg 300w\" sizes=\"auto, (max-width: 510px) 100vw, 510px\" \/><\/figure><\/li><li class=\"blocks-gallery-item\"><figure><img loading=\"lazy\" decoding=\"async\" width=\"509\" height=\"340\" src=\"https:\/\/wordpress.nibis.de\/rsgebhardshagen\/files\/2020\/09\/walk-2635038__340.jpg\" alt=\"\" data-id=\"1559\" data-link=\"https:\/\/wordpress.nibis.de\/rsgebhardshagen\/unser-leitbild\/walk-2635038__340\/\" class=\"wp-image-1559\" srcset=\"https:\/\/wordpress.nibis.de\/rsgebhardshagen\/files\/2020\/09\/walk-2635038__340.jpg 509w, https:\/\/wordpress.nibis.de\/rsgebhardshagen\/files\/2020\/09\/walk-2635038__340-300x200.jpg 300w\" sizes=\"auto, (max-width: 509px) 100vw, 509px\" \/><\/figure><\/li><li class=\"blocks-gallery-item\"><figure><img loading=\"lazy\" decoding=\"async\" width=\"419\" height=\"340\" src=\"https:\/\/wordpress.nibis.de\/rsgebhardshagen\/files\/2020\/09\/team-spirit-2447163__340.jpg\" alt=\"\" data-id=\"1560\" data-link=\"https:\/\/wordpress.nibis.de\/rsgebhardshagen\/unser-leitbild\/team-spirit-2447163__340\/\" class=\"wp-image-1560\" srcset=\"https:\/\/wordpress.nibis.de\/rsgebhardshagen\/files\/2020\/09\/team-spirit-2447163__340.jpg 419w, https:\/\/wordpress.nibis.de\/rsgebhardshagen\/files\/2020\/09\/team-spirit-2447163__340-300x243.jpg 300w\" sizes=\"auto, (max-width: 419px) 100vw, 419px\" \/><\/figure><\/li><li class=\"blocks-gallery-item\"><figure><img loading=\"lazy\" decoding=\"async\" width=\"765\" height=\"340\" src=\"https:\/\/wordpress.nibis.de\/rsgebhardshagen\/files\/2020\/09\/adult-education-2706977__340.jpg\" alt=\"\" data-id=\"1561\" data-full-url=\"https:\/\/wordpress.nibis.de\/rsgebhardshagen\/files\/2020\/09\/adult-education-2706977__340.jpg\" data-link=\"https:\/\/wordpress.nibis.de\/rsgebhardshagen\/unser-leitbild\/adult-education-2706977__340\/\" class=\"wp-image-1561\" srcset=\"https:\/\/wordpress.nibis.de\/rsgebhardshagen\/files\/2020\/09\/adult-education-2706977__340.jpg 765w, https:\/\/wordpress.nibis.de\/rsgebhardshagen\/files\/2020\/09\/adult-education-2706977__340-300x133.jpg 300w\" sizes=\"auto, (max-width: 765px) 100vw, 765px\" \/><\/figure><\/li><\/ul><\/figure>\n\n\n\n<p><span style=\"color: #ff7400\"><strong>Gute Voraussetzungen<\/strong><\/span><\/p>\n<p>Wir bilden uns kontinuierlich und systematisch\u00a0fort, um die Qualit\u00e4t unserer Arbeit weiterzuentwickeln.<br \/>Wir entwickeln die Teamarbeit und schaffen Freir\u00e4ume f\u00fcr neue Ideen.<br \/>Wir formulieren klare Zielvorgaben und\u00a0Leistungsma\u00dfst\u00e4be.<br \/>Wir sorgen f\u00fcr angemessene R\u00e4umlichkeiten,\u00a0Unterrichtsmaterialien und Medien.<\/p>\n\n\n\n<p><span style=\"color: #ff7400\"><strong>Guter Unterricht (Stundentafel, Projekte, WPK, Methodencurriculum)<\/strong><\/span><\/p>\n<p>Wir setzen die Bildungsstandards systematisch um.<br>Wir bilden besondere Schwerpunkte im&nbsp;sprachlichen, naturwissenschaftlichen und&nbsp;musisch-kulturellen Bereich sowie zur Berufsorientierung.<br>Wir wecken bei Sch\u00fclerinnen und Sch\u00fclern&nbsp;Neugier und Lernbereitschaft.<br>Wir nutzen Methodenvielfalt und vermitteln&nbsp;Methodenkompetenz.<\/p>\n\n\n\n<p><span style=\"color: #ff7400\"><strong>Gemeinsames Auftreten (Rituale einf\u00fchren und einhalten, Feste feiern, Sport, Theater und Musik)<\/strong><\/span><\/p>\n<p>Wir schaffen eine vertrauensvolle Atmosph\u00e4re&nbsp;und gehen offen aufeinander zu.<br>Wir st\u00e4rken die Identifikation mit der Schule&nbsp;durch gemeinsame Veranstaltungen \u00dcbertragung von Verantwortlichkeiten.<br>Wir erarbeiten gemeinsam Regeln zum&nbsp;respektvollen Umgang aller am Schulleben<br>Beteiligten und sorgen durch verbindliche Absprachen f\u00fcr deren Einhaltung.<\/p>\n\n\n\n<p><span style=\"color: #ff7400\"><strong>Jeder kommt voran (Begabtenf\u00f6rderung, Nachhilfe, Projekte, Freiarbeit, Differenzierte Aufgaben)<\/strong><\/span><\/p>\n<p>Wir unterst\u00fctzen unsere Sch\u00fclerinnen und&nbsp;Sch\u00fcler bei der Entfaltung ihrer pers\u00f6nlichen&nbsp;Begabung.<br>Wir leisten eine Analyse der individuellen&nbsp;Ausgangssituation und bieten eine gezielte&nbsp;F\u00f6rderung sowie die St\u00e4rkung des eigenverantwortlichen Lernens.<\/p>\n","protected":false},"excerpt":{"rendered":"<p>Gute Voraussetzungen Wir bilden uns kontinuierlich und systematisch\u00a0fort, um die Qualit\u00e4t unserer Arbeit weiterzuentwickeln.Wir entwickeln die Teamarbeit und schaffen Freir\u00e4ume f\u00fcr neue Ideen.Wir formulieren klare Zielvorgaben und\u00a0Leistungsma\u00dfst\u00e4be.Wir sorgen f\u00fcr angemessene R\u00e4umlichkeiten,\u00a0Unterrichtsmaterialien und Medien. Guter Unterricht (Stundentafel, Projekte, WPK, Methodencurriculum) Wir setzen die Bildungsstandards systematisch um.Wir bilden besondere Schwerpunkte im&nbsp;sprachlichen, naturwissenschaftlichen und&nbsp;musisch-kulturellen Bereich sowie zur Berufsorientierung.Wir [&hellip;]<\/p>\n","protected":false},"author":9193020,"featured_media":0,"parent":0,"menu_order":0,"comment_status":"closed","ping_status":"closed","template":"","meta":{"footnotes":""},"class_list":["post-416","page","type-page","status-publish","hentry"],"_links":{"self":[{"href":"https:\/\/wordpress.nibis.de\/rsgebhardshagen\/wp-json\/wp\/v2\/pages\/416","targetHints":{"allow":["GET"]}}],"collection":[{"href":"https:\/\/wordpress.nibis.de\/rsgebhardshagen\/wp-json\/wp\/v2\/pages"}],"about":[{"href":"https:\/\/wordpress.nibis.de\/rsgebhardshagen\/wp-json\/wp\/v2\/types\/page"}],"author":[{"embeddable":true,"href":"https:\/\/wordpress.nibis.de\/rsgebhardshagen\/wp-json\/wp\/v2\/users\/9193020"}],"replies":[{"embeddable":true,"href":"https:\/\/wordpress.nibis.de\/rsgebhardshagen\/wp-json\/wp\/v2\/comments?post=416"}],"version-history":[{"count":2,"href":"https:\/\/wordpress.nibis.de\/rsgebhardshagen\/wp-json\/wp\/v2\/pages\/416\/revisions"}],"predecessor-version":[{"id":1562,"href":"https:\/\/wordpress.nibis.de\/rsgebhardshagen\/wp-json\/wp\/v2\/pages\/416\/revisions\/1562"}],"wp:attachment":[{"href":"https:\/\/wordpress.nibis.de\/rsgebhardshagen\/wp-json\/wp\/v2\/media?parent=416"}],"curies":[{"name":"wp","href":"https:\/\/api.w.org\/{rel}","templated":true}]}}