{"id":682,"date":"2019-03-22T09:27:56","date_gmt":"2019-03-22T08:27:56","guid":{"rendered":"https:\/\/wordpress.nibis.de\/rsgebhardshagen\/?page_id=682"},"modified":"2023-03-16T11:22:13","modified_gmt":"2023-03-16T10:22:13","slug":"leitfaden-schuelertransport","status":"publish","type":"page","link":"https:\/\/wordpress.nibis.de\/rsgebhardshagen\/leitfaden-schuelertransport\/","title":{"rendered":"Leitfaden Sch\u00fclertransport"},"content":{"rendered":"<div class=\"page\" title=\"Page 1\">\n<div class=\"layoutArea\">\n<div class=\"column\">\n<p>Der <strong><span style=\"color: #ff0777\">Sch\u00fclertransport<\/span><\/strong> zur RSG kann entweder durch einen Bus der KVG, einen privaten PKW, ein Zweirad (z.B. Fahrrad, Mofa, Roller) oder zu Fu\u00df erfolgen.<\/p>\n<p>Ganz egal welches Verkehrsmittel gew\u00e4hlt wird: Alle Beteiligten sollen aufeinander <strong><span style=\"color: #ff0777\">R\u00fccksicht<\/span><\/strong> nehmen und sich gegenseitig unterst\u00fctzen, damit ein angenehmer und vor allem <strong><span style=\"color: #ff0777\">sicherer<\/span><\/strong> Transport m\u00f6glich ist.<\/p>\n<p>Weitere Informationen gibt es auf unserem\u00a0<strong style=\"font-size: inherit\"><span style=\"color: #007777\">\u21d2 <a href=\"https:\/\/wordpress.nibis.de\/rsgebhardshagen\/files\/2023\/03\/Leitfaden-zum-Schuelertransport.pdf\">Leitfaden Sch\u00fclertransport.<\/a><\/span><\/strong><\/p>\n<\/div>\n<\/div>\n<\/div>\n\n\n<div class=\"wp-block-image\"><figure class=\"aligncenter size-large\"><img loading=\"lazy\" decoding=\"async\" width=\"510\" height=\"340\" src=\"https:\/\/wordpress.nibis.de\/rsgebhardshagen\/files\/2020\/09\/pylon-2915449__340.jpg\" alt=\"\" class=\"wp-image-1564\" srcset=\"https:\/\/wordpress.nibis.de\/rsgebhardshagen\/files\/2020\/09\/pylon-2915449__340.jpg 510w, https:\/\/wordpress.nibis.de\/rsgebhardshagen\/files\/2020\/09\/pylon-2915449__340-300x200.jpg 300w\" sizes=\"auto, (max-width: 510px) 100vw, 510px\" \/><\/figure><\/div>\n","protected":false},"excerpt":{"rendered":"<p>Der Sch\u00fclertransport zur RSG kann entweder durch einen Bus der KVG, einen privaten PKW, ein Zweirad (z.B. Fahrrad, Mofa, Roller) oder zu Fu\u00df erfolgen. Ganz egal welches Verkehrsmittel gew\u00e4hlt wird: Alle Beteiligten sollen aufeinander R\u00fccksicht nehmen und sich gegenseitig unterst\u00fctzen, damit ein angenehmer und vor allem sicherer Transport m\u00f6glich ist. Weitere Informationen gibt es auf [&hellip;]<\/p>\n","protected":false},"author":9193020,"featured_media":0,"parent":0,"menu_order":0,"comment_status":"closed","ping_status":"closed","template":"","meta":{"footnotes":""},"class_list":["post-682","page","type-page","status-publish","hentry"],"_links":{"self":[{"href":"https:\/\/wordpress.nibis.de\/rsgebhardshagen\/wp-json\/wp\/v2\/pages\/682","targetHints":{"allow":["GET"]}}],"collection":[{"href":"https:\/\/wordpress.nibis.de\/rsgebhardshagen\/wp-json\/wp\/v2\/pages"}],"about":[{"href":"https:\/\/wordpress.nibis.de\/rsgebhardshagen\/wp-json\/wp\/v2\/types\/page"}],"author":[{"embeddable":true,"href":"https:\/\/wordpress.nibis.de\/rsgebhardshagen\/wp-json\/wp\/v2\/users\/9193020"}],"replies":[{"embeddable":true,"href":"https:\/\/wordpress.nibis.de\/rsgebhardshagen\/wp-json\/wp\/v2\/comments?post=682"}],"version-history":[{"count":5,"href":"https:\/\/wordpress.nibis.de\/rsgebhardshagen\/wp-json\/wp\/v2\/pages\/682\/revisions"}],"predecessor-version":[{"id":2283,"href":"https:\/\/wordpress.nibis.de\/rsgebhardshagen\/wp-json\/wp\/v2\/pages\/682\/revisions\/2283"}],"wp:attachment":[{"href":"https:\/\/wordpress.nibis.de\/rsgebhardshagen\/wp-json\/wp\/v2\/media?parent=682"}],"curies":[{"name":"wp","href":"https:\/\/api.w.org\/{rel}","templated":true}]}}