{"id":755,"date":"2019-06-25T10:26:47","date_gmt":"2019-06-25T08:26:47","guid":{"rendered":"https:\/\/wordpress.nibis.de\/rsgebhardshagen\/?page_id=755"},"modified":"2020-09-15T14:30:45","modified_gmt":"2020-09-15T12:30:45","slug":"naturwissenschaften","status":"publish","type":"page","link":"https:\/\/wordpress.nibis.de\/rsgebhardshagen\/naturwissenschaften\/","title":{"rendered":"Naturwissenschaften"},"content":{"rendered":"<p>Der Bereich der Naturwissenschaften gliedert sich in die drei F\u00e4cher<span style=\"color: #ff0777\"><strong> Physik<\/strong>, <strong>Chemie<\/strong><\/span> und <span style=\"color: #ff0777\"><strong>Biologie<\/strong><\/span>, die sowohl prozess- als auch inhaltsbezogene Kompetenzen f\u00f6rdern. Alle drei F\u00e4cher bieten Grundlagen f\u00fcr die weiterf\u00fchrende Berufsorientierung sowohl im inhaltlichen als auch im praktischen Bereich.<\/p>\n<p>Im <span style=\"color: #ff7400\"><strong>Physikunterricht<\/strong> <\/span>werden die Themenbereiche Energie, Magnetismus, Optik, Elektrizit\u00e4t, Mechanik sowie Atom- und Kernphysik behandelt. Dabei werden Erscheinungen mithilfe von <strong><span style=\"color: #ff0777\">Experimenten<\/span><\/strong> erkundet und <strong><span style=\"color: #ff0777\">Betrachtungen<\/span><\/strong> vorgenommen. Stromkreisl\u00e4ufe werden angefertigt und die gerichtete Energie\u00fcbertragung genauer untersucht. Die Sch\u00fclerinnen und Sch\u00fcler zeichnen zu Messergebnissen entsprechende Graphen und lernen die korrekte Verwendung sowie Umrechnung von Gr\u00f6\u00dfen und Einheiten. Dar\u00fcber hinaus lernen sie von Messdaten auf proportionale <strong><span style=\"color: #ff0777\">Zusammenh\u00e4nge<\/span><\/strong> zu schlie\u00dfen.<\/p>\n<p>Im <span style=\"color: #ff7400\"><strong>Chemieunterricht<\/strong> <\/span>wird das Erkunden und Experimentieren gro\u00dfgeschrieben. Hierbei sollen die Sch\u00fclerinnen und Sch\u00fcler zunehmend selbst\u00e4ndig lernen Versuche durchzuf\u00fchren, Messdaten zu erfassen und diese im Anschluss auszuwerten. Der Umgang mit <span style=\"color: #ff0777\"><strong>Chemikalien<\/strong><\/span> wird dabei ansteigend zum Jahrgang der Sch\u00fclerinnen und Sch\u00fcler aufgegriffen. Dies f\u00fchrt zu einem vertiefenden Verst\u00e4ndnis der <strong><span style=\"color: #ff0777\">Stoffe<\/span><\/strong> und ihrer Eigenschaften, die eine Erkl\u00e4rung chemischer Reaktionen erm\u00f6glicht. In den h\u00f6heren Jahrg\u00e4ngen wird das Denken in h\u00f6herem <span style=\"color: #ff0777\"><strong>Abstraktionsgrad<\/strong><\/span> durch die Darstellung auf <strong><span style=\"color: #ff0777\">atomarer<\/span><\/strong> und <strong><span style=\"color: #ff0777\">molekularer<\/span><\/strong> Ebene angeregt.<\/p>\n<p>Im <span style=\"color: #ff7400\"><strong>Biologieunterricht<\/strong> <\/span>befassen wir uns im Besonderen mit der belebten <strong><span style=\"color: #ff0777\">Natur<\/span><\/strong>. Dabei stehen Pflanzen, Tiere und Mikroorganismen sowie die <strong><span style=\"color: #ff0777\">Wechselbeziehungen<\/span><\/strong> mit der unbelebten Natur und den <span style=\"color: #ff0777\"><strong>\u00d6kosystemen<\/strong><\/span> im Vordergrund. Auch der Mensch und die eigene Gesundheit nehmen einen gro\u00dfen Stellenwert im Biologieunterricht ein. Um den Sch\u00fclerinnen und Sch\u00fclern die komplexen biologischen Vorg\u00e4nge n\u00e4her zu bringen, unterrichten wir mit unterschiedlichsten Medien. Beispielsweise werden anhand von lebenden <strong><span style=\"color: #ff0777\">Tieren<\/span><\/strong>, z.B. Insekten oder Fischen, Beobachtungen zur Anatomie oder des Verhaltens durchgef\u00fchrt und Skizzen angelegt. Beim Untersuchen von <span style=\"color: #ff0777\"><strong>Pflanzen<\/strong><\/span> werden Pr\u00e4parate angefertigt und unter dem Mikroskop genauer betrachtet. Durch das Bauen von Modellen kann theoretisch Erlerntes besser verstanden und vertieft werden. Dar\u00fcber hinaus planen wir mit den Sch\u00fclerinnen und Sch\u00fclern Experimente, f\u00fchren sie durch und werten sie im Anschluss aus, um Fragen an die Natur zu beantworten. Mithilfe von Versuchen k\u00f6nnen <strong><span style=\"color: #ff0777\">Ph\u00e4nomene<\/span><\/strong> gezeigt, beobachtet und erkl\u00e4rt werden. Die F\u00f6rderung des Verst\u00e4ndnisses f\u00fcr die eigene <strong><span style=\"color: #ff0777\">Gesundheit<\/span><\/strong> ist ein wichtiger Bestandteil des Biologieunterrichts. Hier erhalten Sch\u00fclerinnen und Sch\u00fclern Kenntnisse \u00fcber den Verdauungstrakt, den Bewegungsapparat sowie das Herz-Kreislauf-System und stellen im Besonderen M\u00f6glichkeiten sich selbst gesund zu erhalten heraus.<\/p>\n\n\n<figure class=\"wp-block-gallery columns-3 is-cropped wp-block-gallery-1 is-layout-flex wp-block-gallery-is-layout-flex\"><ul class=\"blocks-gallery-grid\"><li class=\"blocks-gallery-item\"><figure><img loading=\"lazy\" decoding=\"async\" width=\"891\" height=\"340\" src=\"https:\/\/wordpress.nibis.de\/rsgebhardshagen\/files\/2020\/09\/light-681196__340.jpg\" alt=\"\" data-id=\"1643\" data-link=\"https:\/\/wordpress.nibis.de\/rsgebhardshagen\/naturwissenschaften\/light-681196__340\/\" class=\"wp-image-1643\" srcset=\"https:\/\/wordpress.nibis.de\/rsgebhardshagen\/files\/2020\/09\/light-681196__340.jpg 891w, https:\/\/wordpress.nibis.de\/rsgebhardshagen\/files\/2020\/09\/light-681196__340-300x114.jpg 300w, https:\/\/wordpress.nibis.de\/rsgebhardshagen\/files\/2020\/09\/light-681196__340-768x293.jpg 768w\" sizes=\"auto, (max-width: 891px) 100vw, 891px\" \/><\/figure><\/li><li class=\"blocks-gallery-item\"><figure><img loading=\"lazy\" decoding=\"async\" width=\"513\" height=\"340\" src=\"https:\/\/wordpress.nibis.de\/rsgebhardshagen\/files\/2020\/09\/test-214185__340.jpg\" alt=\"\" data-id=\"1644\" data-link=\"https:\/\/wordpress.nibis.de\/rsgebhardshagen\/naturwissenschaften\/test-214185__340\/\" class=\"wp-image-1644\" srcset=\"https:\/\/wordpress.nibis.de\/rsgebhardshagen\/files\/2020\/09\/test-214185__340.jpg 513w, https:\/\/wordpress.nibis.de\/rsgebhardshagen\/files\/2020\/09\/test-214185__340-300x199.jpg 300w\" sizes=\"auto, (max-width: 513px) 100vw, 513px\" \/><\/figure><\/li><li class=\"blocks-gallery-item\"><figure><img loading=\"lazy\" decoding=\"async\" width=\"560\" height=\"340\" src=\"https:\/\/wordpress.nibis.de\/rsgebhardshagen\/files\/2020\/09\/painted-peacock-4059457__340.jpg\" alt=\"\" data-id=\"1645\" data-full-url=\"https:\/\/wordpress.nibis.de\/rsgebhardshagen\/files\/2020\/09\/painted-peacock-4059457__340.jpg\" data-link=\"https:\/\/wordpress.nibis.de\/rsgebhardshagen\/naturwissenschaften\/painted-peacock-4059457__340\/\" class=\"wp-image-1645\" srcset=\"https:\/\/wordpress.nibis.de\/rsgebhardshagen\/files\/2020\/09\/painted-peacock-4059457__340.jpg 560w, https:\/\/wordpress.nibis.de\/rsgebhardshagen\/files\/2020\/09\/painted-peacock-4059457__340-300x182.jpg 300w\" sizes=\"auto, (max-width: 560px) 100vw, 560px\" \/><\/figure><\/li><\/ul><\/figure>\n","protected":false},"excerpt":{"rendered":"<p>Der Bereich der Naturwissenschaften gliedert sich in die drei F\u00e4cher Physik, Chemie und Biologie, die sowohl prozess- als auch inhaltsbezogene Kompetenzen f\u00f6rdern. Alle drei F\u00e4cher bieten Grundlagen f\u00fcr die weiterf\u00fchrende Berufsorientierung sowohl im inhaltlichen als auch im praktischen Bereich. Im Physikunterricht werden die Themenbereiche Energie, Magnetismus, Optik, Elektrizit\u00e4t, Mechanik sowie Atom- und Kernphysik behandelt. Dabei [&hellip;]<\/p>\n","protected":false},"author":9193020,"featured_media":761,"parent":0,"menu_order":0,"comment_status":"closed","ping_status":"closed","template":"","meta":{"footnotes":""},"class_list":["post-755","page","type-page","status-publish","has-post-thumbnail","hentry"],"_links":{"self":[{"href":"https:\/\/wordpress.nibis.de\/rsgebhardshagen\/wp-json\/wp\/v2\/pages\/755","targetHints":{"allow":["GET"]}}],"collection":[{"href":"https:\/\/wordpress.nibis.de\/rsgebhardshagen\/wp-json\/wp\/v2\/pages"}],"about":[{"href":"https:\/\/wordpress.nibis.de\/rsgebhardshagen\/wp-json\/wp\/v2\/types\/page"}],"author":[{"embeddable":true,"href":"https:\/\/wordpress.nibis.de\/rsgebhardshagen\/wp-json\/wp\/v2\/users\/9193020"}],"replies":[{"embeddable":true,"href":"https:\/\/wordpress.nibis.de\/rsgebhardshagen\/wp-json\/wp\/v2\/comments?post=755"}],"version-history":[{"count":6,"href":"https:\/\/wordpress.nibis.de\/rsgebhardshagen\/wp-json\/wp\/v2\/pages\/755\/revisions"}],"predecessor-version":[{"id":1651,"href":"https:\/\/wordpress.nibis.de\/rsgebhardshagen\/wp-json\/wp\/v2\/pages\/755\/revisions\/1651"}],"wp:featuredmedia":[{"embeddable":true,"href":"https:\/\/wordpress.nibis.de\/rsgebhardshagen\/wp-json\/wp\/v2\/media\/761"}],"wp:attachment":[{"href":"https:\/\/wordpress.nibis.de\/rsgebhardshagen\/wp-json\/wp\/v2\/media?parent=755"}],"curies":[{"name":"wp","href":"https:\/\/api.w.org\/{rel}","templated":true}]}}