{"id":798,"date":"2019-06-26T09:03:14","date_gmt":"2019-06-26T07:03:14","guid":{"rendered":"https:\/\/wordpress.nibis.de\/rsgebhardshagen\/?page_id=798"},"modified":"2020-09-15T11:53:04","modified_gmt":"2020-09-15T09:53:04","slug":"projekttage-2019-natur-und-umweltschutz","status":"publish","type":"page","link":"https:\/\/wordpress.nibis.de\/rsgebhardshagen\/projekttage-2019-natur-und-umweltschutz\/","title":{"rendered":"Projekttage 2019: Natur- und Umweltschutz"},"content":{"rendered":"\n<p>Wie jedes Jahr haben wir auch in diesem Schuljahr wieder unsere Projekttage. Anders als sonst, finden diese aber dieses Mal nicht im Februar statt, sondern Ende Juni. Das hat den gro\u00dfen Vorteil, dass viele Gruppen drau\u00dfen arbeiten k\u00f6nnen. <br>Es wurden insgesamt <span style=\"color:#ff0777\" class=\"tadv-color\"><strong>15 sehr unterschiedliche Projekte<\/strong><\/span>&nbsp;angeboten. Somit war wirklich f\u00fcr jeden etwas dabei. Hier werden alle Projekte kurz vorgestellt. F\u00fcr n\u00e4here Informationen, spannende Interviews und tolle Fotos bitte einfach auf die Projektbezeichnung klicken.<\/p>\n\n\n\n<p>Die ,,Rasenden Reporter&#8220; mit Frau Franke und Frau Bollmeier<\/p>\n\n\n\n<div class=\"wp-block-image\"><figure class=\"aligncenter\"><img loading=\"lazy\" decoding=\"async\" width=\"400\" height=\"267\" src=\"https:\/\/wordpress.nibis.de\/rsgebhardshagen\/files\/2019\/07\/leaves-3616892__340-e1562271627225.jpg\" alt=\"\" class=\"wp-image-999\" \/><\/figure><\/div>\n\n\n\n<ol>\n<li><strong><span style=\"color: #007777\"><a style=\"color: #007777\" href=\"https:\/\/wordpress.nibis.de\/rsgebhardshagen\/alles-plastik-oder-was\/\">-&gt; \u201eAlles Plastik oder was?\u201c<\/a><\/span><\/strong><\/li>\n<li><strong><span style=\"color: #007777\"><a style=\"color: #007777\" href=\"https:\/\/wordpress.nibis.de\/rsgebhardshagen\/ressourcen-und-energie\/\">-&gt; \u201eRessourcen und Energie\u201c<\/a><\/span><\/strong><\/li>\n<li><span style=\"color: #007777\"><strong>-&gt;<a style=\"color: #007777\" href=\"https:\/\/wordpress.nibis.de\/rsgebhardshagen\/was-koennen-wir-zuhause-und-in-der-schule-tun\/\">\u201eWas k\u00f6nnen wir in der Schule und zuhause tun?\u201c<\/a><\/strong><\/span><\/li>\n<li><a href=\"https:\/\/wordpress.nibis.de\/rsgebhardshagen\/voll-oeko-was-geht\/\"><strong><span style=\"color: #007777\">-&gt; \u201eVoll \u00d6ko &#8211; Was geht?\u201c<\/span><\/strong><\/a><\/li>\n<li><a href=\"https:\/\/wordpress.nibis.de\/rsgebhardshagen\/ernaehrung-und-umweltschutz\/\"><strong><span style=\"color: #007777\">-&gt; \u201eErn\u00e4hrung und Umweltschutz\u201c<\/span><\/strong><\/a><\/li>\n<li><a href=\"https:\/\/wordpress.nibis.de\/rsgebhardshagen\/mission-gruen-wir-helfen-insekten\/\"><span style=\"color: #ff7777\"><strong><span style=\"color: #007777\">-&gt; ,,Mission Gr\u00fcn \u2013Wir helfen Insekten\u201c<\/span><\/strong><\/span><\/a><\/li>\n<li><strong><span style=\"color: #007777\"><a style=\"color: #007777\" href=\"https:\/\/wordpress.nibis.de\/rsgebhardshagen\/lebensraum-baum\/\">-&gt; ,,Lebensraum Baum\u201c<\/a><\/span><\/strong><\/li>\n<li><span style=\"color: #007777\"><strong><a style=\"color: #007777\" href=\"https:\/\/wordpress.nibis.de\/rsgebhardshagen\/kosmetik-ohne-mikroplastik\/\">-&gt; \u201eKosmetik ohne Mikroplastik\u201c<\/a><\/strong><\/span><\/li>\n<li><a href=\"https:\/\/wordpress.nibis.de\/rsgebhardshagen\/upcycling-aus-alt-mach-neu\/\"><strong><span style=\"color: #007777\">-&gt; \u201eUpcycling &#8211; aus alt mach neu\u201c<\/span><\/strong><\/a><\/li>\n<li><strong><span style=\"color: #007777\"><a style=\"color: #007777\" href=\"https:\/\/wordpress.nibis.de\/rsgebhardshagen\/natuerliches-heilsames-wohschmeckendes\/\">-&gt; \u201eNat\u00fcrliches, Heilsames, Wohlschmeckendes\u201c<\/a><\/span><\/strong><\/li>\n<li><a href=\"https:\/\/wordpress.nibis.de\/rsgebhardshagen\/wir-bringen-energie-von-a-nach-b\/\"><strong><span style=\"color: #007777\">-&gt; \u201eWir bringen Energie von A nach B\u201c<\/span><\/strong><\/a><\/li>\n<li><strong><span style=\"color: #007777\"><a style=\"color: #007777\" href=\"https:\/\/wordpress.nibis.de\/rsgebhardshagen\/von-der-artenkenntnis-zum-artenschutz\/\">-&gt; \u201eVon der Artenkenntnis zum Artenschutz\u201c<\/a><\/span><\/strong><\/li>\n<li><strong><span style=\"color: #007777\"><a style=\"color: #007777\" href=\"https:\/\/wordpress.nibis.de\/rsgebhardshagen\/natur-und-umweltschutz\/\">-&gt; \u201eNatur- und Umweltschutz\u201c<\/a><\/span><\/strong><\/li>\n<li><a href=\"https:\/\/wordpress.nibis.de\/rsgebhardshagen\/plastische-kunst-a-la-pablo-picasso\/\"><strong><span style=\"color: #007777\">-&gt; \u201ePlastische Kunst \u00e0 la Pablo Picasso\u201c<\/span> <\/strong><\/a>und<\/li>\n<li>die <strong><span style=\"color: #007777\">\u201eRasenden Reporter\u201c<\/span><\/strong>, die auf der Homepage die Projektwoche vorstellen<\/li>\n<\/ol>\n","protected":false},"excerpt":{"rendered":"<p>Wie jedes Jahr haben wir auch in diesem Schuljahr wieder unsere Projekttage. Anders als sonst, finden diese aber dieses Mal nicht im Februar statt, sondern Ende Juni. Das hat den gro\u00dfen Vorteil, dass viele Gruppen drau\u00dfen arbeiten k\u00f6nnen. Es wurden insgesamt 15 sehr unterschiedliche Projekte&nbsp;angeboten. Somit war wirklich f\u00fcr jeden etwas dabei. Hier werden alle [&hellip;]<\/p>\n","protected":false},"author":9193020,"featured_media":0,"parent":0,"menu_order":0,"comment_status":"closed","ping_status":"closed","template":"","meta":{"footnotes":""},"class_list":["post-798","page","type-page","status-publish","hentry"],"_links":{"self":[{"href":"https:\/\/wordpress.nibis.de\/rsgebhardshagen\/wp-json\/wp\/v2\/pages\/798","targetHints":{"allow":["GET"]}}],"collection":[{"href":"https:\/\/wordpress.nibis.de\/rsgebhardshagen\/wp-json\/wp\/v2\/pages"}],"about":[{"href":"https:\/\/wordpress.nibis.de\/rsgebhardshagen\/wp-json\/wp\/v2\/types\/page"}],"author":[{"embeddable":true,"href":"https:\/\/wordpress.nibis.de\/rsgebhardshagen\/wp-json\/wp\/v2\/users\/9193020"}],"replies":[{"embeddable":true,"href":"https:\/\/wordpress.nibis.de\/rsgebhardshagen\/wp-json\/wp\/v2\/comments?post=798"}],"version-history":[{"count":33,"href":"https:\/\/wordpress.nibis.de\/rsgebhardshagen\/wp-json\/wp\/v2\/pages\/798\/revisions"}],"predecessor-version":[{"id":1603,"href":"https:\/\/wordpress.nibis.de\/rsgebhardshagen\/wp-json\/wp\/v2\/pages\/798\/revisions\/1603"}],"wp:attachment":[{"href":"https:\/\/wordpress.nibis.de\/rsgebhardshagen\/wp-json\/wp\/v2\/media?parent=798"}],"curies":[{"name":"wp","href":"https:\/\/api.w.org\/{rel}","templated":true}]}}