{"id":802,"date":"2019-06-26T10:11:22","date_gmt":"2019-06-26T08:11:22","guid":{"rendered":"https:\/\/wordpress.nibis.de\/rsgebhardshagen\/?page_id=802"},"modified":"2020-09-15T11:30:46","modified_gmt":"2020-09-15T09:30:46","slug":"mission-gruen-wir-helfen-insekten","status":"publish","type":"page","link":"https:\/\/wordpress.nibis.de\/rsgebhardshagen\/mission-gruen-wir-helfen-insekten\/","title":{"rendered":"Mission Gr\u00fcn- Wir helfen Insekten"},"content":{"rendered":"\n<figure class=\"wp-block-gallery aligncenter columns-2 is-cropped wp-block-gallery-1 is-layout-flex wp-block-gallery-is-layout-flex\"><ul class=\"blocks-gallery-grid\"><li class=\"blocks-gallery-item\"><figure><img loading=\"lazy\" decoding=\"async\" width=\"1024\" height=\"497\" src=\"https:\/\/wordpress.nibis.de\/rsgebhardshagen\/files\/2019\/07\/PHOTO-2019-06-27-10-15-48-1024x497.jpg\" alt=\"\" data-id=\"972\" data-link=\"https:\/\/wordpress.nibis.de\/rsgebhardshagen\/photo-2019-06-27-10-15-48\/\" class=\"wp-image-972\" srcset=\"https:\/\/wordpress.nibis.de\/rsgebhardshagen\/files\/2019\/07\/PHOTO-2019-06-27-10-15-48-1024x497.jpg 1024w, https:\/\/wordpress.nibis.de\/rsgebhardshagen\/files\/2019\/07\/PHOTO-2019-06-27-10-15-48-300x146.jpg 300w, https:\/\/wordpress.nibis.de\/rsgebhardshagen\/files\/2019\/07\/PHOTO-2019-06-27-10-15-48-768x373.jpg 768w, https:\/\/wordpress.nibis.de\/rsgebhardshagen\/files\/2019\/07\/PHOTO-2019-06-27-10-15-48.jpg 1600w\" sizes=\"auto, (max-width: 1024px) 100vw, 1024px\" \/><\/figure><\/li><li class=\"blocks-gallery-item\"><figure><img loading=\"lazy\" decoding=\"async\" width=\"676\" height=\"1016\" src=\"https:\/\/wordpress.nibis.de\/rsgebhardshagen\/files\/2019\/07\/PHOTO-2019-06-27-10-15-48-3.png\" alt=\"\" data-id=\"971\" data-link=\"https:\/\/wordpress.nibis.de\/rsgebhardshagen\/photo-2019-06-27-10-15-48-3\/\" class=\"wp-image-971\" srcset=\"https:\/\/wordpress.nibis.de\/rsgebhardshagen\/files\/2019\/07\/PHOTO-2019-06-27-10-15-48-3.png 676w, https:\/\/wordpress.nibis.de\/rsgebhardshagen\/files\/2019\/07\/PHOTO-2019-06-27-10-15-48-3-200x300.png 200w\" sizes=\"auto, (max-width: 676px) 100vw, 676px\" \/><\/figure><\/li><\/ul><\/figure>\n\n\n<p><strong>Reporterteam: Jason, Alyssa, Saskia, Svenja<\/strong><\/p>\n<p style=\"text-align: left\"><strong><span style=\"color: #ff0777\">Interview mit Frau Kiesewetter<\/span><\/strong><\/p>\n<ul style=\"text-align: left\">\n<li>\n<p>Was wollen Sie in dieser Woche erreichen?\u00a0,,Unser Ziel ist es, fertige Insektenhotels f\u00fcr den Schulhof zu bauen, um den heimischen Insekten einen Lebensraum anzubieten.&#8220;<\/p>\n<\/li>\n<li>\n<p>Wie wirken Sie selbst am Umweltschutz mit? ,,Ich trenne meinen M\u00fcll, benutze wieder verwendbare Gegenst\u00e4nde und ich achte darauf, Produkte aus der Region zu kaufen.&#8220;<\/p>\n<\/li>\n<\/ul>\n<p style=\"text-align: left\"><strong><span style=\"color: #ff0777\">Interviews mit den Projektteilnehmern<\/span><\/strong><\/p>\n<p style=\"text-align: left\"><span style=\"color: #ff7400\"><strong>S., 6. Klasse<\/strong><\/span><\/p>\n<ul style=\"text-align: left\">\n<li>\n<p>Findest du das Thema der Woche gut? ,,Ja, ich finde das Thema interessant.&#8220;<\/p>\n<\/li>\n<li>\n<p>Warum hast du dieses Projekt gew\u00e4hlt? ,,Ich habe das Projekt gew\u00e4hlt, da ich bei meinen Freuden sein wollte.&#8220;<\/p>\n<\/li>\n<li>\n<p>Was habt ihr in eurer Gruppe bislang alles gemacht? &#8222;Wir haben bisher Plakate \u00fcber Insekten gestaltet.&#8220;<\/p>\n<\/li>\n<li>\n<p>Welche Bereiche deines Projekts machen dir besonders viel Spa\u00df? ,,Eigentlich habe ich keine besonderen Vorlieben&#8220;.<\/p>\n<\/li>\n<li>\n<p>Was tust Du selbst f\u00fcr den Umweltschutz? ,,Ich werfe meinen M\u00fcll in den M\u00fclleimer.&#8220;<\/p>\n<\/li>\n<\/ul>\n<p style=\"text-align: left\"><span style=\"color: #ff7400\"><strong>J., 6. Klasse<\/strong><\/span><\/p>\n<ul>\n<li>\n<p>Findest du das Thema der Woche gut? ,,Ja, wir m\u00fcssen uns f\u00fcr die Umwelt einsetzen!&#8220;<\/p>\n<\/li>\n<li>\n<p>Warum hast du dieses Projekt gew\u00e4hlt?,,Ich bin mit meinen Freunden mitgegangen.&#8220;<\/p>\n<\/li>\n<li>\n<p>Was habt ihr in eurer Gruppe bislang alles gemacht? ,,Wir haben Plakate gestaltet.&#8220;<\/p>\n<\/li>\n<li>\n<p>Welche Bereiche deines Projekts machen dir besonders viel Spa\u00df? ,,Ich kann mich da im Moment nicht festlegen.&#8220;<\/p>\n<\/li>\n<li>\n<p>Was tust du selbst f\u00fcr den Umweltschutz?,,Ich achte drauf, dass ich alles in den M\u00fcll schmei\u00dfe.&#8220;<\/p>\n<\/li>\n<\/ul>\n<p style=\"text-align: left\"><strong style=\"color: #ff7400;font-size: inherit\">E., 6. Klasse<\/strong><\/p>\n<ul>\n<li>\n<p>Findest du das Thema der Woche gut? ,,Ja, ich finde das sehr interessant.&#8220;<\/p>\n<\/li>\n<li>\n<p>Warum hast du dieses Projekt gew\u00e4hlt? ,,Ich habe mich meinen Freunden angeschlossen.&#8220;<\/p>\n<\/li>\n<li>\n<p>Was habt ihr in eurer Gruppe bislang alles gemacht? ,,Wir haben \u00fcber Videos uns informieren lassen und Plakate gestaltet.&#8220;<\/p>\n<\/li>\n<li>\n<p>Welche Bereiche deines Projekts machen Dir besonders viel Spa\u00df? ,,Das Herstellen der Insektenhotels.&#8220;.<\/p>\n<\/li>\n<li>\n<p>Was tust du selbst f\u00fcr den Umweltschutz? ,,Ich trenne meinen M\u00fcll.&#8220;<\/p>\n<\/li>\n<\/ul>","protected":false},"excerpt":{"rendered":"<p>Reporterteam: Jason, Alyssa, Saskia, Svenja Interview mit Frau Kiesewetter Was wollen Sie in dieser Woche erreichen?\u00a0,,Unser Ziel ist es, fertige Insektenhotels f\u00fcr den Schulhof zu bauen, um den heimischen Insekten einen Lebensraum anzubieten.&#8220; Wie wirken Sie selbst am Umweltschutz mit? ,,Ich trenne meinen M\u00fcll, benutze wieder verwendbare Gegenst\u00e4nde und ich achte darauf, Produkte aus der [&hellip;]<\/p>\n","protected":false},"author":9193020,"featured_media":0,"parent":0,"menu_order":0,"comment_status":"closed","ping_status":"closed","template":"","meta":{"footnotes":""},"class_list":["post-802","page","type-page","status-publish","hentry"],"_links":{"self":[{"href":"https:\/\/wordpress.nibis.de\/rsgebhardshagen\/wp-json\/wp\/v2\/pages\/802","targetHints":{"allow":["GET"]}}],"collection":[{"href":"https:\/\/wordpress.nibis.de\/rsgebhardshagen\/wp-json\/wp\/v2\/pages"}],"about":[{"href":"https:\/\/wordpress.nibis.de\/rsgebhardshagen\/wp-json\/wp\/v2\/types\/page"}],"author":[{"embeddable":true,"href":"https:\/\/wordpress.nibis.de\/rsgebhardshagen\/wp-json\/wp\/v2\/users\/9193020"}],"replies":[{"embeddable":true,"href":"https:\/\/wordpress.nibis.de\/rsgebhardshagen\/wp-json\/wp\/v2\/comments?post=802"}],"version-history":[{"count":18,"href":"https:\/\/wordpress.nibis.de\/rsgebhardshagen\/wp-json\/wp\/v2\/pages\/802\/revisions"}],"predecessor-version":[{"id":1593,"href":"https:\/\/wordpress.nibis.de\/rsgebhardshagen\/wp-json\/wp\/v2\/pages\/802\/revisions\/1593"}],"wp:attachment":[{"href":"https:\/\/wordpress.nibis.de\/rsgebhardshagen\/wp-json\/wp\/v2\/media?parent=802"}],"curies":[{"name":"wp","href":"https:\/\/api.w.org\/{rel}","templated":true}]}}