{"id":816,"date":"2019-06-26T10:47:29","date_gmt":"2019-06-26T08:47:29","guid":{"rendered":"https:\/\/wordpress.nibis.de\/rsgebhardshagen\/?page_id=816"},"modified":"2020-09-15T11:38:20","modified_gmt":"2020-09-15T09:38:20","slug":"wir-bringen-energie-von-a-nach-b","status":"publish","type":"page","link":"https:\/\/wordpress.nibis.de\/rsgebhardshagen\/wir-bringen-energie-von-a-nach-b\/","title":{"rendered":"Wir bringen Energie von A nach B"},"content":{"rendered":"<p><strong>Reporterteam Saskia und Svenja<\/strong><\/p>\n<p><strong><span style=\"color: #ff0777\">Interview mit Herrn Wagner<\/span><\/strong><\/p>\n<ul>\n<li>Was ist das Thema Ihres Projekts? ,,Wir schauen, wie man Energie von A nach B bringt.&#8220;<\/li>\n<li>Was wollen Sie in dieser Woche erreichen?\u00a0,,Wir wollen drei Bereiche untersuchen: \u00a0Erstens wollen wir herausfinden, wie man Energie, zum Beispiel Strom, von einer Quelle nach Hause leitet.\u00a0Zweitens werden wir recherchieren, wie man Energie, beispielsweise in Batterien, speichern kann.\u00a0Und zum Schluss schauen wir, wie wir auch unterwegs Energie nutzen k\u00f6nnen.&#8220;<\/li>\n<li>Wie wirken Sie selbst am Umweltschutz mit? ,,Ich bin Mitglied einer Umweltschutzorganisation. Au\u00dferdem esse ich zu Hause kein Fleisch, sondern nur, wenn ich bei anderen zu Besuch bin. Dies nennt man Flexitarier.&#8220;<\/li>\n<\/ul>\n<p><strong><span style=\"color: #ff0777\">Interviews mit den Projektteilnehmern<\/span><\/strong><\/p>\n<p><span style=\"color: #ff7400\"><strong>M., 5. Klasse<\/strong><\/span><\/p>\n<ul>\n<li>Findest du das Thema der Woche gut? ,,Ja, denn man sollte die Umwelt sch\u00fctzen.&#8220;<\/li>\n<li>Warum hast du dieses Projekt gew\u00e4hlt?,,Ich wurde einfach reingesetzt, weil ich kein Projekt gew\u00e4hlt habe. Ich bin aber zufrieden&#8220;.<\/li>\n<li>Was habt ihr in eurer Gruppe bislang alles gemacht? ,, Wir haben mit CO2 (Kohlenstoffdioxid) und H2O (Wasser) Strom erzeugt.&#8220;<\/li>\n<li>Welche Bereiche deines Projekts machen dir besonders viel Spa\u00df? ,,Mir hat das Eis essen gehen sehr viel Spa\u00df gemacht.&#8220;<\/li>\n<li>Was tust du selbst f\u00fcr den Umweltschutz? ,,Papier und anderen M\u00fcll trenne ich sorgf\u00e4ltig.&#8220;<\/li>\n<\/ul>\n<p><span style=\"color: #ff7400\"><strong>K., 5. Klasse<\/strong><\/span><\/p>\n<ul>\n<li>Findest du das Thema der Woche gut?\u00a0,,Ja, es macht Spa\u00df. Das Gute daran ist, dass man mit Spa\u00df dazu lernt.&#8220;<\/li>\n<li>Warum hast du dieses Projekt gew\u00e4hlt? ,,Es klang sehr spannend.&#8220;<\/li>\n<li>Was habt ihr in eurer Gruppe bislang alles gemacht? ,, Wir haben selbst Strom erzeugt.&#8220;<\/li>\n<li>Welche Bereiche deines Projekts machen dir besonders viel Spa\u00df? ,,Mir hat das Eis essen sehr viel Spa\u00df gemacht.&#8220;<\/li>\n<li>Was tust du selbst f\u00fcr den Umweltschutz? ,,Ich trenne meinen M\u00fcll.&#8220;<\/li>\n<\/ul>\n<p>\u00a0<\/p>\n\n\n<div class=\"wp-block-image\"><figure class=\"aligncenter\"><img loading=\"lazy\" decoding=\"async\" width=\"1024\" height=\"497\" src=\"https:\/\/wordpress.nibis.de\/rsgebhardshagen\/files\/2019\/07\/97cf345f-a8f6-4c68-b1f2-d9beb5515ad2-1024x497.jpg\" alt=\"\" class=\"wp-image-1033\" srcset=\"https:\/\/wordpress.nibis.de\/rsgebhardshagen\/files\/2019\/07\/97cf345f-a8f6-4c68-b1f2-d9beb5515ad2-1024x497.jpg 1024w, https:\/\/wordpress.nibis.de\/rsgebhardshagen\/files\/2019\/07\/97cf345f-a8f6-4c68-b1f2-d9beb5515ad2-300x146.jpg 300w, https:\/\/wordpress.nibis.de\/rsgebhardshagen\/files\/2019\/07\/97cf345f-a8f6-4c68-b1f2-d9beb5515ad2-768x373.jpg 768w, https:\/\/wordpress.nibis.de\/rsgebhardshagen\/files\/2019\/07\/97cf345f-a8f6-4c68-b1f2-d9beb5515ad2.jpg 1600w\" sizes=\"auto, (max-width: 1024px) 100vw, 1024px\" \/><\/figure><\/div>\n","protected":false},"excerpt":{"rendered":"<p>Reporterteam Saskia und Svenja Interview mit Herrn Wagner Was ist das Thema Ihres Projekts? ,,Wir schauen, wie man Energie von A nach B bringt.&#8220; Was wollen Sie in dieser Woche erreichen?\u00a0,,Wir wollen drei Bereiche untersuchen: \u00a0Erstens wollen wir herausfinden, wie man Energie, zum Beispiel Strom, von einer Quelle nach Hause leitet.\u00a0Zweitens werden wir recherchieren, wie [&hellip;]<\/p>\n","protected":false},"author":9193020,"featured_media":0,"parent":0,"menu_order":0,"comment_status":"closed","ping_status":"closed","template":"","meta":{"footnotes":""},"class_list":["post-816","page","type-page","status-publish","hentry"],"_links":{"self":[{"href":"https:\/\/wordpress.nibis.de\/rsgebhardshagen\/wp-json\/wp\/v2\/pages\/816","targetHints":{"allow":["GET"]}}],"collection":[{"href":"https:\/\/wordpress.nibis.de\/rsgebhardshagen\/wp-json\/wp\/v2\/pages"}],"about":[{"href":"https:\/\/wordpress.nibis.de\/rsgebhardshagen\/wp-json\/wp\/v2\/types\/page"}],"author":[{"embeddable":true,"href":"https:\/\/wordpress.nibis.de\/rsgebhardshagen\/wp-json\/wp\/v2\/users\/9193020"}],"replies":[{"embeddable":true,"href":"https:\/\/wordpress.nibis.de\/rsgebhardshagen\/wp-json\/wp\/v2\/comments?post=816"}],"version-history":[{"count":12,"href":"https:\/\/wordpress.nibis.de\/rsgebhardshagen\/wp-json\/wp\/v2\/pages\/816\/revisions"}],"predecessor-version":[{"id":1600,"href":"https:\/\/wordpress.nibis.de\/rsgebhardshagen\/wp-json\/wp\/v2\/pages\/816\/revisions\/1600"}],"wp:attachment":[{"href":"https:\/\/wordpress.nibis.de\/rsgebhardshagen\/wp-json\/wp\/v2\/media?parent=816"}],"curies":[{"name":"wp","href":"https:\/\/api.w.org\/{rel}","templated":true}]}}